{"id":1639,"date":"2024-11-01T19:32:39","date_gmt":"2024-11-01T19:32:39","guid":{"rendered":"https:\/\/alnewa.com\/investieren\/"},"modified":"2025-06-04T16:47:48","modified_gmt":"2025-06-04T16:47:48","slug":"investir","status":"publish","type":"page","link":"https:\/\/streetsgallery.de\/fr\/investir\/","title":{"rendered":"Investir"},"content":{"rendered":"<div>\n<p>\n<\/div>\n<h1>Investissez dans l&rsquo;avenir de votre site<\/h1>\n<div>\n<p>Comme le CO\u2082 est ind\u00e9sirable mais continue d&rsquo;\u00eatre produit en quantit\u00e9 croissante, le prix des certificats continuera d&rsquo;augmenter. Les combustibles fossiles sont \u00e9galement de plus en plus chers. Compte tenu de la situation mondiale tendue, m\u00eame l&rsquo;approvisionnement n&rsquo;est pas garanti. C&rsquo;est pourquoi de nombreuses entreprises envisagent de se tourner vers des pays moins r\u00e9glement\u00e9s.<\/p>\n<p>Nous proposons une alternative en consid\u00e9rant le CO\u2082 comme une mati\u00e8re premi\u00e8re disponible en abondance. En l&rsquo;utilisant, les industries \u00e0 forte consommation de chaleur se voient offrir une opportunit\u00e9 d&rsquo;op\u00e9rer de mani\u00e8re plus durable l\u00e0 o\u00f9 elles produisent aujourd&rsquo;hui.<\/p>\n<p>Nous recherchons des entreprises qui souhaitent rendre leurs processus de production plus efficaces et moins co\u00fbteux gr\u00e2ce \u00e0 la technique d&rsquo;Alnewa. En investissant dans une installation pilote, vous actionnez le levier sur un th\u00e8me central de co\u00fbts. Le retour sur investissement sera rapide.<\/p>\n<\/div>\n<p><img decoding=\"async\" src=\"\/wp-content\/uploads\/2024\/11\/1.1_Fabrik.jpg\" alt=\"\"><\/p>\n<h2>Il y a de bonnes raisons de commencer maintenant :<\/h2>\n<h3>Remplacer les combustibles fossiles<\/h3>\n<div>\n<p>Les combustibles fossiles co\u00fbtent deux fois plus cher : \u00e0 l&rsquo;achat et via les certificats d&rsquo;\u00e9mission que l&rsquo;on doit payer pour le CO\u2082 \u00e9mis.<\/p>\n<p>Le principal avantage de la technique d&rsquo;Alnewa est le recyclage permanent du combustible. En th\u00e9orie, l&rsquo;apport de CO2 n&rsquo;a lieu qu&rsquo;une fois initialement, la chaleur du processus est ensuite produite durablement avec la faible quantit\u00e9 d&rsquo;\u00e9nergie n\u00e9cessaire pour d\u00e9composer le CO2 \u00e0 chaque fois.<\/p>\n<p>La technologie d&rsquo;Alnewa peut vraisemblablement aussi apporter des avantages \u00e9conomiques significatifs dans l&rsquo;incin\u00e9ration des d\u00e9chets ou dans d&rsquo;autres processus \u00e0 forte consommation de chaleur.<\/p>\n<\/div>\n<h3>Remplacer la postcombustion thermique<\/h3>\n<div>\n<p>La technologie plasma est d&rsquo;ores et d\u00e9j\u00e0 en mesure d&rsquo;\u00e9liminer toute une s\u00e9rie de polluants de l&rsquo;air \u00e9vacu\u00e9. Les premi\u00e8res exp\u00e9riences pratiques montrent des \u00e9conomies d&rsquo;\u00e9nergie allant jusqu&rsquo;\u00e0 80% avec une r\u00e9duction des \u00e9missions de CO\u2082 pouvant atteindre 99%.<\/p>\n<\/div>\n<h3>Produire des mati\u00e8res premi\u00e8res pures<\/h3>\n<div>\n<p>Le CO et l&rsquo;O2 pourraient \u00eatre utilis\u00e9s de mani\u00e8re tr\u00e8s vari\u00e9e, par exemple pour la production de smart fuels. En utilisant plus d&rsquo;\u00e9nergie, on pourrait aussi produire du carbone pur.<\/p>\n<\/div>\n<h3>R\u00e9soudre votre probl\u00e8me<\/h3>\n<div>\n<p>Il existe de nombreux processus industriels dans lesquels les composants de CO\u2082 apportent des avantages \u00e9conomiques. Les nouveaux int\u00e9ress\u00e9s et partenaires sont les bienvenus pour nous faire part de leurs exigences ou de leur expertise.<\/p>\n<\/div>\n<h3>Profiter d&rsquo;un gigantesque march\u00e9 d&rsquo;avenir<\/h3>\n<div>\n<p>196 pays se sont engag\u00e9s, dans le cadre de l&rsquo;accord de Paris de 2015, \u00e0 limiter l&rsquo;augmentation de la temp\u00e9rature due au CO2. La plupart des pays sont encore loin de ces objectifs et cherchent des solutions, alors que les catastrophes naturelles deviennent de plus en plus mena\u00e7antes.<\/p>\n<p>Le march\u00e9 cherche d\u00e9sesp\u00e9r\u00e9ment des moyens de r\u00e9duire les \u00e9missions de CO2. De nombreux mod\u00e8les commerciaux en d\u00e9couleront encore.<\/p>\n<\/div>\n<p><img decoding=\"async\" src=\"\/wp-content\/uploads\/2024\/11\/2_Schornstein_web.jpg\" alt=\"\"><br \/>\n<img decoding=\"async\" src=\"\/wp-content\/uploads\/2024\/11\/3_Fabrik-1.png\" alt=\"\"><br \/>\n<img decoding=\"async\" src=\"\/wp-content\/uploads\/2024\/11\/4_Umwelt.png\" alt=\"\"><br \/>\n<img decoding=\"async\" src=\"\/wp-content\/uploads\/2024\/10\/circle-soft.svg\" alt=\"\"><br \/>\n<img decoding=\"async\" src=\"\/wp-content\/uploads\/2024\/10\/circle-soft.svg\" alt=\"\"><br \/>\n<img decoding=\"async\" src=\"\/wp-content\/uploads\/2024\/10\/circle-soft.svg\" alt=\"\"><br \/>\n<img decoding=\"async\" src=\"\/wp-content\/uploads\/2024\/10\/circle-soft.svg\" alt=\"\"><br \/>\n<img decoding=\"async\" src=\"\/wp-content\/uploads\/2024\/10\/circle-soft.svg\" alt=\"\"><\/p>\n<h2>N&rsquo;h\u00e9sitez pas \u00e0 nous contacter.<\/h2>\n<div>\n<p>Notre technologie ouvre de nouvelles voies. Les conditions pos\u00e9es par les utilisateurs sont pour nous une question d\u00e9cisive. Nous sommes tr\u00e8s int\u00e9ress\u00e9s par un \u00e9change avec des utilisateurs potentiels.<\/p>\n<\/div>\n<ul>\n<li>\n        <a href=\"tel:+41448257880\">T\u00e9l\u00e9phone<\/a>\n    <\/li>\n<li>\n        <a href=\"mailto:info@alnewa.com\">E-mail<\/a>\n    <\/li>\n<\/ul>\n<div>\n<\/div>\n<p><!--more--><br \/>\n<!-- {\"type\":\"layout\",\"children\":[{\"type\":\"section\",\"props\":{\"image_position\":\"center-center\",\"padding_remove_top\":true,\"style\":\"default\",\"title_breakpoint\":\"xl\",\"title_position\":\"top-left\",\"title_rotation\":\"left\",\"vertical_align\":\"middle\",\"width\":\"default\",\"width_expand\":\"right\"},\"children\":[{\"type\":\"row\",\"children\":[{\"type\":\"column\",\"props\":{\"image_position\":\"center-center\",\"position_sticky_breakpoint\":\"m\",\"width_medium\":\"1-3\"},\"children\":[{\"type\":\"html\",\"props\":{\"content\":\"<br \/>\"}},{\"type\":\"headline\",\"props\":{\"content\":\"Investissez dans l'avenir de votre site\",\"title_element\":\"h1\"}},{\"type\":\"text\",\"props\":{\"column_breakpoint\":\"m\",\"content\":\"\n\n<p>Comme le CO\\u2082 est ind\\u00e9sirable mais continue d'\\u00eatre produit en quantit\\u00e9 croissante, le prix des certificats continuera d'augmenter. Les combustibles fossiles sont \\u00e9galement de plus en plus chers. Compte tenu de la situation mondiale tendue, m\\u00eame l'approvisionnement n'est pas garanti. C'est pourquoi de nombreuses entreprises envisagent de se tourner vers des pays moins r\\u00e9glement\\u00e9s.<\\\/p>\\n\n\n<p>Nous proposons une alternative en consid\\u00e9rant le CO\\u2082 comme une mati\\u00e8re premi\\u00e8re disponible en abondance. En l'utilisant, les industries \\u00e0 forte consommation de chaleur se voient offrir une opportunit\\u00e9 d'op\\u00e9rer de mani\\u00e8re plus durable l\\u00e0 o\\u00f9 elles produisent aujourd'hui.<\\\/p>\\n\n\n<p>Nous recherchons des entreprises qui souhaitent rendre leurs processus de production plus efficaces et moins co\\u00fbteux gr\\u00e2ce \\u00e0 la technique d'Alnewa. En investissant dans une installation pilote, vous actionnez le levier sur un th\\u00e8me central de co\\u00fbts. Le retour sur investissement sera rapide.<\\\/p>\",\"margin\":\"default\",\"maxwidth\":\"xlarge\"}}]},{\"type\":\"column\",\"props\":{\"image_position\":\"center-center\",\"position_sticky_breakpoint\":\"m\",\"width_medium\":\"2-3\"},\"children\":[{\"type\":\"image\",\"props\":{\"animation\":\"parallax\",\"image\":\"wp-content\\\/uploads\\\/2024\\\/11\\\/1.1_Fabrik.jpg\",\"image_svg_color\":\"emphasis\",\"margin\":\"default\",\"parallax_x\":\"160\",\"position\":\"relative\",\"position_left\":\"80\"}}]}],\"props\":{\"layout\":\"1-3,2-3\"}}],\"name\":\"CO2 - Reduktion\"},{\"type\":\"section\",\"props\":{\"image_position\":\"center-center\",\"style\":\"default\",\"title_breakpoint\":\"xl\",\"title_position\":\"top-left\",\"title_rotation\":\"left\",\"vertical_align\":\"middle\",\"width\":\"default\"},\"children\":[{\"type\":\"row\",\"props\":{\"layout\":\"1-2,1-4,1-4|1-1,1-2,1-2\"},\"children\":[{\"type\":\"column\",\"props\":{\"image_position\":\"center-center\",\"position_sticky_breakpoint\":\"m\",\"width_medium\":\"1-2\",\"width_small\":\"1-1\"},\"children\":[{\"type\":\"headline\",\"props\":{\"content\":\"Il y a de bonnes raisons de commencer maintenant :\",\"title_element\":\"h2\"}},{\"type\":\"headline\",\"props\":{\"content\":\"Remplacer les combustibles fossiles\",\"title_element\":\"h3\"}},{\"type\":\"text\",\"props\":{\"column_breakpoint\":\"m\",\"content\":\"\n\n<p>Les combustibles fossiles co\\u00fbtent deux fois plus cher : \\u00e0 l'achat et via les certificats d'\\u00e9mission que l'on doit payer pour le CO\\u2082 \\u00e9mis.<\\\/p>\\n\n\n<p>Le principal avantage de la technique d'Alnewa est le recyclage permanent du combustible. En th\\u00e9orie, l'apport de CO2 n'a lieu qu'une fois initialement, la chaleur du processus est ensuite produite durablement avec la faible quantit\\u00e9 d'\\u00e9nergie n\\u00e9cessaire pour d\\u00e9composer le CO2 \\u00e0 chaque fois.<\\\/p>\\n\n\n<p>La technologie d'Alnewa peut vraisemblablement aussi apporter des avantages \\u00e9conomiques significatifs dans l'incin\\u00e9ration des d\\u00e9chets ou dans d'autres processus \\u00e0 forte consommation de chaleur.<\\\/p>\",\"margin\":\"default\"}},{\"type\":\"headline\",\"props\":{\"content\":\"Remplacer la postcombustion thermique\",\"margin\":\"large\",\"margin_remove_bottom\":true,\"title_element\":\"h3\"}},{\"type\":\"text\",\"props\":{\"column_breakpoint\":\"m\",\"content\":\"\n\n<p>La technologie plasma est d'ores et d\\u00e9j\\u00e0 en mesure d'\\u00e9liminer toute une s\\u00e9rie de polluants de l'air \\u00e9vacu\\u00e9. Les premi\\u00e8res exp\\u00e9riences pratiques montrent des \\u00e9conomies d'\\u00e9nergie allant jusqu'\\u00e0 80% avec une r\\u00e9duction des \\u00e9missions de CO\\u2082 pouvant atteindre 99%.<\\\/p>\",\"margin\":\"default\"}},{\"type\":\"headline\",\"props\":{\"content\":\"Produire des mati\\u00e8res premi\\u00e8res pures\",\"margin\":\"large\",\"margin_remove_bottom\":true,\"title_element\":\"h3\"}},{\"type\":\"text\",\"props\":{\"column_breakpoint\":\"m\",\"content\":\"\n\n<p>Le CO et l'O2 pourraient \\u00eatre utilis\\u00e9s de mani\\u00e8re tr\\u00e8s vari\\u00e9e, par exemple pour la production de smart fuels. En utilisant plus d'\\u00e9nergie, on pourrait aussi produire du carbone pur.<\\\/p>\",\"margin\":\"default\"}},{\"type\":\"headline\",\"props\":{\"content\":\"R\\u00e9soudre votre probl\\u00e8me\",\"margin\":\"large\",\"margin_remove_bottom\":true,\"title_element\":\"h3\"}},{\"type\":\"text\",\"props\":{\"column_breakpoint\":\"m\",\"content\":\"\n\n<p>Il existe de nombreux processus industriels dans lesquels les composants de CO\\u2082 apportent des avantages \\u00e9conomiques. Les nouveaux int\\u00e9ress\\u00e9s et partenaires sont les bienvenus pour nous faire part de leurs exigences ou de leur expertise.<\\\/p>\",\"margin\":\"default\"}},{\"type\":\"headline\",\"props\":{\"content\":\"Profiter d'un gigantesque march\\u00e9 d'avenir\",\"margin\":\"large\",\"margin_remove_bottom\":true,\"title_element\":\"h3\"}},{\"type\":\"text\",\"props\":{\"column_breakpoint\":\"m\",\"content\":\"\n\n<p>196 pays se sont engag\\u00e9s, dans le cadre de l'accord de Paris de 2015, \\u00e0 limiter l'augmentation de la temp\\u00e9rature due au CO2. La plupart des pays sont encore loin de ces objectifs et cherchent des solutions, alors que les catastrophes naturelles deviennent de plus en plus mena\\u00e7antes.<\\\/p>\\n\n\n<p>Le march\\u00e9 cherche d\\u00e9sesp\\u00e9r\\u00e9ment des moyens de r\\u00e9duire les \\u00e9missions de CO2. De nombreux mod\\u00e8les commerciaux en d\\u00e9couleront encore.<\\\/p>\",\"margin\":\"default\"}}]},{\"type\":\"column\",\"props\":{\"image_position\":\"center-center\",\"position_sticky_breakpoint\":\"m\",\"width_medium\":\"1-4\",\"width_small\":\"1-2\"},\"children\":[{\"type\":\"image\",\"props\":{\"animation\":\"parallax\",\"image\":\"wp-content\\\/uploads\\\/2024\\\/11\\\/2_Schornstein_web.jpg\",\"image_svg_color\":\"emphasis\",\"image_width\":800,\"margin\":\"remove-vertical\",\"parallax_y\":\"-140\",\"position\":\"relative\",\"position_left\":\"70\",\"position_top\":\"230\",\"visibility\":\"s\"}},{\"type\":\"image\",\"props\":{\"animation\":\"parallax\",\"blend\":false,\"image\":\"wp-content\\\/uploads\\\/2024\\\/11\\\/3_Fabrik-1.png\",\"image_svg_color\":\"emphasis\",\"margin\":\"default\",\"parallax_y\":\"130 72%\",\"position\":\"relative\",\"position_left\":\"202\",\"position_top\":\"30\",\"position_z_index\":\"0\",\"visibility\":\"s\"}},{\"type\":\"image\",\"props\":{\"animation\":\"parallax\",\"image\":\"wp-content\\\/uploads\\\/2024\\\/11\\\/4_Umwelt.png\",\"image_svg_color\":\"emphasis\",\"margin\":\"default\",\"parallax_y\":\"260\",\"position\":\"relative\",\"position_left\":\"120\",\"position_top\":\"-90\",\"visibility\":\"s\"}}]},{\"type\":\"column\",\"props\":{\"image_position\":\"center-center\",\"position_sticky_breakpoint\":\"m\",\"width_medium\":\"1-4\",\"width_small\":\"1-2\"},\"children\":[{\"type\":\"image\",\"props\":{\"animation\":\"parallax\",\"image\":\"wp-content\\\/uploads\\\/2024\\\/10\\\/circle-soft.svg\",\"image_svg_color\":\"primary\",\"image_svg_inline\":false,\"image_width\":350,\"margin\":\"default\",\"parallax_y\":\"-290\",\"position_left\":\"-130\",\"text_align\":\"right\",\"visibility\":\"m\"}},{\"type\":\"image\",\"props\":{\"animation\":\"parallax\",\"image\":\"wp-content\\\/uploads\\\/2024\\\/10\\\/circle-soft.svg\",\"image_svg_color\":\"primary\",\"image_svg_inline\":false,\"image_width\":350,\"margin\":\"default\",\"parallax_y\":\"-290\",\"position_left\":\"-130\",\"text_align\":\"right\",\"visibility\":\"m\"}},{\"type\":\"image\",\"props\":{\"animation\":\"parallax\",\"image\":\"wp-content\\\/uploads\\\/2024\\\/10\\\/circle-soft.svg\",\"image_svg_color\":\"primary\",\"image_svg_inline\":false,\"image_width\":350,\"margin\":\"default\",\"parallax_y\":\"-290\",\"position_left\":\"-130\",\"text_align\":\"right\",\"visibility\":\"m\"}},{\"type\":\"image\",\"props\":{\"animation\":\"parallax\",\"image\":\"wp-content\\\/uploads\\\/2024\\\/10\\\/circle-soft.svg\",\"image_svg_color\":\"primary\",\"image_svg_inline\":false,\"image_width\":350,\"margin\":\"default\",\"parallax_y\":\"270\",\"position\":\"relative\",\"position_left\":\"0\",\"position_top\":\"-70\",\"text_align\":\"right\",\"visibility\":\"m\"}},{\"type\":\"image\",\"props\":{\"animation\":\"parallax\",\"image\":\"wp-content\\\/uploads\\\/2024\\\/10\\\/circle-soft.svg\",\"image_svg_color\":\"primary\",\"image_svg_inline\":false,\"image_width\":350,\"margin\":\"default\",\"parallax_y\":\"290\",\"position\":\"relative\",\"position_left\":\"0\",\"position_top\":\"170\",\"position_z_index\":\"0\",\"text_align\":\"right\",\"visibility\":\"m\"}}]}]}],\"name\":\"CO2 - Zertifikate\"},{\"type\":\"section\",\"props\":{\"image_position\":\"center-center\",\"style\":\"default\",\"title_breakpoint\":\"xl\",\"title_position\":\"top-left\",\"title_rotation\":\"left\",\"vertical_align\":\"middle\",\"width\":\"default\"},\"children\":[{\"type\":\"row\",\"props\":{\"layout\":\"1-2,1-2\"},\"children\":[{\"type\":\"column\",\"props\":{\"image_position\":\"center-center\",\"position_sticky_breakpoint\":\"m\",\"width_medium\":\"1-2\"},\"children\":[{\"type\":\"headline\",\"props\":{\"content\":\"N'h\\u00e9sitez pas \\u00e0 nous contacter.\",\"title_element\":\"h2\"}},{\"type\":\"text\",\"props\":{\"column_breakpoint\":\"m\",\"content\":\"\n\n<p>Notre technologie ouvre de nouvelles voies. Les conditions pos\\u00e9es par les utilisateurs sont pour nous une question d\\u00e9cisive. Nous sommes tr\\u00e8s int\\u00e9ress\\u00e9s par un \\u00e9change avec des utilisateurs potentiels.<\\\/p>\",\"margin\":\"default\"}},{\"type\":\"button\",\"props\":{\"grid_column_gap\":\"small\",\"grid_row_gap\":\"small\",\"margin\":\"default\"},\"children\":[{\"type\":\"button_item\",\"props\":{\"button_style\":\"default\",\"content\":\"T\\u00e9l\\u00e9phone\",\"icon_align\":\"left\",\"link\":\"tel:+41448257880\"}},{\"type\":\"button_item\",\"props\":{\"button_style\":\"default\",\"content\":\"E-mail\",\"icon_align\":\"left\",\"link\":\"mailto:info@alnewa.com\"}}]},{\"type\":\"html\",\"props\":{\"content\":\"\n\n\"}}]},{\"type\":\"column\",\"props\":{\"image_position\":\"center-center\",\"position_sticky_breakpoint\":\"m\",\"width_medium\":\"1-2\"}}]}]}],\"version\":\"4.4.10\"} --><\/p>\n","protected":false},"excerpt":{"rendered":"<p>Investissez dans l&rsquo;avenir de votre site Comme le CO\u2082 est ind\u00e9sirable mais continue d&rsquo;\u00eatre produit en quantit\u00e9 croissante, le prix des certificats continuera d&rsquo;augmenter. Les combustibles fossiles sont \u00e9galement de plus en plus chers. Compte tenu de la situation mondiale tendue, m\u00eame l&rsquo;approvisionnement n&rsquo;est pas garanti. C&rsquo;est pourquoi de nombreuses entreprises envisagent de se tourner [&hellip;]<\/p>\n","protected":false},"author":2,"featured_media":0,"parent":0,"menu_order":0,"comment_status":"closed","ping_status":"closed","template":"","meta":{"_acf_changed":false,"footnotes":""},"class_list":["post-1639","page","type-page","status-publish","hentry"],"acf":[],"_links":{"self":[{"href":"https:\/\/streetsgallery.de\/fr\/wp-json\/wp\/v2\/pages\/1639","targetHints":{"allow":["GET"]}}],"collection":[{"href":"https:\/\/streetsgallery.de\/fr\/wp-json\/wp\/v2\/pages"}],"about":[{"href":"https:\/\/streetsgallery.de\/fr\/wp-json\/wp\/v2\/types\/page"}],"author":[{"embeddable":true,"href":"https:\/\/streetsgallery.de\/fr\/wp-json\/wp\/v2\/users\/2"}],"replies":[{"embeddable":true,"href":"https:\/\/streetsgallery.de\/fr\/wp-json\/wp\/v2\/comments?post=1639"}],"version-history":[{"count":5,"href":"https:\/\/streetsgallery.de\/fr\/wp-json\/wp\/v2\/pages\/1639\/revisions"}],"predecessor-version":[{"id":1675,"href":"https:\/\/streetsgallery.de\/fr\/wp-json\/wp\/v2\/pages\/1639\/revisions\/1675"}],"wp:attachment":[{"href":"https:\/\/streetsgallery.de\/fr\/wp-json\/wp\/v2\/media?parent=1639"}],"curies":[{"name":"wp","href":"https:\/\/api.w.org\/{rel}","templated":true}]}}