{"id":1531,"date":"2024-10-22T12:54:16","date_gmt":"2024-10-22T12:54:16","guid":{"rendered":"http:\/\/streetsgallery.de\/ueber_alnewa\/"},"modified":"2025-06-04T16:49:24","modified_gmt":"2025-06-04T16:49:24","slug":"a-propos-dalnewa","status":"publish","type":"page","link":"https:\/\/streetsgallery.de\/fr\/a-propos-dalnewa\/","title":{"rendered":"\u00c0 propos d&rsquo;Alnewa"},"content":{"rendered":"<h1>\u00c0 propos d&rsquo;Alnewa<\/h1>\n<h2>Les fondateurs et leurs comp\u00e9tences<\/h2>\n<div>\n<p>Alnewa was founded as a joint venture by the two companies <a href=\"https:\/\/elex.ch\/en\/\" data-wplink-edit=\"true\">Elex<\/a> and <a href=\"https:\/\/oxytec.com\/en\/\">oxytec<\/a>. This means that two areas of expertise complement each other:<\/p>\n<p>oxytec is the leading European specialist for air purification systems based on UV and plasma processes. In industrial applications, the energy-intensive thermal post-combustion with fossil gas can be avoided with these so-called \u201cadvanced electrified exhaust air solutions\u201d. The savings in energy and CO\u2082 are enormous: 9 kW of fossil energy are replaced by 1 kW of regenerative electrical energy. CO\u2082 emissions are reduced by up to 98%.<\/p>\n<p>oxytec has many years of experience with the transformation to fossil-free solutions across numerous industries and processes \u2013 such as applications from food production, coating and battery recycling. The company has a long-term partnership with the Swiss university OST and is working with Professor Dr. Andre Heel to further develop plasma technology.<\/p>\n<p>Following inquiries from the cement industry, oxytec decided to work together with Elex AG. The specialist for cleaning waste gas from the cement industry knows the specific requirements of this sector particularly well.<\/p>\n<p>Elex is a specialist in waste gas purification, while oxytec specialises in exhaust air purification. Elex is very good at removing suspended particles from industrial waste gases and can also remove gaseous components in some cases. oxytec is able to remove even the finest contaminants such as germs, odours or household toxins from the air.<\/p>\n<\/div>\n<h2>Son id\u00e9e<\/h2>\n<div>\n<p>La technique du plasma est si efficace parce qu&rsquo;elle concentre extr\u00eamement l&rsquo;\u00e9nergie utilis\u00e9e. Elle fonctionne ainsi avec une fraction de l&rsquo;\u00e9nergie utilis\u00e9e par les m\u00e9thodes traditionnelles de purification de l&rsquo;air comme la postcombustion thermique.<\/p>\n<p>Il \u00e9tait donc logique de l&rsquo;appliquer \u00e0 un probl\u00e8me cl\u00e9 de l&rsquo;humanit\u00e9 et de l&rsquo;utiliser pour d\u00e9composer le CO\u2082. Des essais dans notre installation d&rsquo;essai ont montr\u00e9 que cela fonctionne.<\/p>\n<p>C&rsquo;est pourquoi Alnewa veut recycler les mati\u00e8res premi\u00e8res contenues dans le dioxyde de carbone et les rendre utilisables dans des processus industriels.<\/p>\n<p>Un avantage particulier de cette technologie est la puret\u00e9 des produits de r\u00e9action g\u00e9n\u00e9r\u00e9s, qui peuvent \u00eatre utilis\u00e9s dans diff\u00e9rentes industries. L&rsquo;objectif de r\u00e9duction du CO\u2082 peut ainsi \u00eatre atteint plus rapidement et un refinancement au moins partiel des installations peut \u00eatre obtenu.<\/p>\n<\/div>\n<h2>Fort d\u00e8s le d\u00e9but<\/h2>\n<div>\n<p>Alnewa est une jeune entreprise avec une grande id\u00e9e. Les entreprises qui se trouvent derri\u00e8re apportent leurs comp\u00e9tences, leurs relations clients de longue date et leurs ressources. Cela permet de s&rsquo;assurer que l&rsquo;id\u00e9e ne reste pas lettre morte.<\/p>\n<p>C&rsquo;est justement l&rsquo;exp\u00e9rience acquise dans la production de ciment qui a pouss\u00e9 les fondateurs \u00e0 planifier l&rsquo;installation pilote dans ce secteur industriel. En effet, cette activit\u00e9 g\u00e9n\u00e8re une quantit\u00e9 particuli\u00e8rement importante de CO\u2082 &#8211; non seulement \u00e0 partir des gaz de combustion, mais aussi \u00e0 partir des mati\u00e8res \u00e0 cuire.<\/p>\n<\/div>\n<ul>\n<li>\n        <a href=\"https:\/\/www.elex.ch\/en\/\">Elex<\/a>\n    <\/li>\n<li>\n        <a href=\"https:\/\/oxytec.com\/de\/\">oxytec<\/a>\n    <\/li>\n<\/ul>\n<div>\n<p>\n<\/div>\n<p><!--more--><br \/>\n<!-- {\"type\":\"layout\",\"children\":[{\"type\":\"section\",\"props\":{\"image_position\":\"center-center\",\"style\":\"default\",\"title_breakpoint\":\"xl\",\"title_position\":\"top-left\",\"title_rotation\":\"left\",\"vertical_align\":\"middle\",\"width\":\"default\"},\"children\":[{\"type\":\"row\",\"props\":{\"layout\":\"1-3,2-3\"},\"children\":[{\"type\":\"column\",\"props\":{\"image_position\":\"center-center\",\"position_sticky_breakpoint\":\"m\",\"width_medium\":\"1-3\"},\"children\":[{\"type\":\"headline\",\"props\":{\"content\":\"\\u00c0 propos d'Alnewa\",\"title_element\":\"h1\"}}]},{\"type\":\"column\",\"props\":{\"image_position\":\"center-center\",\"position_sticky_breakpoint\":\"m\",\"width_medium\":\"2-3\"}}]}]},{\"type\":\"section\",\"props\":{\"image_position\":\"center-center\",\"style\":\"default\",\"title_breakpoint\":\"xl\",\"title_position\":\"top-left\",\"title_rotation\":\"left\",\"vertical_align\":\"middle\",\"width\":\"default\"},\"children\":[{\"type\":\"row\",\"props\":{\"layout\":\"1-2,1-2\"},\"children\":[{\"type\":\"column\",\"props\":{\"image_position\":\"center-center\",\"position_sticky_breakpoint\":\"m\",\"width_medium\":\"1-2\"},\"children\":[{\"type\":\"headline\",\"props\":{\"content\":\"Les fondateurs et leurs comp\\u00e9tences\",\"title_element\":\"h2\"}},{\"type\":\"text\",\"props\":{\"column_breakpoint\":\"m\",\"content\":\"\n\n<p>Alnewa was founded as a joint venture by the two companies <a href=\\\"https:\\\/\\\/elex.ch\\\/en\\\/\\\" data-wplink-edit=\\\"true\\\">Elex<\\\/a> and <a href=\\\"https:\\\/\\\/oxytec.com\\\/en\\\/\\\">oxytec<\\\/a>. This means that two areas of expertise complement each other:<\\\/p>\\n\n\n<p>oxytec is the leading European specialist for air purification systems based on UV and plasma processes. In industrial applications, the energy-intensive thermal post-combustion with fossil gas can be avoided with these so-called \\u201cadvanced electrified exhaust air solutions\\u201d. The savings in energy and CO\\u2082 are enormous: 9 kW of fossil energy are replaced by 1 kW of regenerative electrical energy. CO\\u2082 emissions are reduced by up to 98%.<\\\/p>\\n\n\n<p>oxytec has many years of experience with the transformation to fossil-free solutions across numerous industries and processes \\u2013 such as applications from food production, coating and battery recycling. The company has a long-term partnership with the Swiss university OST and is working with Professor Dr. Andre Heel to further develop plasma technology.<\\\/p>\\n\n\n<p>Following inquiries from the cement industry, oxytec decided to work together with Elex AG. The specialist for cleaning waste gas from the cement industry knows the specific requirements of this sector particularly well.<\\\/p>\\n\n\n<p>Elex is a specialist in waste gas purification, while oxytec specialises in exhaust air purification. Elex is very good at removing suspended particles from industrial waste gases and can also remove gaseous components in some cases. oxytec is able to remove even the finest contaminants such as germs, odours or household toxins from the air.<\\\/p>\",\"margin\":\"default\"}}]},{\"type\":\"column\",\"props\":{\"image_position\":\"center-center\",\"position_sticky_breakpoint\":\"m\",\"width_medium\":\"1-2\"}}]},{\"type\":\"row\",\"props\":{\"layout\":\"1-2,1-2\",\"margin\":\"large\"},\"children\":[{\"type\":\"column\",\"props\":{\"image_position\":\"center-center\",\"position_sticky_breakpoint\":\"m\",\"width_medium\":\"1-2\"},\"children\":[{\"type\":\"headline\",\"props\":{\"content\":\"Son id\\u00e9e\",\"title_element\":\"h2\"}},{\"type\":\"text\",\"props\":{\"column_breakpoint\":\"m\",\"content\":\"\n\n<p>La technique du plasma est si efficace parce qu'elle concentre extr\\u00eamement l'\\u00e9nergie utilis\\u00e9e. Elle fonctionne ainsi avec une fraction de l'\\u00e9nergie utilis\\u00e9e par les m\\u00e9thodes traditionnelles de purification de l'air comme la postcombustion thermique.<\\\/p>\\n\n\n<p>Il \\u00e9tait donc logique de l'appliquer \\u00e0 un probl\\u00e8me cl\\u00e9 de l'humanit\\u00e9 et de l'utiliser pour d\\u00e9composer le CO\\u2082. Des essais dans notre installation d'essai ont montr\\u00e9 que cela fonctionne.<\\\/p>\\n\n\n<p>C'est pourquoi Alnewa veut recycler les mati\\u00e8res premi\\u00e8res contenues dans le dioxyde de carbone et les rendre utilisables dans des processus industriels.<\\\/p>\\n\n\n<p>Un avantage particulier de cette technologie est la puret\\u00e9 des produits de r\\u00e9action g\\u00e9n\\u00e9r\\u00e9s, qui peuvent \\u00eatre utilis\\u00e9s dans diff\\u00e9rentes industries. L'objectif de r\\u00e9duction du CO\\u2082 peut ainsi \\u00eatre atteint plus rapidement et un refinancement au moins partiel des installations peut \\u00eatre obtenu.<\\\/p>\",\"margin\":\"default\"}}]},{\"type\":\"column\",\"props\":{\"image_position\":\"center-center\",\"position_sticky_breakpoint\":\"m\",\"width_medium\":\"1-2\"}}]},{\"type\":\"row\",\"props\":{\"layout\":\"1-2,1-2\",\"margin\":\"large\"},\"children\":[{\"type\":\"column\",\"props\":{\"image_position\":\"center-center\",\"position_sticky_breakpoint\":\"m\",\"width_medium\":\"1-2\"},\"children\":[{\"type\":\"headline\",\"props\":{\"content\":\"Fort d\\u00e8s le d\\u00e9but\",\"title_element\":\"h2\"}},{\"type\":\"text\",\"props\":{\"column_breakpoint\":\"m\",\"content\":\"\n\n<p>Alnewa est une jeune entreprise avec une grande id\\u00e9e. Les entreprises qui se trouvent derri\\u00e8re apportent leurs comp\\u00e9tences, leurs relations clients de longue date et leurs ressources. Cela permet de s'assurer que l'id\\u00e9e ne reste pas lettre morte.<\\\/p>\\n\n\n<p>C'est justement l'exp\\u00e9rience acquise dans la production de ciment qui a pouss\\u00e9 les fondateurs \\u00e0 planifier l'installation pilote dans ce secteur industriel. En effet, cette activit\\u00e9 g\\u00e9n\\u00e8re une quantit\\u00e9 particuli\\u00e8rement importante de CO\\u2082 - non seulement \\u00e0 partir des gaz de combustion, mais aussi \\u00e0 partir des mati\\u00e8res \\u00e0 cuire.<\\\/p>\",\"margin\":\"default\"}},{\"type\":\"button\",\"props\":{\"grid_column_gap\":\"small\",\"grid_row_gap\":\"small\",\"margin\":\"large\"},\"children\":[{\"type\":\"button_item\",\"props\":{\"button_style\":\"default\",\"content\":\"Elex\",\"icon_align\":\"left\",\"link\":\"https:\\\/\\\/www.elex.ch\\\/en\\\/\",\"link_title\":\"Elex\"}},{\"type\":\"button_item\",\"props\":{\"button_style\":\"default\",\"content\":\"oxytec\",\"icon_align\":\"left\",\"link\":\"https:\\\/\\\/oxytec.com\\\/de\\\/\",\"link_title\":\"oxytec\"}}]},{\"type\":\"html\",\"props\":{\"content\":\"\n\n<br \/>\"}}]},{\"type\":\"column\",\"props\":{\"image_position\":\"center-center\",\"position_sticky_breakpoint\":\"m\",\"width_medium\":\"1-2\"}}]}]}],\"version\":\"4.4.10\"} --><\/p>\n","protected":false},"excerpt":{"rendered":"<p>\u00c0 propos d&rsquo;Alnewa Les fondateurs et leurs comp\u00e9tences Alnewa was founded as a joint venture by the two companies Elex and oxytec. This means that two areas of expertise complement each other: oxytec is the leading European specialist for air purification systems based on UV and plasma processes. In industrial applications, the energy-intensive thermal post-combustion [&hellip;]<\/p>\n","protected":false},"author":1,"featured_media":0,"parent":0,"menu_order":0,"comment_status":"closed","ping_status":"closed","template":"","meta":{"_acf_changed":false,"footnotes":""},"class_list":["post-1531","page","type-page","status-publish","hentry"],"acf":[],"_links":{"self":[{"href":"https:\/\/streetsgallery.de\/fr\/wp-json\/wp\/v2\/pages\/1531","targetHints":{"allow":["GET"]}}],"collection":[{"href":"https:\/\/streetsgallery.de\/fr\/wp-json\/wp\/v2\/pages"}],"about":[{"href":"https:\/\/streetsgallery.de\/fr\/wp-json\/wp\/v2\/types\/page"}],"author":[{"embeddable":true,"href":"https:\/\/streetsgallery.de\/fr\/wp-json\/wp\/v2\/users\/1"}],"replies":[{"embeddable":true,"href":"https:\/\/streetsgallery.de\/fr\/wp-json\/wp\/v2\/comments?post=1531"}],"version-history":[{"count":7,"href":"https:\/\/streetsgallery.de\/fr\/wp-json\/wp\/v2\/pages\/1531\/revisions"}],"predecessor-version":[{"id":1955,"href":"https:\/\/streetsgallery.de\/fr\/wp-json\/wp\/v2\/pages\/1531\/revisions\/1955"}],"wp:attachment":[{"href":"https:\/\/streetsgallery.de\/fr\/wp-json\/wp\/v2\/media?parent=1531"}],"curies":[{"name":"wp","href":"https:\/\/api.w.org\/{rel}","templated":true}]}}