{"id":1527,"date":"2024-10-22T12:53:57","date_gmt":"2024-10-22T12:53:57","guid":{"rendered":"http:\/\/streetsgallery.de\/co%e2%82%82-reduktion_jetzt\/"},"modified":"2024-11-05T14:46:05","modified_gmt":"2024-11-05T14:46:05","slug":"pertinence","status":"publish","type":"page","link":"https:\/\/streetsgallery.de\/fr\/pertinence\/","title":{"rendered":"Pertinence"},"content":{"rendered":"<div>\n<p>\n<\/div>\n<h1>R\u00e9duction du CO\u2082 au plus tard maintenant<\/h1>\n<div>\n<p>L&rsquo;industrie du ciment et d&rsquo;autres secteurs \u00e0 forte consommation de chaleur, comme l&rsquo;asphalte et le traitement des m\u00e9taux, sont soumis \u00e0 une pression croissante pour r\u00e9duire leurs \u00e9missions de CO\u2082.<\/p>\n<p>La raison en est la politique climatique de plus en plus stricte : les entreprises sont oblig\u00e9es d&rsquo;acheter des certificats CO\u2082 pour leurs \u00e9missions &#8211; un facteur de co\u00fbt qui augmente continuellement et qui oblige les entreprises \u00e0 repenser leurs processus.<\/p>\n<p>Mais ce changement offre \u00e9galement des opportunit\u00e9s : en r\u00e9duisant les \u00e9missions de CO\u2082, vous pouvez \u00e9conomiser des co\u00fbts, vous positionner pour l&rsquo;avenir et apporter une contribution importante \u00e0 la durabilit\u00e9.<\/p>\n<\/div>\n<p><img decoding=\"async\" src=\"\/wp-content\/uploads\/2024\/11\/1_Fabrik.jpg\" alt=\"\"><\/p>\n<h2>Les certificats CO\u2082 p\u00e8sent sur l&rsquo;industrie. De plus en plus.<\/h2>\n<div>\n<p>Les certificats CO\u2082 servent d&rsquo;instrument pour fixer le prix des \u00e9missions de carbone. L&rsquo;objectif est clair : les entreprises doivent r\u00e9duire autant que possible leurs \u00e9missions de CO\u2082.<\/p>\n<p>Le prix de ces certificats augmente de mani\u00e8re constante et sensible. Dans les secteurs \u00e0 forte consommation de chaleur notamment, o\u00f9 d&rsquo;\u00e9normes quantit\u00e9s d&rsquo;\u00e9nergie sont n\u00e9cessaires, ces co\u00fbts p\u00e8sent lourdement dans la balance.<\/p>\n<p>Cette charge financi\u00e8re se r\u00e9percute sur l&rsquo;ensemble de la production et peut menacer la comp\u00e9titivit\u00e9, surtout en comparaison internationale.<\/p>\n<p>L&rsquo;augmentation des prix des certificats risque de faire perdre des parts de march\u00e9 aux entreprises qui produisent d\u00e9j\u00e0 de mani\u00e8re plus respectueuse du climat ou qui ne sont pas li\u00e9es par des lois sur le climat.<\/p>\n<\/div>\n<h2>Il est temps de changer.<\/h2>\n<div>\n<p>Les processus thermiques sont presque toujours aliment\u00e9s par des combustibles fossiles, avec des \u00e9missions de CO\u2082 \u00e9lev\u00e9es en cons\u00e9quence. Pour d\u00e9carboniser, l&rsquo;industrie doit remplacer au mieux ces combustibles fossiles afin d&rsquo;\u00e9viter toute \u00e9mission de CO\u2082.<br \/>On parle de l&rsquo;hydrog\u00e8ne, mais on ne sait pas comment les quantit\u00e9s n\u00e9cessaires pourront un jour \u00eatre produites.<br \/>Les technologies innovantes visent d&rsquo;abord \u00e0 capter le CO\u2082 et \u00e0 l&rsquo;\u00e9liminer. Les deux n\u00e9cessitent des moyens colossaux.<br \/>La technologie plasma d&rsquo;Alnewa offre de nouvelles possibilit\u00e9s, car elle recycle le CO\u2082 et le transforme en combustible. Les combustibles fossiles habituellement n\u00e9cessaires sont ainsi largement remplac\u00e9s.<\/p>\n<p>L&rsquo;\u00e9conomie de CO\u2082 est d\u00e9sormais incontournable :<br \/>Moins de CO\u2082 signifie moins de certificats et donc moins de co\u00fbts.<br \/>Les entreprises qui encouragent les processus durables am\u00e9liorent leur r\u00e9putation aupr\u00e8s de leurs clients et partenaires.<br \/>Le passage \u00e0 des processus \u00e0 faible teneur en CO\u2082 garantit la position sur le march\u00e9 \u00e0 long terme, car les exigences en mati\u00e8re de production respectueuse du climat vont continuer \u00e0 augmenter.<br \/>La r\u00e9duction du CO\u2082 est peut-\u00eatre le seul moyen de maintenir une production en Europe.<\/p>\n<\/div>\n<h2>Prenez de l&rsquo;avance.<\/h2>\n<div>\n<p>Pour les entreprises de l&rsquo;industrie du ciment et d&rsquo;autres secteurs \u00e0 forte consommation de chaleur, il est essentiel pour leur survie de r\u00e9duire de mani\u00e8re significative leurs \u00e9missions de CO\u2082. C&rsquo;est le moment de passer \u00e0 l&rsquo;action et d&rsquo;investir dans des technologies innovantes avant que le co\u00fbt des certificats n&rsquo;augmente encore plus et que la concurrence n&rsquo;ait une longueur d&rsquo;avance sur vous.<\/p>\n<p>Suivez cette voie avec nous.<\/p>\n<\/div>\n<ul>\n<li>\n        <a href=\"tel:+41448257880\">T\u00e9l\u00e9phone<\/a>\n    <\/li>\n<li>\n        <a href=\"mailto:info@alnewa.com\">E-mail<\/a>\n    <\/li>\n<\/ul>\n<div>\n<p>\n<\/div>\n<p><img decoding=\"async\" src=\"\/wp-content\/uploads\/2024\/11\/2_Schonsteine-scaled.jpg\" alt=\"\"><br \/>\n<img decoding=\"async\" src=\"\/wp-content\/uploads\/2024\/11\/3_Fabrik.png\" alt=\"\"><br \/>\n<img decoding=\"async\" src=\"\/wp-content\/uploads\/2024\/11\/4_Fabrik.png\" alt=\"\"><br \/>\n<img decoding=\"async\" src=\"\/wp-content\/uploads\/2024\/10\/circle-soft.svg\" alt=\"\"><br \/>\n<img decoding=\"async\" src=\"\/wp-content\/uploads\/2024\/10\/circle-soft.svg\" alt=\"\"><br \/>\n<img decoding=\"async\" src=\"\/wp-content\/uploads\/2024\/10\/circle-soft.svg\" alt=\"\"><br \/>\n<img decoding=\"async\" src=\"\/wp-content\/uploads\/2024\/10\/circle-soft.svg\" alt=\"\"><br \/>\n<img decoding=\"async\" src=\"\/wp-content\/uploads\/2024\/10\/circle-soft.svg\" alt=\"\"><\/p>\n<p><!--more--><br \/>\n<!-- {\"type\":\"layout\",\"children\":[{\"type\":\"section\",\"props\":{\"image_position\":\"center-center\",\"padding_remove_top\":true,\"style\":\"default\",\"title_breakpoint\":\"xl\",\"title_position\":\"top-left\",\"title_rotation\":\"left\",\"vertical_align\":\"middle\",\"width\":\"default\",\"width_expand\":\"right\"},\"children\":[{\"type\":\"row\",\"children\":[{\"type\":\"column\",\"props\":{\"image_position\":\"center-center\",\"position_sticky_breakpoint\":\"m\",\"width_medium\":\"1-3\"},\"children\":[{\"type\":\"html\",\"props\":{\"content\":\"<br \/>\"}},{\"type\":\"headline\",\"props\":{\"content\":\"R\\u00e9duction du CO\\u2082 au plus tard maintenant\",\"title_element\":\"h1\"}},{\"type\":\"text\",\"props\":{\"column_breakpoint\":\"m\",\"content\":\"\n\n<p>L'industrie du ciment et d'autres secteurs \\u00e0 forte consommation de chaleur, comme l'asphalte et le traitement des m\\u00e9taux, sont soumis \\u00e0 une pression croissante pour r\\u00e9duire leurs \\u00e9missions de CO\\u2082.<\\\/p>\\n\n\n<p>La raison en est la politique climatique de plus en plus stricte : les entreprises sont oblig\\u00e9es d'acheter des certificats CO\\u2082 pour leurs \\u00e9missions - un facteur de co\\u00fbt qui augmente continuellement et qui oblige les entreprises \\u00e0 repenser leurs processus.<\\\/p>\\n\n\n<p>Mais ce changement offre \\u00e9galement des opportunit\\u00e9s : en r\\u00e9duisant les \\u00e9missions de CO\\u2082, vous pouvez \\u00e9conomiser des co\\u00fbts, vous positionner pour l'avenir et apporter une contribution importante \\u00e0 la durabilit\\u00e9.<\\\/p>\",\"margin\":\"default\",\"maxwidth\":\"xlarge\"}}]},{\"type\":\"column\",\"props\":{\"image_position\":\"center-center\",\"position_sticky_breakpoint\":\"m\",\"width_medium\":\"2-3\"},\"children\":[{\"type\":\"image\",\"props\":{\"animation\":\"parallax\",\"image\":\"wp-content\\\/uploads\\\/2024\\\/11\\\/1_Fabrik.jpg\",\"image_svg_color\":\"emphasis\",\"margin\":\"default\",\"parallax_x\":\"160\",\"position\":\"relative\",\"position_left\":\"80\"}}]}],\"props\":{\"layout\":\"1-3,2-3\"}}],\"name\":\"CO2 - Reduktion\"},{\"type\":\"section\",\"props\":{\"image_position\":\"center-center\",\"style\":\"default\",\"title_breakpoint\":\"xl\",\"title_position\":\"top-left\",\"title_rotation\":\"left\",\"vertical_align\":\"middle\",\"width\":\"default\"},\"children\":[{\"type\":\"row\",\"props\":{\"layout\":\"1-2,1-4,1-4|1-1,1-2,1-2\"},\"children\":[{\"type\":\"column\",\"props\":{\"image_position\":\"center-center\",\"position_sticky_breakpoint\":\"m\",\"width_medium\":\"1-2\",\"width_small\":\"1-1\"},\"children\":[{\"type\":\"headline\",\"props\":{\"content\":\"Les certificats CO\\u2082 p\\u00e8sent sur l'industrie. De plus en plus.\",\"title_element\":\"h2\"}},{\"type\":\"text\",\"props\":{\"column_breakpoint\":\"m\",\"content\":\"\n\n<p>Les certificats CO\\u2082 servent d'instrument pour fixer le prix des \\u00e9missions de carbone. L'objectif est clair : les entreprises doivent r\\u00e9duire autant que possible leurs \\u00e9missions de CO\\u2082.<\\\/p>\\n\n\n<p>Le prix de ces certificats augmente de mani\\u00e8re constante et sensible. Dans les secteurs \\u00e0 forte consommation de chaleur notamment, o\\u00f9 d'\\u00e9normes quantit\\u00e9s d'\\u00e9nergie sont n\\u00e9cessaires, ces co\\u00fbts p\\u00e8sent lourdement dans la balance.<\\\/p>\\n\n\n<p>Cette charge financi\\u00e8re se r\\u00e9percute sur l'ensemble de la production et peut menacer la comp\\u00e9titivit\\u00e9, surtout en comparaison internationale.<\\\/p>\\n\n\n<p>L'augmentation des prix des certificats risque de faire perdre des parts de march\\u00e9 aux entreprises qui produisent d\\u00e9j\\u00e0 de mani\\u00e8re plus respectueuse du climat ou qui ne sont pas li\\u00e9es par des lois sur le climat.<\\\/p>\",\"margin\":\"default\"}},{\"type\":\"headline\",\"props\":{\"content\":\"Il est temps de changer.\",\"margin\":\"large\",\"margin_remove_bottom\":true,\"title_element\":\"h2\"}},{\"type\":\"text\",\"props\":{\"column_breakpoint\":\"m\",\"content\":\"\n\n<p>Les processus thermiques sont presque toujours aliment\\u00e9s par des combustibles fossiles, avec des \\u00e9missions de CO\\u2082 \\u00e9lev\\u00e9es en cons\\u00e9quence. Pour d\\u00e9carboniser, l'industrie doit remplacer au mieux ces combustibles fossiles afin d'\\u00e9viter toute \\u00e9mission de CO\\u2082.<br \\\/>On parle de l'hydrog\\u00e8ne, mais on ne sait pas comment les quantit\\u00e9s n\\u00e9cessaires pourront un jour \\u00eatre produites.<br \\\/>Les technologies innovantes visent d'abord \\u00e0 capter le CO\\u2082 et \\u00e0 l'\\u00e9liminer. Les deux n\\u00e9cessitent des moyens colossaux.<br \\\/>La technologie plasma d'Alnewa offre de nouvelles possibilit\\u00e9s, car elle recycle le CO\\u2082 et le transforme en combustible. Les combustibles fossiles habituellement n\\u00e9cessaires sont ainsi largement remplac\\u00e9s.<\\\/p>\\n\n\n<p>L'\\u00e9conomie de CO\\u2082 est d\\u00e9sormais incontournable :<br \\\/>Moins de CO\\u2082 signifie moins de certificats et donc moins de co\\u00fbts.<br \\\/>Les entreprises qui encouragent les processus durables am\\u00e9liorent leur r\\u00e9putation aupr\\u00e8s de leurs clients et partenaires.<br \\\/>Le passage \\u00e0 des processus \\u00e0 faible teneur en CO\\u2082 garantit la position sur le march\\u00e9 \\u00e0 long terme, car les exigences en mati\\u00e8re de production respectueuse du climat vont continuer \\u00e0 augmenter.<br \\\/>La r\\u00e9duction du CO\\u2082 est peut-\\u00eatre le seul moyen de maintenir une production en Europe.<\\\/p>\",\"margin\":\"default\"}},{\"type\":\"headline\",\"props\":{\"content\":\"Prenez de l'avance.\",\"margin\":\"large\",\"margin_remove_bottom\":true,\"title_element\":\"h2\"}},{\"type\":\"text\",\"props\":{\"column_breakpoint\":\"m\",\"content\":\"\n\n<p>Pour les entreprises de l'industrie du ciment et d'autres secteurs \\u00e0 forte consommation de chaleur, il est essentiel pour leur survie de r\\u00e9duire de mani\\u00e8re significative leurs \\u00e9missions de CO\\u2082. C'est le moment de passer \\u00e0 l'action et d'investir dans des technologies innovantes avant que le co\\u00fbt des certificats n'augmente encore plus et que la concurrence n'ait une longueur d'avance sur vous.<\\\/p>\\n\n\n<p>Suivez cette voie avec nous.<\\\/p>\",\"margin\":\"default\"}},{\"type\":\"button\",\"props\":{\"grid_column_gap\":\"small\",\"grid_row_gap\":\"small\",\"margin\":\"medium\"},\"children\":[{\"type\":\"button_item\",\"props\":{\"button_style\":\"default\",\"content\":\"T\\u00e9l\\u00e9phone\",\"icon_align\":\"left\",\"link\":\"tel:+41448257880\"}},{\"type\":\"button_item\",\"props\":{\"button_style\":\"default\",\"content\":\"E-mail\",\"icon_align\":\"left\",\"link\":\"mailto:info@alnewa.com\"}}]},{\"type\":\"html\",\"props\":{\"content\":\"<br \/>\"}}]},{\"type\":\"column\",\"props\":{\"image_position\":\"center-center\",\"position_sticky_breakpoint\":\"m\",\"width_medium\":\"1-4\",\"width_small\":\"1-2\"},\"children\":[{\"type\":\"image\",\"props\":{\"animation\":\"parallax\",\"image\":\"wp-content\\\/uploads\\\/2024\\\/11\\\/2_Schonsteine-scaled.jpg\",\"image_svg_color\":\"emphasis\",\"image_width\":800,\"margin\":\"remove-vertical\",\"parallax_y\":\"-140\",\"position\":\"relative\",\"position_left\":\"70\",\"position_top\":\"230\",\"visibility\":\"s\"}},{\"type\":\"image\",\"props\":{\"animation\":\"parallax\",\"blend\":false,\"image\":\"wp-content\\\/uploads\\\/2024\\\/11\\\/3_Fabrik.png\",\"image_svg_color\":\"emphasis\",\"margin\":\"default\",\"parallax_y\":\"130 72%\",\"position\":\"relative\",\"position_left\":\"202\",\"position_top\":\"30\",\"position_z_index\":\"0\",\"visibility\":\"s\"}},{\"type\":\"image\",\"props\":{\"animation\":\"parallax\",\"image\":\"wp-content\\\/uploads\\\/2024\\\/11\\\/4_Fabrik.png\",\"image_svg_color\":\"emphasis\",\"margin\":\"default\",\"parallax_y\":\"260\",\"position\":\"relative\",\"position_left\":\"120\",\"position_top\":\"-90\",\"visibility\":\"s\"}}]},{\"type\":\"column\",\"props\":{\"image_position\":\"center-center\",\"position_sticky_breakpoint\":\"m\",\"width_medium\":\"1-4\",\"width_small\":\"1-2\"},\"children\":[{\"type\":\"image\",\"props\":{\"animation\":\"parallax\",\"image\":\"wp-content\\\/uploads\\\/2024\\\/10\\\/circle-soft.svg\",\"image_svg_color\":\"primary\",\"image_svg_inline\":false,\"image_width\":350,\"margin\":\"default\",\"parallax_y\":\"-290\",\"position_left\":\"-130\",\"text_align\":\"right\",\"visibility\":\"m\"}},{\"type\":\"image\",\"props\":{\"animation\":\"parallax\",\"image\":\"wp-content\\\/uploads\\\/2024\\\/10\\\/circle-soft.svg\",\"image_svg_color\":\"primary\",\"image_svg_inline\":false,\"image_width\":350,\"margin\":\"default\",\"parallax_y\":\"-290\",\"position_left\":\"-130\",\"text_align\":\"right\",\"visibility\":\"m\"}},{\"type\":\"image\",\"props\":{\"animation\":\"parallax\",\"image\":\"wp-content\\\/uploads\\\/2024\\\/10\\\/circle-soft.svg\",\"image_svg_color\":\"primary\",\"image_svg_inline\":false,\"image_width\":350,\"margin\":\"default\",\"parallax_y\":\"-290\",\"position_left\":\"-130\",\"text_align\":\"right\",\"visibility\":\"m\"}},{\"type\":\"image\",\"props\":{\"animation\":\"parallax\",\"image\":\"wp-content\\\/uploads\\\/2024\\\/10\\\/circle-soft.svg\",\"image_svg_color\":\"primary\",\"image_svg_inline\":false,\"image_width\":350,\"margin\":\"default\",\"parallax_y\":\"270\",\"position\":\"relative\",\"position_left\":\"0\",\"position_top\":\"-70\",\"text_align\":\"right\",\"visibility\":\"m\"}},{\"type\":\"image\",\"props\":{\"animation\":\"parallax\",\"image\":\"wp-content\\\/uploads\\\/2024\\\/10\\\/circle-soft.svg\",\"image_svg_color\":\"primary\",\"image_svg_inline\":false,\"image_width\":350,\"margin\":\"default\",\"parallax_y\":\"290\",\"position\":\"relative\",\"position_left\":\"0\",\"position_top\":\"170\",\"position_z_index\":\"0\",\"text_align\":\"right\",\"visibility\":\"m\"}}]}]}],\"name\":\"CO2 - Zertifikate\"}],\"version\":\"4.4.10\"} --><\/p>\n","protected":false},"excerpt":{"rendered":"<p>R\u00e9duction du CO\u2082 au plus tard maintenant L&rsquo;industrie du ciment et d&rsquo;autres secteurs \u00e0 forte consommation de chaleur, comme l&rsquo;asphalte et le traitement des m\u00e9taux, sont soumis \u00e0 une pression croissante pour r\u00e9duire leurs \u00e9missions de CO\u2082. La raison en est la politique climatique de plus en plus stricte : les entreprises sont oblig\u00e9es d&rsquo;acheter [&hellip;]<\/p>\n","protected":false},"author":1,"featured_media":0,"parent":0,"menu_order":0,"comment_status":"closed","ping_status":"closed","template":"","meta":{"_acf_changed":false,"footnotes":""},"class_list":["post-1527","page","type-page","status-publish","hentry"],"acf":[],"_links":{"self":[{"href":"https:\/\/streetsgallery.de\/fr\/wp-json\/wp\/v2\/pages\/1527","targetHints":{"allow":["GET"]}}],"collection":[{"href":"https:\/\/streetsgallery.de\/fr\/wp-json\/wp\/v2\/pages"}],"about":[{"href":"https:\/\/streetsgallery.de\/fr\/wp-json\/wp\/v2\/types\/page"}],"author":[{"embeddable":true,"href":"https:\/\/streetsgallery.de\/fr\/wp-json\/wp\/v2\/users\/1"}],"replies":[{"embeddable":true,"href":"https:\/\/streetsgallery.de\/fr\/wp-json\/wp\/v2\/comments?post=1527"}],"version-history":[{"count":3,"href":"https:\/\/streetsgallery.de\/fr\/wp-json\/wp\/v2\/pages\/1527\/revisions"}],"predecessor-version":[{"id":1614,"href":"https:\/\/streetsgallery.de\/fr\/wp-json\/wp\/v2\/pages\/1527\/revisions\/1614"}],"wp:attachment":[{"href":"https:\/\/streetsgallery.de\/fr\/wp-json\/wp\/v2\/media?parent=1527"}],"curies":[{"name":"wp","href":"https:\/\/api.w.org\/{rel}","templated":true}]}}