{"id":1523,"date":"2024-11-01T16:10:25","date_gmt":"2024-11-01T16:10:25","guid":{"rendered":"http:\/\/streetsgallery.de\/plasma\/"},"modified":"2025-03-06T11:10:40","modified_gmt":"2025-03-06T11:10:40","slug":"plasma","status":"publish","type":"page","link":"https:\/\/streetsgallery.de\/fr\/plasma\/","title":{"rendered":"Plasma"},"content":{"rendered":"<div>\n<p>\n<\/div>\n<h1>\n<p data-id=\"page#0-0-0-1\">Plasma &#8211; temp\u00eate d&rsquo;\u00e9lectrons dans le conduit d&rsquo;\u00e9vacuation d&rsquo;air <\/p>\n<\/h1>\n<p><img decoding=\"async\" src=\"\/wp-content\/uploads\/2024\/11\/1_Plasma.jpg\" alt=\"\"><\/p>\n<h2>Plasma<\/h2>\n<div>\n<p>Outre les 3 \u00e9tats classiques de la mati\u00e8re &#8211; solide, liquide et gazeux -, le plasma, 4e \u00e9tat, gagne en importance technique. Avec un plasma, les mol\u00e9cules peuvent \u00eatre excit\u00e9es \u00e9nerg\u00e9tiquement \u00e0 un point tel que les liaisons mol\u00e9culaires se brisent, ce qui produit des ions, des \u00e9lectrons et des radicaux qui se recombinent. Il est ainsi possible de produire facilement un m\u00e9lange CO\/O\u2082 hautement \u00e9nerg\u00e9tique et inflammable \u00e0 partir de CO\u2082.<\/p>\n<\/div>\n<h2>Fonctionnement d&rsquo;un plasma froid<\/h2>\n<div>\n<p>Une production purement thermique d&rsquo;un plasma n\u00e9cessite un apport d&rsquo;\u00e9nergie important et des temp\u00e9ratures &gt; 10&rsquo;000 K. Alnewa utilise cependant un plasma froid nouvellement d\u00e9velopp\u00e9, qui peut \u00eatre produit avec moins d&rsquo;\u00e9nergie et de mani\u00e8re purement \u00e9lectrique.<\/p>\n<p>Dans un plasma froid &#8211; physiquement correct, un plasma non thermique &#8211; seuls les \u00e9lectrons l\u00e9gers sont tr\u00e8s riches en \u00e9nergie, tandis que les noyaux atomiques lourds et les particules restent froids. Ce d\u00e9s\u00e9quilibre thermique permet une grande r\u00e9activit\u00e9 \u00e0 basse temp\u00e9rature.<\/p>\n<\/div>\n<p><img decoding=\"async\" src=\"\/wp-content\/uploads\/2024\/11\/2_Plasma.jpg\" alt=\"\"><br \/>\n<img decoding=\"async\" src=\"\/wp-content\/uploads\/2024\/11\/3_Plasma.png\" alt=\"\"><br \/>\n<img decoding=\"async\" src=\"\/wp-content\/uploads\/2024\/10\/circle-soft.svg\" alt=\"\"><br \/>\n<img decoding=\"async\" src=\"\/wp-content\/uploads\/2024\/10\/circle-soft.svg\" alt=\"\"><br \/>\n<img decoding=\"async\" src=\"\/wp-content\/uploads\/2024\/10\/circle-soft.svg\" alt=\"\"><br \/>\n<img decoding=\"async\" src=\"\/wp-content\/uploads\/2024\/10\/circle-soft.svg\" alt=\"\"><br \/>\n<img decoding=\"async\" src=\"\/wp-content\/uploads\/2024\/10\/circle-soft.svg\" alt=\"\"><\/p>\n<h2>Assurez-vous un avantage concurrentiel<\/h2>\n<div>\n<p>Les entreprises de l&rsquo;industrie du ciment et d&rsquo;autres secteurs \u00e0 forte consommation de chaleur sont confront\u00e9es \u00e0 un d\u00e9fi d\u00e9cisif : la r\u00e9duction des \u00e9missions de CO\u2082 et l&rsquo;ind\u00e9pendance vis-\u00e0-vis des \u00e9nergies fossiles ne sont pas seulement des imp\u00e9ratifs \u00e9cologiques, mais aussi et surtout \u00e9conomiques. L&rsquo;augmentation des co\u00fbts des certificats CO\u2082 et les exigences r\u00e9glementaires croissantes rendent une action pr\u00e9coce indispensable.<\/p>\n<p>Saisissez cette opportunit\u00e9 et investissez d\u00e8s maintenant dans une technologie d&rsquo;avenir. Misez sur l&rsquo;innovation avant que le march\u00e9 ne vous d\u00e9passe. Ensemble, nous d\u00e9velopperons une solution durable pour une industrie comp\u00e9titive et respectueuse du climat.<\/p>\n<\/div>\n<div>\n<p>\n<\/div>\n<p><!--more--><br \/>\n<!-- {\"type\":\"layout\",\"children\":[{\"type\":\"section\",\"props\":{\"image_position\":\"center-center\",\"padding_remove_top\":true,\"style\":\"default\",\"title_breakpoint\":\"xl\",\"title_position\":\"top-left\",\"title_rotation\":\"left\",\"vertical_align\":\"middle\",\"width\":\"default\",\"width_expand\":\"right\"},\"children\":[{\"type\":\"row\",\"children\":[{\"type\":\"column\",\"props\":{\"image_position\":\"center-center\",\"position_sticky_breakpoint\":\"m\",\"width_medium\":\"1-3\"},\"children\":[{\"type\":\"html\",\"props\":{\"content\":\"<br \/>\"}},{\"type\":\"headline\",\"props\":{\"content\":\"\n\n<p data-id=\\\"page#0-0-0-1\\\">Plasma - temp\\u00eate d'\\u00e9lectrons dans le conduit d'\\u00e9vacuation d'air <\\\/p>\",\"title_element\":\"h1\",\"title_style\":\"h1\"}}]},{\"type\":\"column\",\"props\":{\"image_position\":\"center-center\",\"position_sticky_breakpoint\":\"m\",\"width_medium\":\"2-3\"},\"children\":[{\"type\":\"image\",\"props\":{\"animation\":\"parallax\",\"image\":\"wp-content\\\/uploads\\\/2024\\\/11\\\/1_Plasma.jpg\",\"image_svg_color\":\"emphasis\",\"margin\":\"default\",\"parallax_x\":\"160\",\"position\":\"relative\",\"position_left\":\"80\"}}]}],\"props\":{\"layout\":\"1-3,2-3\"}}],\"name\":\"CO2 - Reduktion\"},{\"type\":\"section\",\"props\":{\"image_position\":\"center-center\",\"style\":\"default\",\"title_breakpoint\":\"xl\",\"title_position\":\"top-left\",\"title_rotation\":\"left\",\"vertical_align\":\"middle\",\"width\":\"default\"},\"children\":[{\"type\":\"row\",\"props\":{\"layout\":\"1-2,1-4,1-4|1-1,1-2,1-2\"},\"children\":[{\"type\":\"column\",\"props\":{\"image_position\":\"center-center\",\"position_sticky_breakpoint\":\"m\",\"width_medium\":\"1-2\",\"width_small\":\"1-1\"},\"children\":[{\"type\":\"headline\",\"props\":{\"content\":\"Plasma\",\"title_element\":\"h2\"}},{\"type\":\"text\",\"props\":{\"column_breakpoint\":\"m\",\"content\":\"\n\n<p>Outre les 3 \\u00e9tats classiques de la mati\\u00e8re - solide, liquide et gazeux -, le plasma, 4e \\u00e9tat, gagne en importance technique. Avec un plasma, les mol\\u00e9cules peuvent \\u00eatre excit\\u00e9es \\u00e9nerg\\u00e9tiquement \\u00e0 un point tel que les liaisons mol\\u00e9culaires se brisent, ce qui produit des ions, des \\u00e9lectrons et des radicaux qui se recombinent. Il est ainsi possible de produire facilement un m\\u00e9lange CO\\\/O\\u2082 hautement \\u00e9nerg\\u00e9tique et inflammable \\u00e0 partir de CO\\u2082.<\\\/p>\",\"margin\":\"default\"}},{\"type\":\"headline\",\"props\":{\"content\":\"Fonctionnement d'un plasma froid\",\"margin\":\"large\",\"margin_remove_bottom\":true,\"title_element\":\"h2\"}},{\"type\":\"text\",\"props\":{\"column_breakpoint\":\"m\",\"content\":\"\n\n<p>Une production purement thermique d'un plasma n\\u00e9cessite un apport d'\\u00e9nergie important et des temp\\u00e9ratures &gt; 10'000 K. Alnewa utilise cependant un plasma froid nouvellement d\\u00e9velopp\\u00e9, qui peut \\u00eatre produit avec moins d'\\u00e9nergie et de mani\\u00e8re purement \\u00e9lectrique.<\\\/p>\\n\n\n<p>Dans un plasma froid - physiquement correct, un plasma non thermique - seuls les \\u00e9lectrons l\\u00e9gers sont tr\\u00e8s riches en \\u00e9nergie, tandis que les noyaux atomiques lourds et les particules restent froids. Ce d\\u00e9s\\u00e9quilibre thermique permet une grande r\\u00e9activit\\u00e9 \\u00e0 basse temp\\u00e9rature.<\\\/p>\",\"margin\":\"default\"}}]},{\"type\":\"column\",\"props\":{\"image_position\":\"center-center\",\"position_sticky_breakpoint\":\"m\",\"width_medium\":\"1-4\",\"width_small\":\"1-2\"},\"children\":[{\"type\":\"image\",\"props\":{\"animation\":\"parallax\",\"image\":\"wp-content\\\/uploads\\\/2024\\\/11\\\/2_Plasma.jpg\",\"image_svg_color\":\"emphasis\",\"image_width\":800,\"margin\":\"remove-vertical\",\"parallax_y\":\"-140\",\"position\":\"relative\",\"position_left\":\"120\",\"position_top\":\"230\",\"visibility\":\"s\"}},{\"type\":\"image\",\"props\":{\"animation\":\"parallax\",\"blend\":false,\"image\":\"wp-content\\\/uploads\\\/2024\\\/11\\\/3_Plasma.png\",\"image_svg_color\":\"emphasis\",\"margin\":\"default\",\"parallax_y\":\"130 72%\",\"position\":\"relative\",\"position_left\":\"210\",\"position_top\":\"30\",\"position_z_index\":\"0\",\"visibility\":\"s\"}}]},{\"type\":\"column\",\"props\":{\"image_position\":\"center-center\",\"position_sticky_breakpoint\":\"m\",\"width_medium\":\"1-4\",\"width_small\":\"1-2\"},\"children\":[{\"type\":\"image\",\"props\":{\"animation\":\"parallax\",\"image\":\"wp-content\\\/uploads\\\/2024\\\/10\\\/circle-soft.svg\",\"image_svg_color\":\"primary\",\"image_svg_inline\":false,\"image_width\":350,\"margin\":\"default\",\"parallax_y\":\"-290\",\"position_left\":\"-130\",\"text_align\":\"right\",\"visibility\":\"m\"}},{\"type\":\"image\",\"props\":{\"animation\":\"parallax\",\"image\":\"wp-content\\\/uploads\\\/2024\\\/10\\\/circle-soft.svg\",\"image_svg_color\":\"primary\",\"image_svg_inline\":false,\"image_width\":350,\"margin\":\"default\",\"parallax_y\":\"-290\",\"position_left\":\"-130\",\"text_align\":\"right\",\"visibility\":\"m\"}},{\"type\":\"image\",\"props\":{\"animation\":\"parallax\",\"image\":\"wp-content\\\/uploads\\\/2024\\\/10\\\/circle-soft.svg\",\"image_svg_color\":\"primary\",\"image_svg_inline\":false,\"image_width\":350,\"margin\":\"default\",\"parallax_y\":\"-290\",\"position_left\":\"-130\",\"text_align\":\"right\",\"visibility\":\"m\"}},{\"type\":\"image\",\"props\":{\"animation\":\"parallax\",\"image\":\"wp-content\\\/uploads\\\/2024\\\/10\\\/circle-soft.svg\",\"image_svg_color\":\"primary\",\"image_svg_inline\":false,\"image_width\":350,\"margin\":\"default\",\"parallax_y\":\"270\",\"position\":\"relative\",\"position_left\":\"0\",\"position_top\":\"-70\",\"text_align\":\"right\",\"visibility\":\"m\"}},{\"type\":\"image\",\"props\":{\"animation\":\"parallax\",\"image\":\"wp-content\\\/uploads\\\/2024\\\/10\\\/circle-soft.svg\",\"image_svg_color\":\"primary\",\"image_svg_inline\":false,\"image_width\":350,\"margin\":\"default\",\"parallax_y\":\"290\",\"position\":\"relative\",\"position_left\":\"0\",\"position_top\":\"170\",\"position_z_index\":\"0\",\"text_align\":\"right\",\"visibility\":\"m\"}}]}]}],\"name\":\"CO2 - Zertifikate\"},{\"type\":\"section\",\"props\":{\"image_position\":\"center-center\",\"style\":\"default\",\"title_breakpoint\":\"xl\",\"title_position\":\"top-left\",\"title_rotation\":\"left\",\"vertical_align\":\"middle\",\"width\":\"default\"},\"children\":[{\"type\":\"row\",\"children\":[{\"type\":\"column\",\"props\":{\"image_position\":\"center-center\",\"position_sticky_breakpoint\":\"m\"}}]},{\"type\":\"row\",\"props\":{\"layout\":\"1-2,1-2\"},\"children\":[{\"type\":\"column\",\"props\":{\"image_position\":\"center-center\",\"position_sticky_breakpoint\":\"m\",\"width_medium\":\"1-2\"},\"children\":[{\"type\":\"headline\",\"props\":{\"content\":\"Assurez-vous un avantage concurrentiel\",\"margin\":\"large\",\"margin_remove_bottom\":true,\"title_element\":\"h2\"}},{\"type\":\"text\",\"props\":{\"column_breakpoint\":\"m\",\"content\":\"\n\n<p>Les entreprises de l'industrie du ciment et d'autres secteurs \\u00e0 forte consommation de chaleur sont confront\\u00e9es \\u00e0 un d\\u00e9fi d\\u00e9cisif : la r\\u00e9duction des \\u00e9missions de CO\\u2082 et l'ind\\u00e9pendance vis-\\u00e0-vis des \\u00e9nergies fossiles ne sont pas seulement des imp\\u00e9ratifs \\u00e9cologiques, mais aussi et surtout \\u00e9conomiques. L'augmentation des co\\u00fbts des certificats CO\\u2082 et les exigences r\\u00e9glementaires croissantes rendent une action pr\\u00e9coce indispensable.<\\\/p>\\n\n\n<p>Saisissez cette opportunit\\u00e9 et investissez d\\u00e8s maintenant dans une technologie d'avenir. Misez sur l'innovation avant que le march\\u00e9 ne vous d\\u00e9passe. Ensemble, nous d\\u00e9velopperons une solution durable pour une industrie comp\\u00e9titive et respectueuse du climat.<\\\/p>\",\"margin\":\"default\"}},{\"type\":\"module\",\"props\":{\"menu_image_align\":\"center\",\"menu_image_margin\":true,\"menu_style\":\"default\",\"menu_type\":\"nav\",\"type\":\"builderwidget\",\"widget\":\"builderwidget-10\"}},{\"type\":\"html\",\"props\":{\"content\":\"<br \/>\"}}]},{\"type\":\"column\",\"props\":{\"image_position\":\"center-center\",\"position_sticky_breakpoint\":\"m\",\"width_medium\":\"1-2\"}}]}]}],\"version\":\"4.4.10\"} --><\/p>\n","protected":false},"excerpt":{"rendered":"<p>Plasma &#8211; temp\u00eate d&rsquo;\u00e9lectrons dans le conduit d&rsquo;\u00e9vacuation d&rsquo;air Plasma Outre les 3 \u00e9tats classiques de la mati\u00e8re &#8211; solide, liquide et gazeux -, le plasma, 4e \u00e9tat, gagne en importance technique. Avec un plasma, les mol\u00e9cules peuvent \u00eatre excit\u00e9es \u00e9nerg\u00e9tiquement \u00e0 un point tel que les liaisons mol\u00e9culaires se brisent, ce qui produit des [&hellip;]<\/p>\n","protected":false},"author":2,"featured_media":0,"parent":0,"menu_order":0,"comment_status":"closed","ping_status":"closed","template":"","meta":{"_acf_changed":false,"footnotes":""},"class_list":["post-1523","page","type-page","status-publish","hentry"],"acf":[],"_links":{"self":[{"href":"https:\/\/streetsgallery.de\/fr\/wp-json\/wp\/v2\/pages\/1523","targetHints":{"allow":["GET"]}}],"collection":[{"href":"https:\/\/streetsgallery.de\/fr\/wp-json\/wp\/v2\/pages"}],"about":[{"href":"https:\/\/streetsgallery.de\/fr\/wp-json\/wp\/v2\/types\/page"}],"author":[{"embeddable":true,"href":"https:\/\/streetsgallery.de\/fr\/wp-json\/wp\/v2\/users\/2"}],"replies":[{"embeddable":true,"href":"https:\/\/streetsgallery.de\/fr\/wp-json\/wp\/v2\/comments?post=1523"}],"version-history":[{"count":10,"href":"https:\/\/streetsgallery.de\/fr\/wp-json\/wp\/v2\/pages\/1523\/revisions"}],"predecessor-version":[{"id":2147,"href":"https:\/\/streetsgallery.de\/fr\/wp-json\/wp\/v2\/pages\/1523\/revisions\/2147"}],"wp:attachment":[{"href":"https:\/\/streetsgallery.de\/fr\/wp-json\/wp\/v2\/media?parent=1523"}],"curies":[{"name":"wp","href":"https:\/\/api.w.org\/{rel}","templated":true}]}}