{"id":1511,"date":"2024-10-22T12:54:45","date_gmt":"2024-10-22T12:54:45","guid":{"rendered":"http:\/\/streetsgallery.de\/impressum\/"},"modified":"2024-11-05T14:31:20","modified_gmt":"2024-11-05T14:31:20","slug":"mentions-legales","status":"publish","type":"page","link":"https:\/\/streetsgallery.de\/fr\/mentions-legales\/","title":{"rendered":"Mentions l\u00e9gales"},"content":{"rendered":"<h1>Impressum<\/h1>\n<div>\n<div class=\"uk-width-1-3@m uk-first-column\" data-id=\"footer#0-0-0\">\n<div class=\"uk-panel uk-margin\" data-id=\"footer#0-0-0-0\" data-element=\"\">\n<p>Alnewa AG<br \/>Eschenstrasse 6<br \/>8603 Schwerzenbach<br \/>Suisse<\/p>\n<\/div>\n<\/div>\n<div class=\"uk-width-1-3@m uk-grid-margin uk-first-column\" data-id=\"footer#0-0-1\">\n<div class=\"uk-child-width-expand uk-grid-row-small uk-grid\" uk-grid=\"\">\n<div class=\"uk-width-auto uk-first-column\">\n<div class=\"el-title uk-margin-remove\">Telefon: <a href=\"tel:+41448257880\u202c\">\u202d+41 44 825 78 80\u202c<\/a><\/div>\n<\/div>\n<\/div>\n<div class=\"uk-child-width-expand uk-grid-row-small uk-grid\" uk-grid=\"\">\n<div class=\"uk-width-auto uk-first-column\">\n<div class=\"el-title uk-margin-remove\">E-mail: <a href=\"mailto:info@alnewa.com\">info@alnewa.com<\/a><\/div>\n<\/div>\n<\/div>\n<\/div>\n<p>Le contenu et la structure de notre site web sont prot\u00e9g\u00e9s par le droit d&rsquo;auteur. Toute diffusion ou modification du contenu de ces pages est interdite.<\/p>\n<p>Alnewa AG d\u00e9cline et exclut toute responsabilit\u00e9 ou garantie quant \u00e0 l&rsquo;exactitude, l&rsquo;exhaustivit\u00e9 et l&rsquo;actualit\u00e9 des informations fournies sur ce site Web. Ceci s&rsquo;applique en particulier aux sites Internet auxquels il est fait r\u00e9f\u00e9rence par des liens hypertextes.<\/p>\n<p>Alnewa AG d\u00e9cline toute responsabilit\u00e9 et garantie concernant les informations obtenues sur un site web auquel vous acc\u00e9dez par un lien depuis ce site web.<\/p>\n<\/div>\n<p><!--more--><br \/>\n<!-- {\"type\":\"layout\",\"children\":[{\"type\":\"section\",\"props\":{\"image_position\":\"center-center\",\"style\":\"default\",\"title_breakpoint\":\"xl\",\"title_position\":\"top-left\",\"title_rotation\":\"left\",\"vertical_align\":\"middle\",\"width\":\"default\"},\"children\":[{\"type\":\"row\",\"props\":{\"layout\":\"1-2,1-2\"},\"children\":[{\"type\":\"column\",\"props\":{\"image_position\":\"center-center\",\"position_sticky_breakpoint\":\"m\",\"width_medium\":\"1-2\"},\"children\":[{\"type\":\"headline\",\"props\":{\"content\":\"Impressum\",\"title_element\":\"h1\"}},{\"type\":\"text\",\"props\":{\"column_breakpoint\":\"m\",\"content\":\"\n\n<div class=\\\"uk-width-1-3@m uk-first-column\\\" data-id=\\\"footer#0-0-0\\\">\\n\n\n<div class=\\\"uk-panel uk-margin\\\" data-id=\\\"footer#0-0-0-0\\\" data-element=\\\"\\\">\\n\n\n<p>Alnewa AG<br \\\/>Eschenstrasse 6<br \\\/>8603 Schwerzenbach<br \\\/>Suisse<\\\/p>\\n<\\\/div>\\n<\\\/div>\\n\n\n<div class=\\\"uk-width-1-3@m uk-grid-margin uk-first-column\\\" data-id=\\\"footer#0-0-1\\\">\\n\n\n<div class=\\\"uk-child-width-expand uk-grid-row-small uk-grid\\\" uk-grid=\\\"\\\">\\n\n\n<div class=\\\"uk-width-auto uk-first-column\\\">\\n\n\n<div class=\\\"el-title uk-margin-remove\\\">Telefon: <a href=\\\"tel:+41448257880\\u202c\\\">\\u202d+41 44 825 78 80\\u202c<\\\/a><\\\/div>\\n<\\\/div>\\n<\\\/div>\\n\n\n<div class=\\\"uk-child-width-expand uk-grid-row-small uk-grid\\\" uk-grid=\\\"\\\">\\n\n\n<div class=\\\"uk-width-auto uk-first-column\\\">\\n\n\n<div class=\\\"el-title uk-margin-remove\\\">E-mail: <a href=\\\"mailto:info@alnewa.com\\\">info@alnewa.com<\\\/a><\\\/div>\\n<\\\/div>\\n<\\\/div>\\n<\\\/div>\\n\n\n<p><\\\/p>\\n\n\n<p>Le contenu et la structure de notre site web sont prot\\u00e9g\\u00e9s par le droit d'auteur. Toute diffusion ou modification du contenu de ces pages est interdite.<\\\/p>\\n\n\n<p>Alnewa AG d\\u00e9cline et exclut toute responsabilit\\u00e9 ou garantie quant \\u00e0 l'exactitude, l'exhaustivit\\u00e9 et l'actualit\\u00e9 des informations fournies sur ce site Web. Ceci s'applique en particulier aux sites Internet auxquels il est fait r\\u00e9f\\u00e9rence par des liens hypertextes.<\\\/p>\\n\n\n<p>Alnewa AG d\\u00e9cline toute responsabilit\\u00e9 et garantie concernant les informations obtenues sur un site web auquel vous acc\\u00e9dez par un lien depuis ce site web.<\\\/p>\",\"margin\":\"default\"}}]},{\"type\":\"column\",\"props\":{\"image_position\":\"center-center\",\"position_sticky_breakpoint\":\"m\",\"width_medium\":\"1-2\"}}]}]}],\"version\":\"4.4.10\"} --><\/p>\n","protected":false},"excerpt":{"rendered":"<p>Impressum Alnewa AGEschenstrasse 68603 SchwerzenbachSuisse Telefon: \u202d+41 44 825 78 80\u202c E-mail: info@alnewa.com Le contenu et la structure de notre site web sont prot\u00e9g\u00e9s par le droit d&rsquo;auteur. Toute diffusion ou modification du contenu de ces pages est interdite. Alnewa AG d\u00e9cline et exclut toute responsabilit\u00e9 ou garantie quant \u00e0 l&rsquo;exactitude, l&rsquo;exhaustivit\u00e9 et l&rsquo;actualit\u00e9 des [&hellip;]<\/p>\n","protected":false},"author":1,"featured_media":0,"parent":0,"menu_order":0,"comment_status":"closed","ping_status":"closed","template":"","meta":{"_acf_changed":false,"footnotes":""},"class_list":["post-1511","page","type-page","status-publish","hentry"],"acf":[],"_links":{"self":[{"href":"https:\/\/streetsgallery.de\/fr\/wp-json\/wp\/v2\/pages\/1511","targetHints":{"allow":["GET"]}}],"collection":[{"href":"https:\/\/streetsgallery.de\/fr\/wp-json\/wp\/v2\/pages"}],"about":[{"href":"https:\/\/streetsgallery.de\/fr\/wp-json\/wp\/v2\/types\/page"}],"author":[{"embeddable":true,"href":"https:\/\/streetsgallery.de\/fr\/wp-json\/wp\/v2\/users\/1"}],"replies":[{"embeddable":true,"href":"https:\/\/streetsgallery.de\/fr\/wp-json\/wp\/v2\/comments?post=1511"}],"version-history":[{"count":3,"href":"https:\/\/streetsgallery.de\/fr\/wp-json\/wp\/v2\/pages\/1511\/revisions"}],"predecessor-version":[{"id":1606,"href":"https:\/\/streetsgallery.de\/fr\/wp-json\/wp\/v2\/pages\/1511\/revisions\/1606"}],"wp:attachment":[{"href":"https:\/\/streetsgallery.de\/fr\/wp-json\/wp\/v2\/media?parent=1511"}],"curies":[{"name":"wp","href":"https:\/\/api.w.org\/{rel}","templated":true}]}}