{"id":1504,"date":"2024-10-22T12:53:05","date_gmt":"2024-10-22T12:53:05","guid":{"rendered":"http:\/\/streetsgallery.de\/co2-upcycling\/"},"modified":"2025-01-22T10:52:19","modified_gmt":"2025-01-22T10:52:19","slug":"co2-upcycling","status":"publish","type":"page","link":"https:\/\/streetsgallery.de\/fr\/co2-upcycling\/","title":{"rendered":"CO\u2082 Recyclage"},"content":{"rendered":"<div>\n<p>\n<\/div>\n<h1>\n<p>Comment utiliser le plasma<br \/>Produire du combustible<\/p>\n<\/h1>\n<p><video src=\"\/wp-content\/uploads\/2024\/11\/Plasma.mp4\" poster=\"\"><\/video><\/p>\n<h1>\n<p>Jusqu&rsquo;\u00e0 pr\u00e9sent : exemple de la production de ciment<\/p>\n<\/h1>\n<div>\n<p>Le processus de combustion traditionnel avec un combustible fossile produit beaucoup de dioxyde de carbone. Le CO\u2082 provient en partie de sources min\u00e9rales et en partie du combustible.<\/p>\n<\/div>\n<p><img decoding=\"async\" src=\"\/wp-content\/uploads\/2025\/01\/Production-de-clinker.png\" alt=\"\"><\/p>\n<h1>\n<p>Production avec recyclage du CO\u2082<\/p>\n<\/h1>\n<div>\n<p>Alnewa place des diodes plasma dans le flux d&rsquo;air \u00e9vacu\u00e9. <br \/>Le plasma d\u00e9compose le CO\u2082 form\u00e9 en 2 x CO + O\u2082<\/p>\n<\/div>\n<p><img decoding=\"async\" src=\"\/wp-content\/uploads\/2025\/01\/Plasma-Split.png\" alt=\"\"><\/p>\n<h1>L&rsquo;installation s&rsquo;alimente elle-m\u00eame avec des gaz d&rsquo;\u00e9chappement recycl\u00e9s :<\/h1>\n<div>\n<p>Le CO et le O\u2082 sont collect\u00e9s s\u00e9par\u00e9ment et fournis sous forme de combustible \u00e0 2 composants. Le processus fonctionne d\u00e8s lors avec CO + O\u2082.<\/p>\n<p>Comme cette combustion se d\u00e9roule en grande partie sans pertes, elle ne produit presque plus que du CO\u2082 &#8211; qui redevient un combustible avec la part du rendement.<\/p>\n<p>Comme 75% du CO\u2082 provient de la source min\u00e9rale, le rendement de l&rsquo;installation n&rsquo;a pas du tout besoin d&rsquo;\u00eatre extr\u00eamement \u00e9lev\u00e9 pour remplacer en grande partie ou totalement le combustible fossile.<\/p>\n<p>Comme le CO\u2082 produit est recycl\u00e9 en permanence, il n&rsquo;est pas n\u00e9cessaire d&rsquo;acheter des certificats sur le CO\u2082 recycl\u00e9. C&rsquo;est pourquoi un rendement tr\u00e8s \u00e9lev\u00e9 doit n\u00e9anmoins \u00eatre l&rsquo;objectif.<\/p>\n<\/div>\n<p><img decoding=\"async\" src=\"\/wp-content\/uploads\/2025\/01\/Recyclage-du-CO2.png\" alt=\"\"><\/p>\n<h1>\n<p>Pas de mouvement perp\u00e9tuel &#8211; mais un saut quantique en termes d&rsquo;efficacit\u00e9<\/p>\n<\/h1>\n<div>\n<p>Dans le processus, il faut investir de l&rsquo;\u00e9nergie \u00e9lectrique pour la d\u00e9composition. Mais celle-ci est r\u00e9cup\u00e9r\u00e9e \u00e0 pr\u00e8s de 100 % sous forme d&rsquo;\u00e9nergie thermique.<\/p>\n<\/div>\n<p><img decoding=\"async\" src=\"\/wp-content\/uploads\/2024\/11\/Conclusion.png\" alt=\"\"><\/p>\n<h2>N&rsquo;h\u00e9sitez pas \u00e0 nous contacter.<\/h2>\n<div>\n<p>Notre technologie ouvre de nouvelles voies. La prochaine \u00e9tape est la construction d&rsquo;une installation pilote. Peut-\u00eatre chez vous ?<\/p>\n<\/div>\n<ul>\n<li>\n        <a href=\"tel:+41448257880\">T\u00e9l\u00e9phone<\/a>\n    <\/li>\n<li>\n        <a href=\"mailto:info@alnewa.com\">E-mail<\/a>\n    <\/li>\n<\/ul>\n<div>\n<\/div>\n<p><!--more--><br \/>\n<!-- {\"type\":\"layout\",\"children\":[{\"type\":\"section\",\"props\":{\"height_viewport\":60,\"image_position\":\"center-center\",\"padding_remove_top\":true,\"style\":\"default\",\"title_breakpoint\":\"xl\",\"title_position\":\"top-left\",\"title_rotation\":\"left\",\"vertical_align\":\"middle\",\"width\":\"default\"},\"children\":[{\"type\":\"row\",\"children\":[{\"type\":\"column\",\"props\":{\"image_position\":\"center-center\",\"position_sticky_breakpoint\":\"m\",\"width_medium\":\"1-3\"},\"children\":[{\"type\":\"html\",\"props\":{\"content\":\"<br \/>\"}},{\"type\":\"headline\",\"props\":{\"content\":\"\n\n<p>Comment utiliser le plasma<br \\\/>Produire du combustible<\\\/p>\",\"title_element\":\"h1\"}}]},{\"type\":\"column\",\"props\":{\"image_position\":\"center-center\",\"position_sticky_breakpoint\":\"m\",\"width_medium\":\"2-3\"},\"children\":[{\"type\":\"video\",\"props\":{\"animation\":\"parallax\",\"margin\":\"default\",\"parallax_x\":\"200\",\"parallax_y\":\"0\",\"position\":\"relative\",\"position_left\":\"70\",\"video\":\"wp-content\\\/uploads\\\/2024\\\/11\\\/Plasma.mp4\",\"video_autoplay\":true,\"video_controls\":false,\"video_muted\":true}}]}],\"props\":{\"layout\":\"1-3,2-3\"}}]},{\"type\":\"section\",\"props\":{\"image_position\":\"center-center\",\"padding\":\"large\",\"style\":\"default\",\"title_breakpoint\":\"xl\",\"title_position\":\"top-left\",\"title_rotation\":\"left\",\"vertical_align\":\"middle\",\"width\":\"default\"},\"children\":[{\"type\":\"row\",\"props\":{\"layout\":\"1-3,2-3\",\"margin\":\"default\"},\"children\":[{\"type\":\"column\",\"props\":{\"image_position\":\"center-center\",\"position_sticky_breakpoint\":\"m\",\"vertical_align\":\"middle\",\"width_medium\":\"1-3\"},\"children\":[{\"type\":\"headline\",\"props\":{\"content\":\"\n\n<p>Jusqu'\\u00e0 pr\\u00e9sent : exemple de la production de ciment<\\\/p>\",\"title_element\":\"h1\",\"title_style\":\"h3\"}},{\"type\":\"text\",\"props\":{\"column_breakpoint\":\"m\",\"content\":\"\n\n<p>Le processus de combustion traditionnel avec un combustible fossile produit beaucoup de dioxyde de carbone. Le CO\\u2082 provient en partie de sources min\\u00e9rales et en partie du combustible.<\\\/p>\",\"margin\":\"default\"}}]},{\"type\":\"column\",\"props\":{\"image_position\":\"center-center\",\"position_sticky_breakpoint\":\"m\",\"vertical_align\":\"middle\",\"width_medium\":\"2-3\"},\"children\":[{\"type\":\"image\",\"props\":{\"image\":\"wp-content\\\/uploads\\\/2025\\\/01\\\/Production-de-clinker.png\",\"image_svg_color\":\"emphasis\",\"margin\":\"default\"}}]}]}]},{\"type\":\"section\",\"props\":{\"image_position\":\"center-center\",\"style\":\"default\",\"title_breakpoint\":\"xl\",\"title_position\":\"top-left\",\"title_rotation\":\"left\",\"vertical_align\":\"middle\",\"width\":\"default\"},\"children\":[{\"type\":\"row\",\"props\":{\"layout\":\"1-3,2-3\",\"margin\":\"large\",\"row_gap\":\"large\"},\"children\":[{\"type\":\"column\",\"props\":{\"image_position\":\"center-center\",\"position_sticky_breakpoint\":\"m\",\"vertical_align\":\"middle\",\"width_medium\":\"1-3\"},\"children\":[{\"type\":\"headline\",\"props\":{\"content\":\"\n\n<p>Production avec recyclage du CO\\u2082<\\\/p>\",\"title_element\":\"h1\",\"title_style\":\"h3\"}},{\"type\":\"text\",\"props\":{\"column_breakpoint\":\"m\",\"content\":\"\n\n<p>Alnewa place des diodes plasma dans le flux d'air \\u00e9vacu\\u00e9. <br \\\/>Le plasma d\\u00e9compose le CO\\u2082 form\\u00e9 en 2 x CO + O\\u2082<\\\/p>\",\"margin\":\"default\"}}]},{\"type\":\"column\",\"props\":{\"image_position\":\"center-center\",\"position_sticky_breakpoint\":\"m\",\"vertical_align\":\"middle\",\"width_medium\":\"2-3\"},\"children\":[{\"type\":\"image\",\"props\":{\"image\":\"wp-content\\\/uploads\\\/2025\\\/01\\\/Plasma-Split.png\",\"image_svg_color\":\"emphasis\",\"margin\":\"default\"}}]}]}]},{\"type\":\"section\",\"props\":{\"image_position\":\"center-center\",\"padding\":\"large\",\"style\":\"default\",\"title_breakpoint\":\"xl\",\"title_position\":\"top-left\",\"title_rotation\":\"left\",\"vertical_align\":\"middle\",\"width\":\"default\"},\"children\":[{\"type\":\"row\",\"props\":{\"layout\":\"1-3,2-3\",\"margin\":\"large\"},\"children\":[{\"type\":\"column\",\"props\":{\"image_position\":\"center-center\",\"position_sticky_breakpoint\":\"m\",\"vertical_align\":\"middle\",\"width_medium\":\"1-3\"},\"children\":[{\"type\":\"headline\",\"props\":{\"content\":\"L'installation s'alimente elle-m\\u00eame avec des gaz d'\\u00e9chappement recycl\\u00e9s :\",\"title_element\":\"h1\",\"title_style\":\"h3\"}},{\"type\":\"text\",\"props\":{\"column_breakpoint\":\"m\",\"content\":\"\n\n<p>Le CO et le O\\u2082 sont collect\\u00e9s s\\u00e9par\\u00e9ment et fournis sous forme de combustible \\u00e0 2 composants. Le processus fonctionne d\\u00e8s lors avec CO + O\\u2082.<\\\/p>\\n\n\n<p>Comme cette combustion se d\\u00e9roule en grande partie sans pertes, elle ne produit presque plus que du CO\\u2082 - qui redevient un combustible avec la part du rendement.<\\\/p>\\n\n\n<p>Comme 75% du CO\\u2082 provient de la source min\\u00e9rale, le rendement de l'installation n'a pas du tout besoin d'\\u00eatre extr\\u00eamement \\u00e9lev\\u00e9 pour remplacer en grande partie ou totalement le combustible fossile.<\\\/p>\\n\n\n<p>Comme le CO\\u2082 produit est recycl\\u00e9 en permanence, il n'est pas n\\u00e9cessaire d'acheter des certificats sur le CO\\u2082 recycl\\u00e9. C'est pourquoi un rendement tr\\u00e8s \\u00e9lev\\u00e9 doit n\\u00e9anmoins \\u00eatre l'objectif.<\\\/p>\",\"margin\":\"default\"}}]},{\"type\":\"column\",\"props\":{\"image_position\":\"center-center\",\"position_sticky_breakpoint\":\"m\",\"vertical_align\":\"middle\",\"width_medium\":\"2-3\"},\"children\":[{\"type\":\"image\",\"props\":{\"image\":\"wp-content\\\/uploads\\\/2025\\\/01\\\/Recyclage-du-CO2.png\",\"image_svg_color\":\"emphasis\",\"margin\":\"default\",\"margin_remove_bottom\":false}}]}]}]},{\"type\":\"section\",\"props\":{\"image_position\":\"center-center\",\"style\":\"default\",\"title_breakpoint\":\"xl\",\"title_position\":\"top-left\",\"title_rotation\":\"left\",\"vertical_align\":\"middle\",\"width\":\"default\"},\"children\":[{\"type\":\"row\",\"props\":{\"layout\":\"1-3,2-3\",\"margin\":\"large\",\"row_gap\":\"large\"},\"children\":[{\"type\":\"column\",\"props\":{\"image_position\":\"center-center\",\"position_sticky_breakpoint\":\"m\",\"vertical_align\":\"middle\",\"width_medium\":\"1-3\"},\"children\":[{\"type\":\"headline\",\"props\":{\"content\":\"\n\n<p>Pas de mouvement perp\\u00e9tuel - mais un saut quantique en termes d'efficacit\\u00e9<\\\/p>\",\"title_element\":\"h1\",\"title_style\":\"h3\"}},{\"type\":\"text\",\"props\":{\"column_breakpoint\":\"m\",\"content\":\"\n\n<p>Dans le processus, il faut investir de l'\\u00e9nergie \\u00e9lectrique pour la d\\u00e9composition. Mais celle-ci est r\\u00e9cup\\u00e9r\\u00e9e \\u00e0 pr\\u00e8s de 100 % sous forme d'\\u00e9nergie thermique.<\\\/p>\",\"margin\":\"default\"}}]},{\"type\":\"column\",\"props\":{\"image_position\":\"center-center\",\"position_sticky_breakpoint\":\"m\",\"vertical_align\":\"middle\",\"width_medium\":\"2-3\"},\"children\":[{\"type\":\"image\",\"props\":{\"image\":\"wp-content\\\/uploads\\\/2024\\\/11\\\/Conclusion.png\",\"image_svg_color\":\"emphasis\",\"margin\":\"default\"}}]}]}]},{\"type\":\"section\",\"props\":{\"image_position\":\"center-center\",\"style\":\"default\",\"title_breakpoint\":\"xl\",\"title_position\":\"top-left\",\"title_rotation\":\"left\",\"vertical_align\":\"middle\",\"width\":\"default\"},\"children\":[{\"type\":\"row\",\"children\":[{\"type\":\"column\",\"props\":{\"image_position\":\"center-center\",\"position_sticky_breakpoint\":\"m\",\"width_medium\":\"1-2\"},\"children\":[{\"type\":\"headline\",\"props\":{\"content\":\"N'h\\u00e9sitez pas \\u00e0 nous contacter.\",\"title_element\":\"h2\",\"title_style\":\"h1\"}},{\"type\":\"text\",\"props\":{\"column_breakpoint\":\"m\",\"content\":\"\n\n<p>Notre technologie ouvre de nouvelles voies. La prochaine \\u00e9tape est la construction d'une installation pilote. Peut-\\u00eatre chez vous ?<\\\/p>\",\"margin\":\"default\"}},{\"type\":\"button\",\"props\":{\"grid_column_gap\":\"small\",\"grid_row_gap\":\"small\",\"margin\":\"default\"},\"children\":[{\"type\":\"button_item\",\"props\":{\"button_style\":\"default\",\"content\":\"T\\u00e9l\\u00e9phone\",\"icon_align\":\"left\",\"link\":\"tel:+41448257880\"}},{\"type\":\"button_item\",\"props\":{\"button_style\":\"default\",\"content\":\"E-mail\",\"icon_align\":\"left\",\"link\":\"mailto:info@alnewa.com\"}}]},{\"type\":\"html\",\"props\":{\"content\":\"\n\n\"}}]},{\"type\":\"column\",\"props\":{\"image_position\":\"center-center\",\"position_sticky_breakpoint\":\"m\",\"width_medium\":\"1-2\"}}],\"props\":{\"layout\":\"1-2,1-2\"}}],\"name\":\"CTA\"}],\"version\":\"4.4.10\"} --><\/p>\n","protected":false},"excerpt":{"rendered":"<p>Comment utiliser le plasmaProduire du combustible Jusqu&rsquo;\u00e0 pr\u00e9sent : exemple de la production de ciment Le processus de combustion traditionnel avec un combustible fossile produit beaucoup de dioxyde de carbone. Le CO\u2082 provient en partie de sources min\u00e9rales et en partie du combustible. Production avec recyclage du CO\u2082 Alnewa place des diodes plasma dans le [&hellip;]<\/p>\n","protected":false},"author":1,"featured_media":0,"parent":0,"menu_order":0,"comment_status":"closed","ping_status":"closed","template":"","meta":{"_acf_changed":false,"footnotes":""},"class_list":["post-1504","page","type-page","status-publish","hentry"],"acf":[],"_links":{"self":[{"href":"https:\/\/streetsgallery.de\/fr\/wp-json\/wp\/v2\/pages\/1504","targetHints":{"allow":["GET"]}}],"collection":[{"href":"https:\/\/streetsgallery.de\/fr\/wp-json\/wp\/v2\/pages"}],"about":[{"href":"https:\/\/streetsgallery.de\/fr\/wp-json\/wp\/v2\/types\/page"}],"author":[{"embeddable":true,"href":"https:\/\/streetsgallery.de\/fr\/wp-json\/wp\/v2\/users\/1"}],"replies":[{"embeddable":true,"href":"https:\/\/streetsgallery.de\/fr\/wp-json\/wp\/v2\/comments?post=1504"}],"version-history":[{"count":13,"href":"https:\/\/streetsgallery.de\/fr\/wp-json\/wp\/v2\/pages\/1504\/revisions"}],"predecessor-version":[{"id":1990,"href":"https:\/\/streetsgallery.de\/fr\/wp-json\/wp\/v2\/pages\/1504\/revisions\/1990"}],"wp:attachment":[{"href":"https:\/\/streetsgallery.de\/fr\/wp-json\/wp\/v2\/media?parent=1504"}],"curies":[{"name":"wp","href":"https:\/\/api.w.org\/{rel}","templated":true}]}}