{"id":1499,"date":"2024-10-22T12:53:20","date_gmt":"2024-10-22T12:53:20","guid":{"rendered":"http:\/\/streetsgallery.de\/brennstoff\/"},"modified":"2025-03-06T11:02:32","modified_gmt":"2025-03-06T11:02:32","slug":"combustible","status":"publish","type":"page","link":"https:\/\/streetsgallery.de\/fr\/combustible\/","title":{"rendered":"Combustible"},"content":{"rendered":"<div>\n<p>\n<\/div>\n<h1>\n<p>D\u00e9fossilisation de processus industriels via le plasma<\/p>\n<\/h1>\n<div>\n<p>Un proc\u00e9d\u00e9 plasma qui, \u00e0 l&rsquo;aide d&rsquo;\u00e9lectricit\u00e9 renouvelable, transforme les \u00e9missions de CO\u2082 en un gaz combustible sans utiliser de H\u2082, r\u00e9duit consid\u00e9rablement l&rsquo;utilisation de combustibles fossiles. Un processus plasma offre des avantages \u00e9conomiques et \u00e9cologiques d\u00e9cisifs \u00e0 la production de ciment &amp; de clinker, mais aussi \u00e0 d&rsquo;autres industries \u00e0 forte consommation de chaleur :<\/p>\n<\/div>\n<p><video src=\"\/wp-content\/uploads\/2024\/11\/Feuer.mov\" poster=\"\"><\/video><\/p>\n<h2>\n<p>1. r\u00e9duction des \u00e9missions de CO\u2082 d&rsquo;origine fossile &amp; am\u00e9lioration du bilan climatique<\/p>\n<\/h2>\n<div>\n<p>L&rsquo;industrie du ciment est l&rsquo;un des plus gros \u00e9metteurs de CO\u2082 au monde. Environ 8 % des \u00e9missions mondiales de CO\u2082 proviennent de la production de ciment et de clinker. Dans ce contexte, les \u00e9missions de CO\u2082 proviennent de deux sources principales :<\/p>\n<ul>\n<li>\u00c9missions li\u00e9es au processus (~60 %) : Lib\u00e9ration de CO\u2082 lors de la calcination du calcaire (CaCO\u2083 \u2192 CaO + CO\u2082)<\/li>\n<li>\u00c9missions li\u00e9es aux combustibles (~40 %) : Utilisation de combustibles fossiles tels que le gaz, le p\u00e9trole ou le charbon et de combustibles secondaires alternatifs pour les fours de cuisson (par ex. CH\u2084 \u2192 CO\u2082 + H\u2082O)<\/li>\n<\/ul>\n<\/div>\n<h2>\n<p>2. \u00e9conomie de certificats CO\u2082 &amp; avantages r\u00e9glementaires<\/p>\n<\/h2>\n<div>\n<ul>\n<li>Actuellement, le prix des certificats CO\u2082 est de 120 CHF\/t CO\u2082 en Suisse et de 80 &#8211; 100 \u20ac\/t CO2 dans le syst\u00e8me europ\u00e9en d&rsquo;\u00e9change de quotas d&rsquo;\u00e9mission (EU-ETS) et il devrait continuer \u00e0 augmenter.<\/li>\n<li>La CH et l&rsquo;UE poursuivent une strat\u00e9gie de z\u00e9ro net d&rsquo;ici 2050 et de r\u00e9duction progressive des certificats gratuits pour les industries \u00e0 forte intensit\u00e9 d&rsquo;\u00e9missions.<\/li>\n<li>Les entreprises qui \u00e9mettent beaucoup de CO\u2082 doivent de plus en plus d\u00e9velopper des strat\u00e9gies de capture du carbone ou utiliser des combustibles alternatifs.<\/li>\n<li>En utilisant un combustible recycl\u00e9 \u00e0 partir de CO\u2082, l&rsquo;industrie du ciment pourrait r\u00e9duire consid\u00e9rablement le co\u00fbt des certificats de CO\u2082 et, \u00e0 long terme, \u00e9tablir des processus neutres en termes de CO\u2082 en ce qui concerne les combustibles.<\/li>\n<\/ul>\n<\/div>\n<h2>\n<p>3. rentabilit\u00e9 &amp; efficacit\u00e9 \u00e9nerg\u00e9tique<\/p>\n<\/h2>\n<div>\n<ul>\n<li>L&rsquo;utilisation directe d&rsquo;un m\u00e9lange riche en CO\/O\u2082 \u00e0 base de plasma \u00e9vite de modifier les fours \u00e0 clinker existants, ce qui permet d&rsquo;\u00e9conomiser d&rsquo;\u00e9normes investissements.<\/li>\n<li>Les infrastructures d&rsquo;installations existantes restent utilisables, car le combustible plasma peut \u00eatre utilis\u00e9 directement dans des br\u00fbleurs conventionnels.<\/li>\n<li>Les proc\u00e9d\u00e9s \u00e0 base de H\u2082 sont chers, compliqu\u00e9s et laborieux, alors qu&rsquo;un m\u00e9lange CO\/O\u2082 de -283 kJ\/mol a \u00e0 peu pr\u00e8s le m\u00eame pouvoir calorifique que l&rsquo;hydrog\u00e8ne (H\u2082) de -285 kJ\/mol.<\/li>\n<\/ul>\n<\/div>\n<h3>4. durabilit\u00e9 &amp; ind\u00e9pendance vis-\u00e0-vis des combustibles fossiles<\/h3>\n<div>\n<ul>\n<li>Les incertitudes g\u00e9opolitiques et l&rsquo;augmentation des co\u00fbts d&rsquo;importation des combustibles fossiles menacent la s\u00e9curit\u00e9 d&rsquo;approvisionnement.<\/li>\n<li>Le combustible \u00e0 base de plasma permet de disposer d&rsquo;une source d&rsquo;\u00e9nergie locale, renouvelable et neutre en termes de CO\u2082.<\/li>\n<\/ul>\n<\/div>\n<h3>5. cadre politique &amp; possibilit\u00e9s de soutien<\/h3>\n<div>\n<ul>\n<li>Le \u00ab Green Deal \u00bb, la strat\u00e9gie \u00ab z\u00e9ro net \u00bb et la taxonomie europ\u00e9enne pour les investissements durables exigent une r\u00e9duction drastique des \u00e9missions de CO\u2082 d&rsquo;origine fossile.<\/li>\n<li>C&rsquo;est pourquoi de nombreux gouvernements soutiennent et encouragent les technologies de pr\u00e9vention et de r\u00e9duction du CO\u2082 ainsi que leur utilisation par le biais de subventions ou d&rsquo;incitations fiscales.<\/li>\n<li>Les proc\u00e9d\u00e9s plasma pourraient faire partie des contrats carbone pour la diff\u00e9rence (CCfD), dans le cadre desquels les entreprises sont compens\u00e9es par l&rsquo;\u00c9tat pour les r\u00e9ductions de CO\u2082.<\/li>\n<\/ul>\n<\/div>\n<h2>\n<p>Conclusion : un avantage concurrentiel gr\u00e2ce au plasma<\/p>\n<\/h2>\n<div>\n<ul>\n<li>\n<p>L&rsquo;int\u00e9gration d&rsquo;un processus plasma pour la conversion du CO\u2082 permet de r\u00e9duire de mani\u00e8re significative les \u00e9missions de CO\u2082 d&rsquo;origine fossile des processus thermiques \u00e0 forte intensit\u00e9 de CO\u2082, comme ceux de la production de clinker.<\/p>\n<\/li>\n<li>Des co\u00fbts de certificats de CO\u2082 de l&rsquo;ordre de 120 CHF\/tonne de CO\u2082 sont \u00e9conomis\u00e9s.<\/li>\n<li>L&rsquo;infrastructure existante peut \u00eatre r\u00e9utilis\u00e9e et des transformations co\u00fbteuses \u00e9vit\u00e9es (CAPEX).<\/li>\n<li>L&rsquo;ind\u00e9pendance vis-\u00e0-vis des combustibles fossiles est atteinte.\n<\/p>\n<\/li>\n<\/ul>\n<p>Celui qui investit t\u00f4t dans cette technologie s&rsquo;assure des avantages concurrentiels pr\u00e9coces et se positionne en tant que pr\u00e9curseur dans une industrie de mat\u00e9riaux de construction climatiquement neutre !<\/p>\n<\/div>\n<p><img decoding=\"async\" src=\"\/wp-content\/uploads\/2024\/10\/circle-soft.svg\" alt=\"\"><br \/>\n<img decoding=\"async\" src=\"\/wp-content\/uploads\/2024\/10\/circle-soft.svg\" alt=\"\"><br \/>\n<img decoding=\"async\" src=\"\/wp-content\/uploads\/2024\/10\/circle-soft.svg\" alt=\"\"><\/p>\n<h2>N&rsquo;h\u00e9sitez pas \u00e0 nous contacter.<\/h2>\n<div>\n<p>Cette technologie ouvre de nouvelles voies. Bien entendu, nous souhaitons prouver et chiffrer plus pr\u00e9cis\u00e9ment les performances de notre combustible dans la pratique. Les possibilit\u00e9s d&rsquo;application pratique vous int\u00e9ressent-elles ? Alors explorons-le.<\/p>\n<\/div>\n<ul>\n<li>\n        <a href=\"tel:+41448257880\">T\u00e9l\u00e9phone<\/a>\n    <\/li>\n<li>\n        <a href=\"mailto:info@alnewa.com\">E-mail<\/a>\n    <\/li>\n<\/ul>\n<div>\n<\/div>\n<p><video src=\"\/wp-content\/uploads\/2024\/11\/Feuer.mov\" poster=\"\"><\/video><\/p>\n<p><!--more--><br \/>\n<!-- {\"type\":\"layout\",\"children\":[{\"type\":\"section\",\"props\":{\"image_position\":\"center-center\",\"padding_remove_top\":true,\"style\":\"default\",\"title_breakpoint\":\"xl\",\"title_position\":\"top-left\",\"title_rotation\":\"left\",\"vertical_align\":\"middle\",\"width\":\"default\",\"width_expand\":\"right\"},\"children\":[{\"type\":\"row\",\"children\":[{\"type\":\"column\",\"props\":{\"image_position\":\"center-center\",\"position_sticky_breakpoint\":\"m\",\"vertical_align\":\"bottom\",\"width_medium\":\"1-3\"},\"children\":[{\"type\":\"html\",\"props\":{\"content\":\"<br \/>\"}},{\"type\":\"headline\",\"props\":{\"content\":\"\n\n<p>D\\u00e9fossilisation de processus industriels via le plasma<\\\/p>\",\"position_left\":\"30\",\"title_element\":\"h1\"}},{\"type\":\"text\",\"props\":{\"column_breakpoint\":\"m\",\"content\":\"\n\n<p>Un proc\\u00e9d\\u00e9 plasma qui, \\u00e0 l'aide d'\\u00e9lectricit\\u00e9 renouvelable, transforme les \\u00e9missions de CO\\u2082 en un gaz combustible sans utiliser de H\\u2082, r\\u00e9duit consid\\u00e9rablement l'utilisation de combustibles fossiles. Un processus plasma offre des avantages \\u00e9conomiques et \\u00e9cologiques d\\u00e9cisifs \\u00e0 la production de ciment &amp; de clinker, mais aussi \\u00e0 d'autres industries \\u00e0 forte consommation de chaleur :<\\\/p>\",\"margin\":\"default\"}}]},{\"type\":\"column\",\"props\":{\"image_position\":\"center-center\",\"position_sticky_breakpoint\":\"m\",\"width_medium\":\"2-3\"},\"children\":[{\"type\":\"video\",\"props\":{\"animation\":\"parallax\",\"margin\":\"default\",\"parallax_x\":\"180\",\"position\":\"relative\",\"position_left\":\"60\",\"video\":\"wp-content\\\/uploads\\\/2024\\\/11\\\/Feuer.mov\",\"video_autoplay\":\"inview\",\"video_controls\":false,\"video_loop\":false,\"video_muted\":true}}]}],\"props\":{\"layout\":\"1-3,2-3\"}}]},{\"type\":\"section\",\"props\":{\"image_position\":\"center-center\",\"style\":\"default\",\"title_breakpoint\":\"xl\",\"title_position\":\"top-left\",\"title_rotation\":\"left\",\"vertical_align\":\"middle\",\"width\":\"default\"},\"children\":[{\"type\":\"row\",\"props\":{\"layout\":\"1-2,1-2\",\"margin\":\"large\"},\"children\":[{\"type\":\"column\",\"props\":{\"image_position\":\"center-center\",\"position_sticky_breakpoint\":\"m\",\"width_medium\":\"1-2\"},\"children\":[{\"type\":\"headline\",\"props\":{\"content\":\"\n\n<p>1. r\\u00e9duction des \\u00e9missions de CO\\u2082 d'origine fossile &amp; am\\u00e9lioration du bilan climatique<\\\/p>\",\"margin\":\"large\",\"margin_remove_bottom\":true,\"title_element\":\"h2\",\"title_style\":\"h3\"}},{\"type\":\"text\",\"props\":{\"column_breakpoint\":\"m\",\"content\":\"\n\n<p>L'industrie du ciment est l'un des plus gros \\u00e9metteurs de CO\\u2082 au monde. Environ 8 % des \\u00e9missions mondiales de CO\\u2082 proviennent de la production de ciment et de clinker. Dans ce contexte, les \\u00e9missions de CO\\u2082 proviennent de deux sources principales :<\\\/p>\\n\n\n<ul>\\n\n\n<li>\\u00c9missions li\\u00e9es au processus (~60 %) : Lib\\u00e9ration de CO\\u2082 lors de la calcination du calcaire (CaCO\\u2083 \\u2192 CaO + CO\\u2082)<\\\/li>\\n\n\n<li>\\u00c9missions li\\u00e9es aux combustibles (~40 %) : Utilisation de combustibles fossiles tels que le gaz, le p\\u00e9trole ou le charbon et de combustibles secondaires alternatifs pour les fours de cuisson (par ex. CH\\u2084 \\u2192 CO\\u2082 + H\\u2082O)<\\\/li>\\n<\\\/ul>\",\"margin\":\"default\"}},{\"type\":\"headline\",\"props\":{\"content\":\"\n\n<p>2. \\u00e9conomie de certificats CO\\u2082 &amp; avantages r\\u00e9glementaires<\\\/p>\",\"margin\":\"large\",\"margin_remove_bottom\":true,\"title_element\":\"h2\",\"title_style\":\"h3\"}},{\"type\":\"text\",\"props\":{\"column_breakpoint\":\"m\",\"content\":\"\n\n<ul>\\n\n\n<li>Actuellement, le prix des certificats CO\\u2082 est de 120 CHF\\\/t CO\\u2082 en Suisse et de 80 - 100 \\u20ac\\\/t CO2 dans le syst\\u00e8me europ\\u00e9en d'\\u00e9change de quotas d'\\u00e9mission (EU-ETS) et il devrait continuer \\u00e0 augmenter.<\\\/li>\\n\n\n<li>La CH et l'UE poursuivent une strat\\u00e9gie de z\\u00e9ro net d'ici 2050 et de r\\u00e9duction progressive des certificats gratuits pour les industries \\u00e0 forte intensit\\u00e9 d'\\u00e9missions.<\\\/li>\\n\n\n<li>Les entreprises qui \\u00e9mettent beaucoup de CO\\u2082 doivent de plus en plus d\\u00e9velopper des strat\\u00e9gies de capture du carbone ou utiliser des combustibles alternatifs.<\\\/li>\\n\n\n<li>En utilisant un combustible recycl\\u00e9 \\u00e0 partir de CO\\u2082, l'industrie du ciment pourrait r\\u00e9duire consid\\u00e9rablement le co\\u00fbt des certificats de CO\\u2082 et, \\u00e0 long terme, \\u00e9tablir des processus neutres en termes de CO\\u2082 en ce qui concerne les combustibles.<\\\/li>\\n<\\\/ul>\",\"margin\":\"default\"}},{\"type\":\"headline\",\"props\":{\"content\":\"\n\n<p>3. rentabilit\\u00e9 &amp; efficacit\\u00e9 \\u00e9nerg\\u00e9tique<\\\/p>\",\"margin\":\"large\",\"margin_remove_bottom\":true,\"title_element\":\"h2\",\"title_style\":\"h3\"}},{\"type\":\"text\",\"props\":{\"column_breakpoint\":\"m\",\"content\":\"\n\n<ul>\\n\n\n<li>L'utilisation directe d'un m\\u00e9lange riche en CO\\\/O\\u2082 \\u00e0 base de plasma \\u00e9vite de modifier les fours \\u00e0 clinker existants, ce qui permet d'\\u00e9conomiser d'\\u00e9normes investissements.<\\\/li>\\n\n\n<li>Les infrastructures d'installations existantes restent utilisables, car le combustible plasma peut \\u00eatre utilis\\u00e9 directement dans des br\\u00fbleurs conventionnels.<\\\/li>\\n\n\n<li>Les proc\\u00e9d\\u00e9s \\u00e0 base de H\\u2082 sont chers, compliqu\\u00e9s et laborieux, alors qu'un m\\u00e9lange CO\\\/O\\u2082 de -283 kJ\\\/mol a \\u00e0 peu pr\\u00e8s le m\\u00eame pouvoir calorifique que l'hydrog\\u00e8ne (H\\u2082) de -285 kJ\\\/mol.<\\\/li>\\n<\\\/ul>\",\"margin\":\"default\"}},{\"type\":\"headline\",\"props\":{\"content\":\"4. durabilit\\u00e9 &amp; ind\\u00e9pendance vis-\\u00e0-vis des combustibles fossiles\",\"title_element\":\"h3\"}},{\"type\":\"text\",\"props\":{\"column_breakpoint\":\"m\",\"content\":\"\n\n<ul>\\n\n\n<li>Les incertitudes g\\u00e9opolitiques et l'augmentation des co\\u00fbts d'importation des combustibles fossiles menacent la s\\u00e9curit\\u00e9 d'approvisionnement.<\\\/li>\\n\n\n<li>Le combustible \\u00e0 base de plasma permet de disposer d'une source d'\\u00e9nergie locale, renouvelable et neutre en termes de CO\\u2082.<\\\/li>\\n<\\\/ul>\",\"margin\":\"default\"}},{\"type\":\"headline\",\"props\":{\"content\":\"5. cadre politique &amp; possibilit\\u00e9s de soutien\",\"title_element\":\"h3\"}},{\"type\":\"text\",\"props\":{\"column_breakpoint\":\"m\",\"content\":\"\n\n<ul>\\n\n\n<li>Le \\u00ab Green Deal \\u00bb, la strat\\u00e9gie \\u00ab z\\u00e9ro net \\u00bb et la taxonomie europ\\u00e9enne pour les investissements durables exigent une r\\u00e9duction drastique des \\u00e9missions de CO\\u2082 d'origine fossile.<\\\/li>\\n\n\n<li>C'est pourquoi de nombreux gouvernements soutiennent et encouragent les technologies de pr\\u00e9vention et de r\\u00e9duction du CO\\u2082 ainsi que leur utilisation par le biais de subventions ou d'incitations fiscales.<\\\/li>\\n\n\n<li>Les proc\\u00e9d\\u00e9s plasma pourraient faire partie des contrats carbone pour la diff\\u00e9rence (CCfD), dans le cadre desquels les entreprises sont compens\\u00e9es par l'\\u00c9tat pour les r\\u00e9ductions de CO\\u2082.<\\\/li>\\n<\\\/ul>\",\"margin\":\"default\"}},{\"type\":\"headline\",\"props\":{\"content\":\"\n\n<p>Conclusion : un avantage concurrentiel gr\\u00e2ce au plasma<\\\/p>\",\"title_element\":\"h2\",\"title_style\":\"h1\"}},{\"type\":\"text\",\"props\":{\"column_breakpoint\":\"m\",\"content\":\"\n\n<ul>\\n\n\n<li>\\n\n\n<p>L'int\\u00e9gration d'un processus plasma pour la conversion du CO\\u2082 permet de r\\u00e9duire de mani\\u00e8re significative les \\u00e9missions de CO\\u2082 d'origine fossile des processus thermiques \\u00e0 forte intensit\\u00e9 de CO\\u2082, comme ceux de la production de clinker.<\\\/p>\\n<\\\/li>\\n\n\n<li>Des co\\u00fbts de certificats de CO\\u2082 de l'ordre de 120 CHF\\\/tonne de CO\\u2082 sont \\u00e9conomis\\u00e9s.<\\\/li>\\n\n\n<li>L'infrastructure existante peut \\u00eatre r\\u00e9utilis\\u00e9e et des transformations co\\u00fbteuses \\u00e9vit\\u00e9es (CAPEX).<\\\/li>\\n\n\n<li>L'ind\\u00e9pendance vis-\\u00e0-vis des combustibles fossiles est atteinte.\\n\n\n<p><\\\/p>\\n<\\\/li>\\n<\\\/ul>\\n\n\n<p>Celui qui investit t\\u00f4t dans cette technologie s'assure des avantages concurrentiels pr\\u00e9coces et se positionne en tant que pr\\u00e9curseur dans une industrie de mat\\u00e9riaux de construction climatiquement neutre !<\\\/p>\",\"margin\":\"default\"}}]},{\"type\":\"column\",\"props\":{\"image_position\":\"center-center\",\"position_sticky_breakpoint\":\"m\",\"width_medium\":\"1-2\"},\"children\":[{\"type\":\"image\",\"props\":{\"animation\":\"parallax\",\"image\":\"wp-content\\\/uploads\\\/2024\\\/10\\\/circle-soft.svg\",\"image_svg_color\":\"primary\",\"image_svg_inline\":false,\"image_width\":300,\"margin\":\"default\",\"parallax_y\":\"-290\",\"position_left\":\"-130\",\"text_align\":\"right\",\"visibility\":\"m\"}},{\"type\":\"image\",\"props\":{\"animation\":\"parallax\",\"image\":\"wp-content\\\/uploads\\\/2024\\\/10\\\/circle-soft.svg\",\"image_svg_color\":\"primary\",\"image_svg_inline\":false,\"image_width\":300,\"margin\":\"default\",\"parallax_y\":\"-290\",\"position_left\":\"-130\",\"text_align\":\"right\",\"visibility\":\"m\"}},{\"type\":\"image\",\"props\":{\"animation\":\"parallax\",\"image\":\"wp-content\\\/uploads\\\/2024\\\/10\\\/circle-soft.svg\",\"image_svg_color\":\"primary\",\"image_svg_inline\":false,\"image_width\":300,\"margin\":\"default\",\"parallax_y\":\"-290\",\"position_left\":\"-130\",\"text_align\":\"right\",\"visibility\":\"m\"}}]}]}]},{\"type\":\"section\",\"props\":{\"image_position\":\"center-center\",\"padding_remove_bottom\":true,\"style\":\"default\",\"title_breakpoint\":\"xl\",\"title_position\":\"top-left\",\"title_rotation\":\"left\",\"vertical_align\":\"middle\",\"width\":\"default\"},\"children\":[{\"type\":\"row\",\"children\":[{\"type\":\"column\",\"props\":{\"image_position\":\"center-center\",\"position_sticky_breakpoint\":\"m\",\"width_medium\":\"1-3\"},\"children\":[{\"type\":\"headline\",\"props\":{\"content\":\"N'h\\u00e9sitez pas \\u00e0 nous contacter.\",\"title_element\":\"h2\",\"title_style\":\"h1\"}},{\"type\":\"text\",\"props\":{\"column_breakpoint\":\"m\",\"content\":\"\n\n<p>Cette technologie ouvre de nouvelles voies. Bien entendu, nous souhaitons prouver et chiffrer plus pr\\u00e9cis\\u00e9ment les performances de notre combustible dans la pratique. Les possibilit\\u00e9s d'application pratique vous int\\u00e9ressent-elles ? Alors explorons-le.<\\\/p>\",\"margin\":\"default\"}},{\"type\":\"button\",\"props\":{\"grid_column_gap\":\"small\",\"grid_row_gap\":\"small\",\"margin\":\"default\"},\"children\":[{\"type\":\"button_item\",\"props\":{\"button_style\":\"default\",\"content\":\"T\\u00e9l\\u00e9phone\",\"icon_align\":\"left\",\"link\":\"tel:+41448257880\"}},{\"type\":\"button_item\",\"props\":{\"button_style\":\"default\",\"content\":\"E-mail\",\"icon_align\":\"left\",\"link\":\"mailto:info@alnewa.com\"}}]},{\"type\":\"html\",\"props\":{\"content\":\"\n\n\"}}]},{\"type\":\"column\",\"props\":{\"image_position\":\"center-center\",\"position_sticky_breakpoint\":\"m\",\"width_medium\":\"2-3\"},\"children\":[{\"type\":\"video\",\"props\":{\"animation\":\"parallax\",\"margin\":\"default\",\"parallax_x\":\"180\",\"position\":\"relative\",\"position_left\":\"60\",\"video\":\"wp-content\\\/uploads\\\/2024\\\/11\\\/Feuer.mov\",\"video_autoplay\":\"inview\",\"video_controls\":false,\"video_loop\":false,\"video_muted\":true}}]}],\"props\":{\"layout\":\"1-3,2-3\"}}],\"name\":\"CTA\"}],\"version\":\"4.4.10\"} --><\/p>\n","protected":false},"excerpt":{"rendered":"<p>D\u00e9fossilisation de processus industriels via le plasma Un proc\u00e9d\u00e9 plasma qui, \u00e0 l&rsquo;aide d&rsquo;\u00e9lectricit\u00e9 renouvelable, transforme les \u00e9missions de CO\u2082 en un gaz combustible sans utiliser de H\u2082, r\u00e9duit consid\u00e9rablement l&rsquo;utilisation de combustibles fossiles. Un processus plasma offre des avantages \u00e9conomiques et \u00e9cologiques d\u00e9cisifs \u00e0 la production de ciment &amp; de clinker, mais aussi \u00e0 [&hellip;]<\/p>\n","protected":false},"author":1,"featured_media":0,"parent":0,"menu_order":0,"comment_status":"closed","ping_status":"closed","template":"","meta":{"_acf_changed":false,"footnotes":""},"class_list":["post-1499","page","type-page","status-publish","hentry"],"acf":[],"_links":{"self":[{"href":"https:\/\/streetsgallery.de\/fr\/wp-json\/wp\/v2\/pages\/1499","targetHints":{"allow":["GET"]}}],"collection":[{"href":"https:\/\/streetsgallery.de\/fr\/wp-json\/wp\/v2\/pages"}],"about":[{"href":"https:\/\/streetsgallery.de\/fr\/wp-json\/wp\/v2\/types\/page"}],"author":[{"embeddable":true,"href":"https:\/\/streetsgallery.de\/fr\/wp-json\/wp\/v2\/users\/1"}],"replies":[{"embeddable":true,"href":"https:\/\/streetsgallery.de\/fr\/wp-json\/wp\/v2\/comments?post=1499"}],"version-history":[{"count":10,"href":"https:\/\/streetsgallery.de\/fr\/wp-json\/wp\/v2\/pages\/1499\/revisions"}],"predecessor-version":[{"id":2140,"href":"https:\/\/streetsgallery.de\/fr\/wp-json\/wp\/v2\/pages\/1499\/revisions\/2140"}],"wp:attachment":[{"href":"https:\/\/streetsgallery.de\/fr\/wp-json\/wp\/v2\/media?parent=1499"}],"curies":[{"name":"wp","href":"https:\/\/api.w.org\/{rel}","templated":true}]}}