{"id":1495,"date":"2024-10-22T12:55:03","date_gmt":"2024-10-22T12:55:03","guid":{"rendered":"http:\/\/streetsgallery.de\/datenschutz\/"},"modified":"2024-11-05T14:24:55","modified_gmt":"2024-11-05T14:24:55","slug":"protection-des-donnees","status":"publish","type":"page","link":"https:\/\/streetsgallery.de\/fr\/protection-des-donnees\/","title":{"rendered":"Protection des donn\u00e9es"},"content":{"rendered":"<h1>Protection des donn\u00e9es<\/h1>\n<div>\n<p>Pour Alnewa AG, la protection de vos donn\u00e9es personnelles est une \u00e9vidence. En visitant notre site web, vous acceptez cette d\u00e9claration de protection des donn\u00e9es et l&rsquo;utilisation de cookies.<\/p>\n<p>L&rsquo;utilisation de notre site web est en grande partie possible sans indication de donn\u00e9es personnelles.<\/p>\n<h4>Formulaires<\/h4>\n<p>L&rsquo;\u00e9ventuelle saisie de donn\u00e9es personnelles (nom, adresse e-mail, etc.) dans les formulaires de notre site web est facultative. Les donn\u00e9es que vous fournissez dans les formulaires, y compris votre adresse IP, sont enregistr\u00e9es chez nous afin de traiter votre demande. Ces donn\u00e9es ne sont pas transmises \u00e0 des tiers.<\/p>\n<h4>Cookies<\/h4>\n<p>Notre site web utilise ce que l&rsquo;on appelle des cookies. Les cookies n&rsquo;endommagent pas votre ordinateur. Les cookies sont de petits fichiers texte qui sont d\u00e9pos\u00e9s sur votre ordinateur et que votre navigateur enregistre. Si vous souhaitez emp\u00eacher l&rsquo;utilisation de cookies, vous pouvez configurer votre navigateur Internet en cons\u00e9quence.<\/p>\n<h4>Google Analytics<\/h4>\n<p>Ce site web utilise Google Analytics, un service d&rsquo;analyse web de Googe Inc (\u00ab Google \u00bb). Google Analytics utilise des \u00ab cookies \u00bb, des fichiers texte qui sont enregistr\u00e9s sur votre ordinateur et qui permettent d&rsquo;analyser votre utilisation du site web. Les donn\u00e9es g\u00e9n\u00e9r\u00e9es par les cookies concernant votre utilisation du site (y compris votre adresse IP) seront transmises et stock\u00e9es par Google sur des serveurs situ\u00e9s aux \u00c9tats-Unis. Google utilisera cette information dans le but d&rsquo;\u00e9valuer votre utilisation du site, de compiler des rapports sur l&rsquo;activit\u00e9 du site \u00e0 destination de son \u00e9diteur et de fournir d&rsquo;autres services relatifs \u00e0 l&rsquo;activit\u00e9 du site et \u00e0 l&rsquo;utilisation d&rsquo;Internet. Le cas \u00e9ch\u00e9ant, Google transmettra \u00e9galement ces informations \u00e0 des tiers, dans la mesure o\u00f9 cela est prescrit par la loi ou si des tiers traitent ces donn\u00e9es pour le compte de Google. Google wird in keinem Fall Ihre IP-Adresse mit anderen Daten von\u00a0 Google in Verbindung bringen. Sie k\u00f6nnen die Installation der Cookies durch eine entsprechende Einstellung Ihrer Browser-Software verhindern; wir weisen Sie jedoch darauf hin, dass Sie in diesem Fall gegebenenfalls nicht s\u00e4mtliche Funktionen dieser Website vollumf\u00e4nglich nutzen k\u00f6nnen. Durch die Nutzung dieser Website erkl\u00e4ren Sie sich mit der Bearbeitung der \u00fcber Sie erhobenen Daten durch Google in der zuvor beschriebenen Art und Weise und zu dem zuvor benannten Zweck einverstanden.<\/p>\n<p>Details zu den Nutzungsbedingungen f\u00fcr Google Analytics finden Sie unter:<\/p>\n<p><a href=\"https:\/\/www.google.com\/analytics\/terms\/fr.html\" target=\"_blank\" rel=\"noopener noreferrer\">https:\/\/www.google.com\/analytics\/terms\/fr.html<\/a><\/p>\n<p>Sie k\u00f6nnen der Erhebung der Daten durch Google-Analytics mit Wirkung in Zukunft widersprechen, indem sie ein Deaktivierungs-Add-on f\u00fcr Ihren Browser installieren:\u00a0<a href=\"http:\/\/tools.google.com\/dlpage\/gaoptout?hl=de\" target=\"_blank\" rel=\"noopener noreferrer\">http:\/\/tools.google.com\/dlpage\/gaoptout?hl=fr<\/a><\/p>\n<h4><strong>Google Fonts<\/strong><\/h4>\n<p>En utilisant Google Fonts, Google enregistre toute utilisation de notre site web. Cela inclut par exemple votre adresse IP.<\/p>\n<h4>Renseignements<\/h4>\n<p>Si vous avez des questions sur les donn\u00e9es que nous d\u00e9tenons \u00e0 votre sujet ou si vous souhaitez les supprimer, envoyez un e-mail \u00e0 l&rsquo;adresse suivante <a href=\"mailto:info@alnewa.com\">info@alnewa.com<\/a>.<\/p>\n<\/div>\n<div>\n<p>\n<\/div>\n<p><!--more--><br \/>\n<!-- {\"type\":\"layout\",\"children\":[{\"type\":\"section\",\"props\":{\"image_position\":\"center-center\",\"style\":\"default\",\"title_breakpoint\":\"xl\",\"title_position\":\"top-left\",\"title_rotation\":\"left\",\"vertical_align\":\"middle\",\"width\":\"default\"},\"children\":[{\"type\":\"row\",\"props\":{\"layout\":\"1-2,1-2\"},\"children\":[{\"type\":\"column\",\"props\":{\"image_position\":\"center-center\",\"position_sticky_breakpoint\":\"m\",\"width_medium\":\"1-2\"},\"children\":[{\"type\":\"headline\",\"props\":{\"content\":\"Protection des donn\\u00e9es\",\"title_element\":\"h1\"}},{\"type\":\"text\",\"props\":{\"column_breakpoint\":\"m\",\"content\":\"\n\n<p>Pour Alnewa AG, la protection de vos donn\\u00e9es personnelles est une \\u00e9vidence. En visitant notre site web, vous acceptez cette d\\u00e9claration de protection des donn\\u00e9es et l'utilisation de cookies.<\\\/p>\\n\n\n<p>L'utilisation de notre site web est en grande partie possible sans indication de donn\\u00e9es personnelles.<\\\/p>\\n\n\n<h4>Formulaires<\\\/h4>\\n\n\n<p>L'\\u00e9ventuelle saisie de donn\\u00e9es personnelles (nom, adresse e-mail, etc.) dans les formulaires de notre site web est facultative. Les donn\\u00e9es que vous fournissez dans les formulaires, y compris votre adresse IP, sont enregistr\\u00e9es chez nous afin de traiter votre demande. Ces donn\\u00e9es ne sont pas transmises \\u00e0 des tiers.<\\\/p>\\n\n\n<h4>Cookies<\\\/h4>\\n\n\n<p>Notre site web utilise ce que l'on appelle des cookies. Les cookies n'endommagent pas votre ordinateur. Les cookies sont de petits fichiers texte qui sont d\\u00e9pos\\u00e9s sur votre ordinateur et que votre navigateur enregistre. Si vous souhaitez emp\\u00eacher l'utilisation de cookies, vous pouvez configurer votre navigateur Internet en cons\\u00e9quence.<\\\/p>\\n\n\n<h4>Google Analytics<\\\/h4>\\n\n\n<p>Ce site web utilise Google Analytics, un service d'analyse web de Googe Inc (\\u00ab Google \\u00bb). Google Analytics utilise des \\u00ab cookies \\u00bb, des fichiers texte qui sont enregistr\\u00e9s sur votre ordinateur et qui permettent d'analyser votre utilisation du site web. Les donn\\u00e9es g\\u00e9n\\u00e9r\\u00e9es par les cookies concernant votre utilisation du site (y compris votre adresse IP) seront transmises et stock\\u00e9es par Google sur des serveurs situ\\u00e9s aux \\u00c9tats-Unis. Google utilisera cette information dans le but d'\\u00e9valuer votre utilisation du site, de compiler des rapports sur l'activit\\u00e9 du site \\u00e0 destination de son \\u00e9diteur et de fournir d'autres services relatifs \\u00e0 l'activit\\u00e9 du site et \\u00e0 l'utilisation d'Internet. Le cas \\u00e9ch\\u00e9ant, Google transmettra \\u00e9galement ces informations \\u00e0 des tiers, dans la mesure o\\u00f9 cela est prescrit par la loi ou si des tiers traitent ces donn\\u00e9es pour le compte de Google. Google wird in keinem Fall Ihre IP-Adresse mit anderen Daten von\\u00a0 Google in Verbindung bringen. Sie k\\u00f6nnen die Installation der Cookies durch eine entsprechende Einstellung Ihrer Browser-Software verhindern; wir weisen Sie jedoch darauf hin, dass Sie in diesem Fall gegebenenfalls nicht s\\u00e4mtliche Funktionen dieser Website vollumf\\u00e4nglich nutzen k\\u00f6nnen. Durch die Nutzung dieser Website erkl\\u00e4ren Sie sich mit der Bearbeitung der \\u00fcber Sie erhobenen Daten durch Google in der zuvor beschriebenen Art und Weise und zu dem zuvor benannten Zweck einverstanden.<\\\/p>\\n\n\n<p>Details zu den Nutzungsbedingungen f\\u00fcr Google Analytics finden Sie unter:<\\\/p>\\n\n\n<p><a href=\\\"https:\\\/\\\/www.google.com\\\/analytics\\\/terms\\\/fr.html\\\" target=\\\"_blank\\\" rel=\\\"noopener noreferrer\\\">https:\\\/\\\/www.google.com\\\/analytics\\\/terms\\\/fr.html<\\\/a><\\\/p>\\n\n\n<p>Sie k\\u00f6nnen der Erhebung der Daten durch Google-Analytics mit Wirkung in Zukunft widersprechen, indem sie ein Deaktivierungs-Add-on f\\u00fcr Ihren Browser installieren:\\u00a0<a href=\\\"http:\\\/\\\/tools.google.com\\\/dlpage\\\/gaoptout?hl=de\\\" target=\\\"_blank\\\" rel=\\\"noopener noreferrer\\\">http:\\\/\\\/tools.google.com\\\/dlpage\\\/gaoptout?hl=fr<\\\/a><\\\/p>\\n\n\n<h4><strong>Google Fonts<\\\/strong><\\\/h4>\\n\n\n<p>En utilisant Google Fonts, Google enregistre toute utilisation de notre site web. Cela inclut par exemple votre adresse IP.<\\\/p>\\n\n\n<h4>Renseignements<\\\/h4>\\n\n\n<p>Si vous avez des questions sur les donn\\u00e9es que nous d\\u00e9tenons \\u00e0 votre sujet ou si vous souhaitez les supprimer, envoyez un e-mail \\u00e0 l'adresse suivante <a href=\\\"mailto:info@alnewa.com\\\">info@alnewa.com<\\\/a>.<\\\/p>\",\"margin\":\"default\"}},{\"type\":\"html\",\"props\":{\"content\":\"\n\n<br \/>\"}}]},{\"type\":\"column\",\"props\":{\"image_position\":\"center-center\",\"position_sticky_breakpoint\":\"m\",\"width_medium\":\"1-2\"}}]}]}],\"version\":\"4.4.10\"} --><\/p>\n","protected":false},"excerpt":{"rendered":"<p>Protection des donn\u00e9es Pour Alnewa AG, la protection de vos donn\u00e9es personnelles est une \u00e9vidence. En visitant notre site web, vous acceptez cette d\u00e9claration de protection des donn\u00e9es et l&rsquo;utilisation de cookies. L&rsquo;utilisation de notre site web est en grande partie possible sans indication de donn\u00e9es personnelles. Formulaires L&rsquo;\u00e9ventuelle saisie de donn\u00e9es personnelles (nom, adresse [&hellip;]<\/p>\n","protected":false},"author":1,"featured_media":0,"parent":0,"menu_order":0,"comment_status":"closed","ping_status":"closed","template":"","meta":{"_acf_changed":false,"footnotes":""},"class_list":["post-1495","page","type-page","status-publish","hentry"],"acf":[],"_links":{"self":[{"href":"https:\/\/streetsgallery.de\/fr\/wp-json\/wp\/v2\/pages\/1495","targetHints":{"allow":["GET"]}}],"collection":[{"href":"https:\/\/streetsgallery.de\/fr\/wp-json\/wp\/v2\/pages"}],"about":[{"href":"https:\/\/streetsgallery.de\/fr\/wp-json\/wp\/v2\/types\/page"}],"author":[{"embeddable":true,"href":"https:\/\/streetsgallery.de\/fr\/wp-json\/wp\/v2\/users\/1"}],"replies":[{"embeddable":true,"href":"https:\/\/streetsgallery.de\/fr\/wp-json\/wp\/v2\/comments?post=1495"}],"version-history":[{"count":5,"href":"https:\/\/streetsgallery.de\/fr\/wp-json\/wp\/v2\/pages\/1495\/revisions"}],"predecessor-version":[{"id":1599,"href":"https:\/\/streetsgallery.de\/fr\/wp-json\/wp\/v2\/pages\/1495\/revisions\/1599"}],"wp:attachment":[{"href":"https:\/\/streetsgallery.de\/fr\/wp-json\/wp\/v2\/media?parent=1495"}],"curies":[{"name":"wp","href":"https:\/\/api.w.org\/{rel}","templated":true}]}}