{"id":912,"date":"2024-11-01T19:32:39","date_gmt":"2024-11-01T19:32:39","guid":{"rendered":"http:\/\/streetsgallery.de\/?page_id=912"},"modified":"2025-03-05T15:54:35","modified_gmt":"2025-03-05T15:54:35","slug":"investieren","status":"publish","type":"page","link":"https:\/\/streetsgallery.de\/de\/investieren\/","title":{"rendered":"Investieren"},"content":{"rendered":"<div>\n<p>\n<\/div>\n<h1><strong>Investieren Sie in die Zukunft Ihres Standorts<\/strong><\/h1>\n<div>\n<p>Weil <span>C<\/span><span>O\u2082<\/span> unerw\u00fcnscht ist aber nach wie vor in zunehmender Menge anf\u00e4llt, wird der Preis der Zertifikate weiter steigen. Auch die fossilen Brennstoffe werden immer teurer. Angesichts der angespannten Weltlage ist sogar die Beschaffung nicht garantiert. Viele Unternehmen denken deshalb \u00fcber eine Abwanderung in weniger reglementierte L\u00e4nder nach.<\/p>\n<p>Wir bieten eine Alternative, indem wir <span>C<\/span><span>O\u2082 als<\/span> Rohstoff betrachten, der im \u00dcberfluss vorhanden ist. Mit seiner Nutzung er\u00f6ffnet sich f\u00fcr w\u00e4rmeintensive Industrien eine Chance, dort nachhaltiger zu wirtschaften, wo sie heute produzieren.<\/p>\n<p>Wir suchen Unternehmen, die ihre Produktionsprozesse \u00a0mit der Alnewa-Technik effektiver und kosteng\u00fcnstiger gestalten m\u00f6chten. Wenn Sie in eine Pilotanlage investieren, setzen Sie den Hebel bei einem zentralen Kostenthema an. Das wird sich schnell lohnen.<\/p>\n<\/div>\n<p><img decoding=\"async\" src=\"\/wp-content\/uploads\/2024\/11\/1.1_Fabrik.jpg\" alt=\"\"><\/p>\n<h2><strong>Es gibt gute Gr\u00fcnde jetzt zu beginnen:<\/strong><\/h2>\n<h3>Fossile Brennstoffe ersetzen<\/h3>\n<div>\n<p>Fossile Brennstoffe kosten gleich doppelt: Beim Einkauf und \u00fcber die Emissionszertifikate, die man f\u00fcr das emittierte CO\u2082 zahlen muss.<\/p>\n<p>Der wesentliche Vorteil der Alnewa Technik ist das permanente Recycling des Brennstoffs. Theoretisch erfolgt der CO\u2082-Eintrag nur einmal initial, die Prozessw\u00e4rme wird dann dauerhaft mit dem geringen Energieeinsatz produziert, der n\u00f6tig ist, um das CO\u2082 immer wieder aufzuspalten.<\/p>\n<p>Die Alnewa-Technologie kann voraussichtlich auch bei der M\u00fcllverbrennung oder in anderen W\u00e4rmeintensiven Prozessen signifikante wirtschaftliche Vorteile erbringen.<\/p>\n<\/div>\n<h3>Die thermische Nachverbrennung ersetzen<\/h3>\n<div>\n<p>Die Plasma-Technologie ist bereits heute in der Lage, eine Reihe von Schadstoffbelastungen aus der Abluft zu entfernen. Erste Praxiserfahrungen zeigen Energieeinsparungen von bis zu 80% mit einer Reduktion der <span>C<\/span><span>O\u2082<\/span> Emissionen um bis zu 99%.<\/p>\n<\/div>\n<h3>Reine Rohstoffe erzeugen<\/h3>\n<div>\n<p>CO und O\u2082 k\u00f6nnten sehr vielf\u00e4ltig eingesetzt werden, z. B. bei der Produktion von Smart Fuels. Bei h\u00f6herem Energieeinsatz k\u00f6nnten wir auch reinen Kohlenstoff erzeugen.<\/p>\n<\/div>\n<h3>Gerade Ihr Problem l\u00f6sen<\/h3>\n<div>\n<p>Es gibt viele Industrieprozesse, in denen die Bestandteile von <span>CO\u2082<\/span> wirtschaftlichen Nutzen bringen. Neue Interessenten und Partner sind uns willkommen, ihre Anforderungen oder ihre Expertise einzubringen.<\/p>\n<\/div>\n<h3>Von einem gigantischen Zukunftsmarkt profitieren<\/h3>\n<div>\n<p>196 L\u00e4nder haben sich mit dem Pariser Abkommen von 2015 verpflichtet, den CO\u2082-bedingten Temperaturanstieg zu begrenzen. Die meisten L\u00e4nder sind von diesen Zielen noch weit entfernt und suchen nach L\u00f6sungen, w\u00e4hrend die Naturkatastrophen immer bedrohlicher werden.<\/p>\n<p>Der Markt sucht h\u00e4nderingend nach Wegen, CO\u2082 zu verringern. Daraus werden sich noch viele Gesch\u00e4ftsmodelle entwicklen.<\/p>\n<\/div>\n<p><img decoding=\"async\" src=\"\/wp-content\/uploads\/2024\/11\/2_Schornstein_web.jpg\" alt=\"\"><br \/>\n<img decoding=\"async\" src=\"\/wp-content\/uploads\/2024\/11\/3_Fabrik-1.png\" alt=\"\"><br \/>\n<img decoding=\"async\" src=\"\/wp-content\/uploads\/2024\/11\/4_Umwelt.png\" alt=\"\"><br \/>\n<img decoding=\"async\" src=\"\/wp-content\/uploads\/2024\/10\/circle-soft.svg\" alt=\"\"><br \/>\n<img decoding=\"async\" src=\"\/wp-content\/uploads\/2024\/10\/circle-soft.svg\" alt=\"\"><br \/>\n<img decoding=\"async\" src=\"\/wp-content\/uploads\/2024\/10\/circle-soft.svg\" alt=\"\"><br \/>\n<img decoding=\"async\" src=\"\/wp-content\/uploads\/2024\/10\/circle-soft.svg\" alt=\"\"><br \/>\n<img decoding=\"async\" src=\"\/wp-content\/uploads\/2024\/10\/circle-soft.svg\" alt=\"\"><\/p>\n<h2><strong>Sprechen Sie mit uns.<\/strong><\/h2>\n<div>\n<p>Unsere Technologie geht neue Wege. Welche Bedingungen die Anwender daf\u00fcr stellen, ist f\u00fcr uns eine entscheidende Frage. An einem Austausch mit potenziellen Anwendern sind wir sehr interessiert.\u00a0<\/p>\n<\/div>\n<ul>\n<li>\n        <a href=\"tel:+41448257880\">Telefon<\/a>\n    <\/li>\n<li>\n        <a href=\"mailto:info@alnewa.com\">E-mail<\/a>\n    <\/li>\n<\/ul>\n<div>\n<\/div>\n<p><!--more--><br \/>\n<!-- {\"type\":\"layout\",\"children\":[{\"type\":\"section\",\"props\":{\"image_position\":\"center-center\",\"padding_remove_top\":true,\"style\":\"default\",\"title_breakpoint\":\"xl\",\"title_position\":\"top-left\",\"title_rotation\":\"left\",\"vertical_align\":\"middle\",\"width\":\"default\",\"width_expand\":\"right\"},\"children\":[{\"type\":\"row\",\"children\":[{\"type\":\"column\",\"props\":{\"image_position\":\"center-center\",\"position_sticky_breakpoint\":\"m\",\"width_medium\":\"1-3\"},\"children\":[{\"type\":\"html\",\"props\":{\"content\":\"<br \/>\"}},{\"type\":\"headline\",\"props\":{\"content\":\"<strong>Investieren Sie in die Zukunft Ihres Standorts<\\\/strong>\",\"title_element\":\"h1\"}},{\"type\":\"text\",\"props\":{\"column_breakpoint\":\"m\",\"content\":\"\n\n<p>Weil <span>C<\\\/span><span>O\\u2082<\\\/span> unerw\\u00fcnscht ist aber nach wie vor in zunehmender Menge anf\\u00e4llt, wird der Preis der Zertifikate weiter steigen. Auch die fossilen Brennstoffe werden immer teurer. Angesichts der angespannten Weltlage ist sogar die Beschaffung nicht garantiert. Viele Unternehmen denken deshalb \\u00fcber eine Abwanderung in weniger reglementierte L\\u00e4nder nach.<\\\/p>\\n\n\n<p>Wir bieten eine Alternative, indem wir <span>C<\\\/span><span>O\\u2082 als<\\\/span> Rohstoff betrachten, der im \\u00dcberfluss vorhanden ist. Mit seiner Nutzung er\\u00f6ffnet sich f\\u00fcr w\\u00e4rmeintensive Industrien eine Chance, dort nachhaltiger zu wirtschaften, wo sie heute produzieren.<\\\/p>\\n\n\n<p>Wir suchen Unternehmen, die ihre Produktionsprozesse \\u00a0mit der Alnewa-Technik effektiver und kosteng\\u00fcnstiger gestalten m\\u00f6chten. Wenn Sie in eine Pilotanlage investieren, setzen Sie den Hebel bei einem zentralen Kostenthema an. Das wird sich schnell lohnen.<\\\/p>\",\"margin\":\"default\",\"maxwidth\":\"xlarge\"}}]},{\"type\":\"column\",\"props\":{\"image_position\":\"center-center\",\"position_sticky_breakpoint\":\"m\",\"width_medium\":\"2-3\"},\"children\":[{\"type\":\"image\",\"props\":{\"animation\":\"parallax\",\"image\":\"wp-content\\\/uploads\\\/2024\\\/11\\\/1.1_Fabrik.jpg\",\"image_svg_color\":\"emphasis\",\"margin\":\"default\",\"parallax_x\":\"160\",\"position\":\"relative\",\"position_left\":\"80\"}}]}],\"props\":{\"layout\":\"1-3,2-3\"}}],\"name\":\"CO2 - Reduktion\"},{\"type\":\"section\",\"props\":{\"image_position\":\"center-center\",\"style\":\"default\",\"title_breakpoint\":\"xl\",\"title_position\":\"top-left\",\"title_rotation\":\"left\",\"vertical_align\":\"middle\",\"width\":\"default\"},\"children\":[{\"type\":\"row\",\"props\":{\"layout\":\"1-2,1-4,1-4|1-1,1-2,1-2\"},\"children\":[{\"type\":\"column\",\"props\":{\"image_position\":\"center-center\",\"position_sticky_breakpoint\":\"m\",\"width_medium\":\"1-2\",\"width_small\":\"1-1\"},\"children\":[{\"type\":\"headline\",\"props\":{\"content\":\"<strong>Es gibt gute Gr\\u00fcnde jetzt zu beginnen:<\\\/strong>\",\"title_element\":\"h2\"}},{\"type\":\"headline\",\"props\":{\"content\":\"Fossile Brennstoffe ersetzen\",\"title_element\":\"h3\"}},{\"type\":\"text\",\"props\":{\"column_breakpoint\":\"m\",\"content\":\"\n\n<p>Fossile Brennstoffe kosten gleich doppelt: Beim Einkauf und \\u00fcber die Emissionszertifikate, die man f\\u00fcr das emittierte CO\\u2082 zahlen muss.<\\\/p>\\n\n\n<p>Der wesentliche Vorteil der Alnewa Technik ist das permanente Recycling des Brennstoffs. Theoretisch erfolgt der CO\\u2082-Eintrag nur einmal initial, die Prozessw\\u00e4rme wird dann dauerhaft mit dem geringen Energieeinsatz produziert, der n\\u00f6tig ist, um das CO\\u2082 immer wieder aufzuspalten.<\\\/p>\\n\n\n<p>Die Alnewa-Technologie kann voraussichtlich auch bei der M\\u00fcllverbrennung oder in anderen W\\u00e4rmeintensiven Prozessen signifikante wirtschaftliche Vorteile erbringen.<\\\/p>\",\"margin\":\"default\"}},{\"type\":\"headline\",\"props\":{\"content\":\"Die thermische Nachverbrennung ersetzen\",\"margin\":\"large\",\"margin_remove_bottom\":true,\"title_element\":\"h3\"}},{\"type\":\"text\",\"props\":{\"column_breakpoint\":\"m\",\"content\":\"\n\n<p>Die Plasma-Technologie ist bereits heute in der Lage, eine Reihe von Schadstoffbelastungen aus der Abluft zu entfernen. Erste Praxiserfahrungen zeigen Energieeinsparungen von bis zu 80% mit einer Reduktion der <span>C<\\\/span><span>O\\u2082<\\\/span> Emissionen um bis zu 99%.<\\\/p>\",\"margin\":\"default\"}},{\"type\":\"headline\",\"props\":{\"content\":\"Reine Rohstoffe erzeugen\",\"margin\":\"large\",\"margin_remove_bottom\":true,\"title_element\":\"h3\"}},{\"type\":\"text\",\"props\":{\"column_breakpoint\":\"m\",\"content\":\"\n\n<p>CO und O\\u2082 k\\u00f6nnten sehr vielf\\u00e4ltig eingesetzt werden, z. B. bei der Produktion von Smart Fuels. Bei h\\u00f6herem Energieeinsatz k\\u00f6nnten wir auch reinen Kohlenstoff erzeugen.<\\\/p>\",\"margin\":\"default\"}},{\"type\":\"headline\",\"props\":{\"content\":\"Gerade Ihr Problem l\\u00f6sen\",\"margin\":\"large\",\"margin_remove_bottom\":true,\"title_element\":\"h3\"}},{\"type\":\"text\",\"props\":{\"column_breakpoint\":\"m\",\"content\":\"\n\n<p>Es gibt viele Industrieprozesse, in denen die Bestandteile von <span>CO\\u2082<\\\/span> wirtschaftlichen Nutzen bringen. Neue Interessenten und Partner sind uns willkommen, ihre Anforderungen oder ihre Expertise einzubringen.<\\\/p>\",\"margin\":\"default\"}},{\"type\":\"headline\",\"props\":{\"content\":\"Von einem gigantischen Zukunftsmarkt profitieren\",\"margin\":\"large\",\"margin_remove_bottom\":true,\"title_element\":\"h3\"}},{\"type\":\"text\",\"props\":{\"column_breakpoint\":\"m\",\"content\":\"\n\n<p>196 L\\u00e4nder haben sich mit dem Pariser Abkommen von 2015 verpflichtet, den CO\\u2082-bedingten Temperaturanstieg zu begrenzen. Die meisten L\\u00e4nder sind von diesen Zielen noch weit entfernt und suchen nach L\\u00f6sungen, w\\u00e4hrend die Naturkatastrophen immer bedrohlicher werden.<\\\/p>\\n\n\n<p>Der Markt sucht h\\u00e4nderingend nach Wegen, CO\\u2082 zu verringern. Daraus werden sich noch viele Gesch\\u00e4ftsmodelle entwicklen.<\\\/p>\",\"margin\":\"default\"}}]},{\"type\":\"column\",\"props\":{\"image_position\":\"center-center\",\"position_sticky_breakpoint\":\"m\",\"width_medium\":\"1-4\",\"width_small\":\"1-2\"},\"children\":[{\"type\":\"image\",\"props\":{\"animation\":\"parallax\",\"image\":\"wp-content\\\/uploads\\\/2024\\\/11\\\/2_Schornstein_web.jpg\",\"image_svg_color\":\"emphasis\",\"image_width\":800,\"margin\":\"remove-vertical\",\"parallax_y\":\"-140\",\"position\":\"relative\",\"position_left\":\"70\",\"position_top\":\"230\",\"visibility\":\"s\"}},{\"type\":\"image\",\"props\":{\"animation\":\"parallax\",\"blend\":false,\"image\":\"wp-content\\\/uploads\\\/2024\\\/11\\\/3_Fabrik-1.png\",\"image_svg_color\":\"emphasis\",\"margin\":\"default\",\"parallax_y\":\"130 72%\",\"position\":\"relative\",\"position_left\":\"202\",\"position_top\":\"30\",\"position_z_index\":\"0\",\"visibility\":\"s\"}},{\"type\":\"image\",\"props\":{\"animation\":\"parallax\",\"image\":\"wp-content\\\/uploads\\\/2024\\\/11\\\/4_Umwelt.png\",\"image_svg_color\":\"emphasis\",\"margin\":\"default\",\"parallax_y\":\"260\",\"position\":\"relative\",\"position_left\":\"120\",\"position_top\":\"-90\",\"visibility\":\"s\"}}]},{\"type\":\"column\",\"props\":{\"image_position\":\"center-center\",\"position_sticky_breakpoint\":\"m\",\"width_medium\":\"1-4\",\"width_small\":\"1-2\"},\"children\":[{\"type\":\"image\",\"props\":{\"animation\":\"parallax\",\"image\":\"wp-content\\\/uploads\\\/2024\\\/10\\\/circle-soft.svg\",\"image_svg_color\":\"primary\",\"image_svg_inline\":false,\"image_width\":350,\"margin\":\"default\",\"parallax_y\":\"-290\",\"position_left\":\"-130\",\"text_align\":\"right\",\"visibility\":\"m\"}},{\"type\":\"image\",\"props\":{\"animation\":\"parallax\",\"image\":\"wp-content\\\/uploads\\\/2024\\\/10\\\/circle-soft.svg\",\"image_svg_color\":\"primary\",\"image_svg_inline\":false,\"image_width\":350,\"margin\":\"default\",\"parallax_y\":\"-290\",\"position_left\":\"-130\",\"text_align\":\"right\",\"visibility\":\"m\"}},{\"type\":\"image\",\"props\":{\"animation\":\"parallax\",\"image\":\"wp-content\\\/uploads\\\/2024\\\/10\\\/circle-soft.svg\",\"image_svg_color\":\"primary\",\"image_svg_inline\":false,\"image_width\":350,\"margin\":\"default\",\"parallax_y\":\"-290\",\"position_left\":\"-130\",\"text_align\":\"right\",\"visibility\":\"m\"}},{\"type\":\"image\",\"props\":{\"animation\":\"parallax\",\"image\":\"wp-content\\\/uploads\\\/2024\\\/10\\\/circle-soft.svg\",\"image_svg_color\":\"primary\",\"image_svg_inline\":false,\"image_width\":350,\"margin\":\"default\",\"parallax_y\":\"270\",\"position\":\"relative\",\"position_left\":\"0\",\"position_top\":\"-70\",\"text_align\":\"right\",\"visibility\":\"m\"}},{\"type\":\"image\",\"props\":{\"animation\":\"parallax\",\"image\":\"wp-content\\\/uploads\\\/2024\\\/10\\\/circle-soft.svg\",\"image_svg_color\":\"primary\",\"image_svg_inline\":false,\"image_width\":350,\"margin\":\"default\",\"parallax_y\":\"290\",\"position\":\"relative\",\"position_left\":\"0\",\"position_top\":\"170\",\"position_z_index\":\"0\",\"text_align\":\"right\",\"visibility\":\"m\"}}]}]}],\"name\":\"CO2 - Zertifikate\"},{\"type\":\"section\",\"props\":{\"image_position\":\"center-center\",\"style\":\"default\",\"title_breakpoint\":\"xl\",\"title_position\":\"top-left\",\"title_rotation\":\"left\",\"vertical_align\":\"middle\",\"width\":\"default\"},\"children\":[{\"type\":\"row\",\"props\":{\"layout\":\"1-2,1-2\"},\"children\":[{\"type\":\"column\",\"props\":{\"image_position\":\"center-center\",\"position_sticky_breakpoint\":\"m\",\"width_medium\":\"1-2\"},\"children\":[{\"type\":\"headline\",\"props\":{\"content\":\"<strong>Sprechen Sie mit uns.<\\\/strong>\",\"title_element\":\"h2\"}},{\"type\":\"text\",\"props\":{\"column_breakpoint\":\"m\",\"content\":\"\n\n<p>Unsere Technologie geht neue Wege. Welche Bedingungen die Anwender daf\\u00fcr stellen, ist f\\u00fcr uns eine entscheidende Frage. An einem Austausch mit potenziellen Anwendern sind wir sehr interessiert.\\u00a0<\\\/p>\",\"margin\":\"default\"}},{\"type\":\"button\",\"props\":{\"grid_column_gap\":\"small\",\"grid_row_gap\":\"small\",\"margin\":\"default\"},\"children\":[{\"type\":\"button_item\",\"props\":{\"button_style\":\"default\",\"content\":\"Telefon\",\"icon_align\":\"left\",\"link\":\"tel:+41448257880\"}},{\"type\":\"button_item\",\"props\":{\"button_style\":\"default\",\"content\":\"E-mail\",\"icon_align\":\"left\",\"link\":\"mailto:info@alnewa.com\"}}]},{\"type\":\"html\",\"props\":{\"content\":\"\n\n\"}}]},{\"type\":\"column\",\"props\":{\"image_position\":\"center-center\",\"position_sticky_breakpoint\":\"m\",\"width_medium\":\"1-2\"}}]}]}],\"version\":\"4.4.10\"} --><\/p>\n","protected":false},"excerpt":{"rendered":"<p>Investieren Sie in die Zukunft Ihres Standorts Weil CO\u2082 unerw\u00fcnscht ist aber nach wie vor in zunehmender Menge anf\u00e4llt, wird der Preis der Zertifikate weiter steigen. Auch die fossilen Brennstoffe werden immer teurer. Angesichts der angespannten Weltlage ist sogar die Beschaffung nicht garantiert. Viele Unternehmen denken deshalb \u00fcber eine Abwanderung in weniger reglementierte L\u00e4nder nach. [&hellip;]<\/p>\n","protected":false},"author":2,"featured_media":0,"parent":0,"menu_order":0,"comment_status":"closed","ping_status":"closed","template":"","meta":{"_acf_changed":false,"footnotes":""},"class_list":["post-912","page","type-page","status-publish","hentry"],"acf":[],"_links":{"self":[{"href":"https:\/\/streetsgallery.de\/de\/wp-json\/wp\/v2\/pages\/912","targetHints":{"allow":["GET"]}}],"collection":[{"href":"https:\/\/streetsgallery.de\/de\/wp-json\/wp\/v2\/pages"}],"about":[{"href":"https:\/\/streetsgallery.de\/de\/wp-json\/wp\/v2\/types\/page"}],"author":[{"embeddable":true,"href":"https:\/\/streetsgallery.de\/de\/wp-json\/wp\/v2\/users\/2"}],"replies":[{"embeddable":true,"href":"https:\/\/streetsgallery.de\/de\/wp-json\/wp\/v2\/comments?post=912"}],"version-history":[{"count":10,"href":"https:\/\/streetsgallery.de\/de\/wp-json\/wp\/v2\/pages\/912\/revisions"}],"predecessor-version":[{"id":2091,"href":"https:\/\/streetsgallery.de\/de\/wp-json\/wp\/v2\/pages\/912\/revisions\/2091"}],"wp:attachment":[{"href":"https:\/\/streetsgallery.de\/de\/wp-json\/wp\/v2\/media?parent=912"}],"curies":[{"name":"wp","href":"https:\/\/api.w.org\/{rel}","templated":true}]}}