{"id":889,"date":"2024-11-01T16:10:25","date_gmt":"2024-11-01T16:10:25","guid":{"rendered":"http:\/\/streetsgallery.de\/?page_id=889"},"modified":"2025-03-05T15:55:10","modified_gmt":"2025-03-05T15:55:10","slug":"plasma","status":"publish","type":"page","link":"https:\/\/streetsgallery.de\/de\/plasma\/","title":{"rendered":"Plasma"},"content":{"rendered":"<div>\n<p>\n<\/div>\n<h1>Plasma \u2013 Elektronen\u00adsturm im Abluftkanal<\/h1>\n<p><img decoding=\"async\" src=\"\/wp-content\/uploads\/2024\/11\/1_Plasma.jpg\" alt=\"\"><\/p>\n<h2>Plasma<\/h2>\n<div>\n<p>Neben den 3 klassischen Aggregatzust\u00e4nden der Materie \u2013 fest, fl\u00fcssig und gasf\u00f6rmig \u2013, gewinnt das Plasma als 4. Aggregatzustand an technischer Bedeutung. Mit einem Plasma k\u00f6nnen Molek\u00fcle energetisch so stark angeregt werden, dass Molek\u00fclverbindungen aufbrechen, wobei Ionen, Elektronen und Radikale entstehen, die sich neu rekombinieren. So kann auf einfache Weise aus CO\u2082 ein hochenergetisches und brennbares CO\/O\u2082-Gemisch erzeugt werden.<\/p>\n<\/div>\n<h2>Funktionsweise eines Kalt-Plasma<\/h2>\n<div>\n<p style=\"font-weight: 400;\"><span>Eine rein thermische Erzeugung eines Plasmas erfordert einen hohen Energieeintrag und Temperaturen &gt; 10&#8217;000 K. Alnewa setzt jedoch ein neuentwickeltes Kalt-Plasma ein, welches sich mit geringerer Energie und rein elektrisch erzeugen l\u00e4sst.<\/span><\/p>\n<p style=\"font-weight: 400;\"><span>In einem Kalt-Plasma \u2013 physikalisch korrekt ein nicht-thermisches Plasma \u2013 sind nur die leichten Elektronen sehr energiereich, w\u00e4hrend die schweren Atomkerne und Teilchen kalt bleiben. Dieses Temperaturungleichgewicht erm\u00f6glicht eine hohe Reaktivit\u00e4t bei niedrigen Temperaturen.<\/span><\/p>\n<\/div>\n<h2>Sichern Sie sich einen Wettbewerbsvorteil<\/h2>\n<div>\n<p style=\"font-weight: 400;\"><span>Unternehmen der Zementindustrie und anderer w\u00e4rmeintensiver Branchen stehen vor einer entscheidenden Herausforderung: Die Reduktion von CO\u2082-Emissionen und die Unabh\u00e4ngigkeit von fossilen Energietr\u00e4gern sind nicht nur eine \u00f6kologische, sondern insbesondere eine wirtschaftliche Notwendigkeiten. Steigende CO\u2082-Zertifikatskosten und wachsende regulatorische Anforderungen machen ein fr\u00fchzeitiges Handeln unerl\u00e4sslich.<\/span><\/p>\n<p style=\"font-weight: 400;\"><span>Nutzen Sie diese Chance und investieren Sie jetzt in eine zukunftsweisende Technologie. Setzen Sie auf Innovation, bevor der Markt Sie \u00fcberholt. Gemeinsam entwickeln wir eine nachhaltige L\u00f6sung f\u00fcr eine wettbewerbsf\u00e4hige und klimafreundliche Industrie.<\/span><\/p>\n<\/div>\n<ul>\n<li>\n        <a href=\"tel:+41448257880\">Telefon<\/a>\n    <\/li>\n<li>\n        <a href=\"mailto:info@alnewa.com\">E-mail<\/a>\n    <\/li>\n<\/ul>\n<div>\n<p>\n<\/div>\n<p><img decoding=\"async\" src=\"\/wp-content\/uploads\/2024\/11\/2_Plasma.jpg\" alt=\"\"><br \/>\n<img decoding=\"async\" src=\"\/wp-content\/uploads\/2024\/11\/3_Plasma.png\" alt=\"\"><br \/>\n<img decoding=\"async\" src=\"\/wp-content\/uploads\/2024\/10\/circle-soft.svg\" alt=\"\"><br \/>\n<img decoding=\"async\" src=\"\/wp-content\/uploads\/2024\/10\/circle-soft.svg\" alt=\"\"><br \/>\n<img decoding=\"async\" src=\"\/wp-content\/uploads\/2024\/10\/circle-soft.svg\" alt=\"\"><br \/>\n<img decoding=\"async\" src=\"\/wp-content\/uploads\/2024\/10\/circle-soft.svg\" alt=\"\"><br \/>\n<img decoding=\"async\" src=\"\/wp-content\/uploads\/2024\/10\/circle-soft.svg\" alt=\"\"><\/p>\n<p><!--more--><br \/>\n<!-- {\"type\":\"layout\",\"children\":[{\"type\":\"section\",\"props\":{\"image_position\":\"center-center\",\"padding_remove_top\":true,\"style\":\"default\",\"title_breakpoint\":\"xl\",\"title_position\":\"top-left\",\"title_rotation\":\"left\",\"vertical_align\":\"middle\",\"width\":\"default\",\"width_expand\":\"right\"},\"children\":[{\"type\":\"row\",\"children\":[{\"type\":\"column\",\"props\":{\"image_position\":\"center-center\",\"position_sticky_breakpoint\":\"m\",\"width_medium\":\"1-3\"},\"children\":[{\"type\":\"html\",\"props\":{\"content\":\"<br \/>\"}},{\"type\":\"headline\",\"props\":{\"content\":\"Plasma \\u2013 Elektronen\\u00adsturm im Abluftkanal\",\"title_element\":\"h1\"}}]},{\"type\":\"column\",\"props\":{\"image_position\":\"center-center\",\"position_sticky_breakpoint\":\"m\",\"width_medium\":\"2-3\"},\"children\":[{\"type\":\"image\",\"props\":{\"animation\":\"parallax\",\"image\":\"wp-content\\\/uploads\\\/2024\\\/11\\\/1_Plasma.jpg\",\"image_svg_color\":\"emphasis\",\"margin\":\"default\",\"parallax_x\":\"160\",\"position\":\"relative\",\"position_left\":\"80\"}}]}],\"props\":{\"layout\":\"1-3,2-3\"}}],\"name\":\"CO2 - Reduktion\"},{\"type\":\"section\",\"props\":{\"image_position\":\"center-center\",\"style\":\"default\",\"title_breakpoint\":\"xl\",\"title_position\":\"top-left\",\"title_rotation\":\"left\",\"vertical_align\":\"middle\",\"width\":\"default\"},\"children\":[{\"type\":\"row\",\"props\":{\"layout\":\"1-2,1-4,1-4|1-1,1-2,1-2\"},\"children\":[{\"type\":\"column\",\"props\":{\"image_position\":\"center-center\",\"position_sticky_breakpoint\":\"m\",\"width_medium\":\"1-2\",\"width_small\":\"1-1\"},\"children\":[{\"type\":\"headline\",\"props\":{\"content\":\"Plasma\",\"title_element\":\"h2\"}},{\"type\":\"text\",\"props\":{\"column_breakpoint\":\"m\",\"content\":\"\n\n<p>Neben den 3 klassischen Aggregatzust\\u00e4nden der Materie \\u2013 fest, fl\\u00fcssig und gasf\\u00f6rmig \\u2013, gewinnt das Plasma als 4. Aggregatzustand an technischer Bedeutung. Mit einem Plasma k\\u00f6nnen Molek\\u00fcle energetisch so stark angeregt werden, dass Molek\\u00fclverbindungen aufbrechen, wobei Ionen, Elektronen und Radikale entstehen, die sich neu rekombinieren. So kann auf einfache Weise aus CO\\u2082 ein hochenergetisches und brennbares CO\\\/O\\u2082-Gemisch erzeugt werden.<\\\/p>\",\"margin\":\"default\"}},{\"type\":\"headline\",\"props\":{\"content\":\"Funktionsweise eines Kalt-Plasma\",\"margin\":\"large\",\"margin_remove_bottom\":true,\"title_element\":\"h2\"}},{\"type\":\"text\",\"props\":{\"column_breakpoint\":\"m\",\"content\":\"\n\n<p style=\\\"font-weight: 400;\\\"><span>Eine rein thermische Erzeugung eines Plasmas erfordert einen hohen Energieeintrag und Temperaturen &gt; 10'000 K. Alnewa setzt jedoch ein neuentwickeltes Kalt-Plasma ein, welches sich mit geringerer Energie und rein elektrisch erzeugen l\\u00e4sst.<\\\/span><\\\/p>\\n\n\n<p style=\\\"font-weight: 400;\\\"><span>In einem Kalt-Plasma \\u2013 physikalisch korrekt ein nicht-thermisches Plasma \\u2013 sind nur die leichten Elektronen sehr energiereich, w\\u00e4hrend die schweren Atomkerne und Teilchen kalt bleiben. Dieses Temperaturungleichgewicht erm\\u00f6glicht eine hohe Reaktivit\\u00e4t bei niedrigen Temperaturen.<\\\/span><\\\/p>\",\"margin\":\"default\"}},{\"type\":\"headline\",\"props\":{\"content\":\"Sichern Sie sich einen Wettbewerbsvorteil\",\"title_element\":\"h2\"}},{\"type\":\"text\",\"props\":{\"column_breakpoint\":\"m\",\"content\":\"\n\n<p style=\\\"font-weight: 400;\\\"><span>Unternehmen der Zementindustrie und anderer w\\u00e4rmeintensiver Branchen stehen vor einer entscheidenden Herausforderung: Die Reduktion von CO\\u2082-Emissionen und die Unabh\\u00e4ngigkeit von fossilen Energietr\\u00e4gern sind nicht nur eine \\u00f6kologische, sondern insbesondere eine wirtschaftliche Notwendigkeiten. Steigende CO\\u2082-Zertifikatskosten und wachsende regulatorische Anforderungen machen ein fr\\u00fchzeitiges Handeln unerl\\u00e4sslich.<\\\/span><\\\/p>\\n\n\n<p style=\\\"font-weight: 400;\\\"><span>Nutzen Sie diese Chance und investieren Sie jetzt in eine zukunftsweisende Technologie. Setzen Sie auf Innovation, bevor der Markt Sie \\u00fcberholt. Gemeinsam entwickeln wir eine nachhaltige L\\u00f6sung f\\u00fcr eine wettbewerbsf\\u00e4hige und klimafreundliche Industrie.<\\\/span><\\\/p>\",\"margin\":\"default\"}},{\"type\":\"button\",\"props\":{\"grid_column_gap\":\"small\",\"grid_row_gap\":\"small\",\"margin\":\"medium\"},\"children\":[{\"type\":\"button_item\",\"props\":{\"button_style\":\"default\",\"content\":\"Telefon\",\"icon_align\":\"left\",\"link\":\"tel:+41448257880\"}},{\"type\":\"button_item\",\"props\":{\"button_style\":\"default\",\"content\":\"E-mail\",\"icon_align\":\"left\",\"link\":\"mailto:info@alnewa.com\"}}]},{\"type\":\"html\",\"props\":{\"content\":\"<br \/>\"}}]},{\"type\":\"column\",\"props\":{\"image_position\":\"center-center\",\"position_sticky_breakpoint\":\"m\",\"width_medium\":\"1-4\",\"width_small\":\"1-2\"},\"children\":[{\"type\":\"image\",\"props\":{\"animation\":\"parallax\",\"image\":\"wp-content\\\/uploads\\\/2024\\\/11\\\/2_Plasma.jpg\",\"image_svg_color\":\"emphasis\",\"image_width\":800,\"margin\":\"remove-vertical\",\"parallax_y\":\"-140\",\"position\":\"relative\",\"position_left\":\"120\",\"position_top\":\"230\",\"visibility\":\"s\"}},{\"type\":\"image\",\"props\":{\"animation\":\"parallax\",\"blend\":false,\"image\":\"wp-content\\\/uploads\\\/2024\\\/11\\\/3_Plasma.png\",\"image_svg_color\":\"emphasis\",\"margin\":\"default\",\"parallax_y\":\"130 72%\",\"position\":\"relative\",\"position_left\":\"210\",\"position_top\":\"30\",\"position_z_index\":\"0\",\"visibility\":\"s\"}}]},{\"type\":\"column\",\"props\":{\"image_position\":\"center-center\",\"position_sticky_breakpoint\":\"m\",\"width_medium\":\"1-4\",\"width_small\":\"1-2\"},\"children\":[{\"type\":\"image\",\"props\":{\"animation\":\"parallax\",\"image\":\"wp-content\\\/uploads\\\/2024\\\/10\\\/circle-soft.svg\",\"image_svg_color\":\"primary\",\"image_svg_inline\":false,\"image_width\":350,\"margin\":\"default\",\"parallax_y\":\"-290\",\"position_left\":\"-130\",\"text_align\":\"right\",\"visibility\":\"m\"}},{\"type\":\"image\",\"props\":{\"animation\":\"parallax\",\"image\":\"wp-content\\\/uploads\\\/2024\\\/10\\\/circle-soft.svg\",\"image_svg_color\":\"primary\",\"image_svg_inline\":false,\"image_width\":350,\"margin\":\"default\",\"parallax_y\":\"-290\",\"position_left\":\"-130\",\"text_align\":\"right\",\"visibility\":\"m\"}},{\"type\":\"image\",\"props\":{\"animation\":\"parallax\",\"image\":\"wp-content\\\/uploads\\\/2024\\\/10\\\/circle-soft.svg\",\"image_svg_color\":\"primary\",\"image_svg_inline\":false,\"image_width\":350,\"margin\":\"default\",\"parallax_y\":\"-290\",\"position_left\":\"-130\",\"text_align\":\"right\",\"visibility\":\"m\"}},{\"type\":\"image\",\"props\":{\"animation\":\"parallax\",\"image\":\"wp-content\\\/uploads\\\/2024\\\/10\\\/circle-soft.svg\",\"image_svg_color\":\"primary\",\"image_svg_inline\":false,\"image_width\":350,\"margin\":\"default\",\"parallax_y\":\"270\",\"position\":\"relative\",\"position_left\":\"0\",\"position_top\":\"-70\",\"text_align\":\"right\",\"visibility\":\"m\"}},{\"type\":\"image\",\"props\":{\"animation\":\"parallax\",\"image\":\"wp-content\\\/uploads\\\/2024\\\/10\\\/circle-soft.svg\",\"image_svg_color\":\"primary\",\"image_svg_inline\":false,\"image_width\":350,\"margin\":\"default\",\"parallax_y\":\"290\",\"position\":\"relative\",\"position_left\":\"0\",\"position_top\":\"170\",\"position_z_index\":\"0\",\"text_align\":\"right\",\"visibility\":\"m\"}}]}]}],\"name\":\"CO2 - Zertifikate\"}],\"version\":\"4.4.10\"} --><\/p>\n","protected":false},"excerpt":{"rendered":"<p>Plasma \u2013 Elektronen\u00adsturm im Abluftkanal Plasma Neben den 3 klassischen Aggregatzust\u00e4nden der Materie \u2013 fest, fl\u00fcssig und gasf\u00f6rmig \u2013, gewinnt das Plasma als 4. Aggregatzustand an technischer Bedeutung. Mit einem Plasma k\u00f6nnen Molek\u00fcle energetisch so stark angeregt werden, dass Molek\u00fclverbindungen aufbrechen, wobei Ionen, Elektronen und Radikale entstehen, die sich neu rekombinieren. So kann auf einfache [&hellip;]<\/p>\n","protected":false},"author":2,"featured_media":0,"parent":0,"menu_order":0,"comment_status":"closed","ping_status":"closed","template":"","meta":{"_acf_changed":false,"footnotes":""},"class_list":["post-889","page","type-page","status-publish","hentry"],"acf":[],"_links":{"self":[{"href":"https:\/\/streetsgallery.de\/de\/wp-json\/wp\/v2\/pages\/889","targetHints":{"allow":["GET"]}}],"collection":[{"href":"https:\/\/streetsgallery.de\/de\/wp-json\/wp\/v2\/pages"}],"about":[{"href":"https:\/\/streetsgallery.de\/de\/wp-json\/wp\/v2\/types\/page"}],"author":[{"embeddable":true,"href":"https:\/\/streetsgallery.de\/de\/wp-json\/wp\/v2\/users\/2"}],"replies":[{"embeddable":true,"href":"https:\/\/streetsgallery.de\/de\/wp-json\/wp\/v2\/comments?post=889"}],"version-history":[{"count":10,"href":"https:\/\/streetsgallery.de\/de\/wp-json\/wp\/v2\/pages\/889\/revisions"}],"predecessor-version":[{"id":2093,"href":"https:\/\/streetsgallery.de\/de\/wp-json\/wp\/v2\/pages\/889\/revisions\/2093"}],"wp:attachment":[{"href":"https:\/\/streetsgallery.de\/de\/wp-json\/wp\/v2\/media?parent=889"}],"curies":[{"name":"wp","href":"https:\/\/api.w.org\/{rel}","templated":true}]}}