{"id":37,"date":"2024-10-22T12:55:03","date_gmt":"2024-10-22T12:55:03","guid":{"rendered":"https:\/\/alnewa.com\/?page_id=37"},"modified":"2024-11-05T09:55:45","modified_gmt":"2024-11-05T09:55:45","slug":"datenschutz","status":"publish","type":"page","link":"https:\/\/streetsgallery.de\/de\/datenschutz\/","title":{"rendered":"Datenschutz"},"content":{"rendered":"<h1>Datenschutz<\/h1>\n<div>\n<p>F\u00fcr die Alnewa AG ist der Schutz Ihrer pers\u00f6nlichen Daten selbstverst\u00e4ndlich. Mit Ihrem Besuch auf unserer Website stimmen Sie dieser Datenschutzerkla\u0308rung und der Verwendung von Cookies zu.<\/p>\n<p>Die Nutzung unserer Website ist weitgehend ohne Angabe personenbezogener Daten m\u00f6glich.\u00a0<\/p>\n<h4><strong>Formulare<\/strong><\/h4>\n<p>Die eventuelle Eingabe von personenbezogenen Daten (Name, E-Mail-Adresse etc.) in Formularen auf unserer Website ist freiwillig. Ihre Angaben aus den Formularen werden inklusive IP-Adresse zwecks Bearbeitung der Anfrage bei uns gespeichert. Diese Daten werden nicht weitergegeben.<\/p>\n<h4><strong>Cookies<\/strong><\/h4>\n<p>Unsere Website verwendet sogenannte Cookies. Cookies richten auf Ihrem Rechner keinen Schaden an. Cookies sind kleine Textdateien, die auf Ihrem Rechner abgelegt werden und die Ihr Browser speichert. Falls Sie die Verwendung von Cookies verhindern m\u00f6chten, k\u00f6nnen Sie Ihren Internetbrowser entsprechend konfigurieren.<\/p>\n<h4><strong>Google Analytics<\/strong><\/h4>\n<p>Diese Website benutzt Google Analytics, einen Webanalysedienst der Googe Inc. (\u201eGoogle\u201c). Google Analytics verwendet sog. \u201eCookies\u201c, Textdateien, die auf Ihrem Computer gespeichert werden und die eine Analyse der Benutzung der Website durch Sie erm\u00f6glicht. Die durch den Cookie erzeugten Informationen \u00fcber Ihre Benutzung diese Website (einschlie\u00dflich Ihrer IP-Adresse) wird an einen Server der Google in den USA \u00fcbertragen und dort gespeichert. Google wird diese Informationen benutzen, um Ihre Nutzung der Website auszuwerten, um Reports \u00fcber die Websiteaktivit\u00e4ten f\u00fcr die Websitebetreiber zusammenzustellen und um weitere mit der Websitenutzung und der Internetnutzung verbundene Dienstleistungen zu erbringen. Auch wird Google diese Informationen gegebenenfalls an Dritte \u00fcbertragen, sofern dies gesetzlich vorgeschrieben oder soweit Dritte diese Daten im Auftrag von Google verarbeiten. Google wird in keinem Fall Ihre IP-Adresse mit anderen Daten von\u00a0 Google in Verbindung bringen. Sie k\u00f6nnen die Installation der Cookies durch eine entsprechende Einstellung Ihrer Browser-Software verhindern; wir weisen Sie jedoch darauf hin, dass Sie in diesem Fall gegebenenfalls nicht s\u00e4mtliche Funktionen dieser Website vollumf\u00e4nglich nutzen k\u00f6nnen. Durch die Nutzung dieser Website erkl\u00e4ren Sie sich mit der Bearbeitung der \u00fcber Sie erhobenen Daten durch Google in der zuvor beschriebenen Art und Weise und zu dem zuvor benannten Zweck einverstanden.<\/p>\n<p>Details zu den Nutzungsbedingungen f\u00fcr Google Analytics finden Sie unter:<\/p>\n<p><a href=\"https:\/\/www.google.com\/analytics\/terms\/de.html\" target=\"_blank\" rel=\"noopener noreferrer\">https:\/\/www.google.com\/analytics\/terms\/de.html<\/a><\/p>\n<p>Sie k\u00f6nnen der Erhebung der Daten durch Google-Analytics mit Wirkung in Zukunft widersprechen, indem sie ein Deaktivierungs-Add-on f\u00fcr Ihren Browser installieren:\u00a0<a href=\"http:\/\/tools.google.com\/dlpage\/gaoptout?hl=de\" target=\"_blank\" rel=\"noopener noreferrer\">http:\/\/tools.google.com\/dlpage\/gaoptout?hl=de<\/a><\/p>\n<h4><strong>Google Fonts<\/strong><\/h4>\n<p>Durch die Verwendung von Google Fonts registriert Google jegliche Nutzung unserer Webseite. Dazu geh\u00f6rt zum Beispiel Ihre IP Adresse.<\/p>\n<h4><strong>Auskunft<\/strong><\/h4>\n<p>Bei Fragen zu Ihren bei uns vorhandenen Daten oder wenn Sie diese Daten l\u00f6schen m\u00f6chten, senden Sie ein E-Mail an <a href=\"mailto:info@alnewa.com\">info@alnewa.com<\/a>.<\/p>\n<\/div>\n<div>\n<p>\n<\/div>\n<p><!--more--><br \/>\n<!-- {\"type\":\"layout\",\"children\":[{\"type\":\"section\",\"props\":{\"image_position\":\"center-center\",\"style\":\"default\",\"title_breakpoint\":\"xl\",\"title_position\":\"top-left\",\"title_rotation\":\"left\",\"vertical_align\":\"middle\",\"width\":\"default\"},\"children\":[{\"type\":\"row\",\"props\":{\"layout\":\"1-2,1-2\"},\"children\":[{\"type\":\"column\",\"props\":{\"image_position\":\"center-center\",\"position_sticky_breakpoint\":\"m\",\"width_medium\":\"1-2\"},\"children\":[{\"type\":\"headline\",\"props\":{\"content\":\"Datenschutz\",\"title_element\":\"h1\"}},{\"type\":\"text\",\"props\":{\"column_breakpoint\":\"m\",\"content\":\"\n\n<p>F\\u00fcr die Alnewa AG ist der Schutz Ihrer pers\\u00f6nlichen Daten selbstverst\\u00e4ndlich. Mit Ihrem Besuch auf unserer Website stimmen Sie dieser Datenschutzerkla\\u0308rung und der Verwendung von Cookies zu.<\\\/p>\\n\n\n<p>Die Nutzung unserer Website ist weitgehend ohne Angabe personenbezogener Daten m\\u00f6glich.\\u00a0<\\\/p>\\n\n\n<h4><strong>Formulare<\\\/strong><\\\/h4>\\n\n\n<p>Die eventuelle Eingabe von personenbezogenen Daten (Name, E-Mail-Adresse etc.) in Formularen auf unserer Website ist freiwillig. Ihre Angaben aus den Formularen werden inklusive IP-Adresse zwecks Bearbeitung der Anfrage bei uns gespeichert. Diese Daten werden nicht weitergegeben.<\\\/p>\\n\n\n<h4><strong>Cookies<\\\/strong><\\\/h4>\\n\n\n<p>Unsere Website verwendet sogenannte Cookies. Cookies richten auf Ihrem Rechner keinen Schaden an. Cookies sind kleine Textdateien, die auf Ihrem Rechner abgelegt werden und die Ihr Browser speichert. Falls Sie die Verwendung von Cookies verhindern m\\u00f6chten, k\\u00f6nnen Sie Ihren Internetbrowser entsprechend konfigurieren.<\\\/p>\\n\n\n<h4><strong>Google Analytics<\\\/strong><\\\/h4>\\n\n\n<p>Diese Website benutzt Google Analytics, einen Webanalysedienst der Googe Inc. (\\u201eGoogle\\u201c). Google Analytics verwendet sog. \\u201eCookies\\u201c, Textdateien, die auf Ihrem Computer gespeichert werden und die eine Analyse der Benutzung der Website durch Sie erm\\u00f6glicht. Die durch den Cookie erzeugten Informationen \\u00fcber Ihre Benutzung diese Website (einschlie\\u00dflich Ihrer IP-Adresse) wird an einen Server der Google in den USA \\u00fcbertragen und dort gespeichert. Google wird diese Informationen benutzen, um Ihre Nutzung der Website auszuwerten, um Reports \\u00fcber die Websiteaktivit\\u00e4ten f\\u00fcr die Websitebetreiber zusammenzustellen und um weitere mit der Websitenutzung und der Internetnutzung verbundene Dienstleistungen zu erbringen. Auch wird Google diese Informationen gegebenenfalls an Dritte \\u00fcbertragen, sofern dies gesetzlich vorgeschrieben oder soweit Dritte diese Daten im Auftrag von Google verarbeiten. Google wird in keinem Fall Ihre IP-Adresse mit anderen Daten von\\u00a0 Google in Verbindung bringen. Sie k\\u00f6nnen die Installation der Cookies durch eine entsprechende Einstellung Ihrer Browser-Software verhindern; wir weisen Sie jedoch darauf hin, dass Sie in diesem Fall gegebenenfalls nicht s\\u00e4mtliche Funktionen dieser Website vollumf\\u00e4nglich nutzen k\\u00f6nnen. Durch die Nutzung dieser Website erkl\\u00e4ren Sie sich mit der Bearbeitung der \\u00fcber Sie erhobenen Daten durch Google in der zuvor beschriebenen Art und Weise und zu dem zuvor benannten Zweck einverstanden.<\\\/p>\\n\n\n<p>Details zu den Nutzungsbedingungen f\\u00fcr Google Analytics finden Sie unter:<\\\/p>\\n\n\n<p><a href=\\\"https:\\\/\\\/www.google.com\\\/analytics\\\/terms\\\/de.html\\\" target=\\\"_blank\\\" rel=\\\"noopener noreferrer\\\">https:\\\/\\\/www.google.com\\\/analytics\\\/terms\\\/de.html<\\\/a><\\\/p>\\n\n\n<p>Sie k\\u00f6nnen der Erhebung der Daten durch Google-Analytics mit Wirkung in Zukunft widersprechen, indem sie ein Deaktivierungs-Add-on f\\u00fcr Ihren Browser installieren:\\u00a0<a href=\\\"http:\\\/\\\/tools.google.com\\\/dlpage\\\/gaoptout?hl=de\\\" target=\\\"_blank\\\" rel=\\\"noopener noreferrer\\\">http:\\\/\\\/tools.google.com\\\/dlpage\\\/gaoptout?hl=de<\\\/a><\\\/p>\\n\n\n<h4><strong>Google Fonts<\\\/strong><\\\/h4>\\n\n\n<p>Durch die Verwendung von Google Fonts registriert Google jegliche Nutzung unserer Webseite. Dazu geh\\u00f6rt zum Beispiel Ihre IP Adresse.<\\\/p>\\n\n\n<h4><strong>Auskunft<\\\/strong><\\\/h4>\\n\n\n<p>Bei Fragen zu Ihren bei uns vorhandenen Daten oder wenn Sie diese Daten l\\u00f6schen m\\u00f6chten, senden Sie ein E-Mail an <a href=\\\"mailto:info@alnewa.com\\\">info@alnewa.com<\\\/a>.<\\\/p>\",\"margin\":\"default\"}},{\"type\":\"html\",\"props\":{\"content\":\"\n\n<br \/>\"}}]},{\"type\":\"column\",\"props\":{\"image_position\":\"center-center\",\"position_sticky_breakpoint\":\"m\",\"width_medium\":\"1-2\"}}]}]}],\"version\":\"4.4.10\"} --><\/p>\n","protected":false},"excerpt":{"rendered":"<p>Datenschutz F\u00fcr die Alnewa AG ist der Schutz Ihrer pers\u00f6nlichen Daten selbstverst\u00e4ndlich. Mit Ihrem Besuch auf unserer Website stimmen Sie dieser Datenschutzerkla\u0308rung und der Verwendung von Cookies zu. Die Nutzung unserer Website ist weitgehend ohne Angabe personenbezogener Daten m\u00f6glich.\u00a0 Formulare Die eventuelle Eingabe von personenbezogenen Daten (Name, E-Mail-Adresse etc.) in Formularen auf unserer Website ist [&hellip;]<\/p>\n","protected":false},"author":1,"featured_media":0,"parent":0,"menu_order":0,"comment_status":"closed","ping_status":"closed","template":"","meta":{"_acf_changed":false,"footnotes":""},"class_list":["post-37","page","type-page","status-publish","hentry"],"acf":[],"_links":{"self":[{"href":"https:\/\/streetsgallery.de\/de\/wp-json\/wp\/v2\/pages\/37","targetHints":{"allow":["GET"]}}],"collection":[{"href":"https:\/\/streetsgallery.de\/de\/wp-json\/wp\/v2\/pages"}],"about":[{"href":"https:\/\/streetsgallery.de\/de\/wp-json\/wp\/v2\/types\/page"}],"author":[{"embeddable":true,"href":"https:\/\/streetsgallery.de\/de\/wp-json\/wp\/v2\/users\/1"}],"replies":[{"embeddable":true,"href":"https:\/\/streetsgallery.de\/de\/wp-json\/wp\/v2\/comments?post=37"}],"version-history":[{"count":6,"href":"https:\/\/streetsgallery.de\/de\/wp-json\/wp\/v2\/pages\/37\/revisions"}],"predecessor-version":[{"id":1064,"href":"https:\/\/streetsgallery.de\/de\/wp-json\/wp\/v2\/pages\/37\/revisions\/1064"}],"wp:attachment":[{"href":"https:\/\/streetsgallery.de\/de\/wp-json\/wp\/v2\/media?parent=37"}],"curies":[{"name":"wp","href":"https:\/\/api.w.org\/{rel}","templated":true}]}}