{"id":35,"date":"2024-10-22T12:54:45","date_gmt":"2024-10-22T12:54:45","guid":{"rendered":"https:\/\/alnewa.com\/?page_id=35"},"modified":"2024-11-05T14:32:07","modified_gmt":"2024-11-05T14:32:07","slug":"impressum","status":"publish","type":"page","link":"https:\/\/streetsgallery.de\/de\/impressum\/","title":{"rendered":"Impressum"},"content":{"rendered":"<h1>Impressum<\/h1>\n<div>\n<div class=\"uk-width-1-3@m uk-first-column\" data-id=\"footer#0-0-0\">\n<div class=\"uk-panel uk-margin\" data-id=\"footer#0-0-0-0\" data-element=\"\">\n<p>Alnewa AG<br \/>Eschenstrasse 6<br \/>8603 Schwerzenbach<br \/>Schweiz<\/p>\n<\/div>\n<\/div>\n<div class=\"uk-width-1-3@m uk-grid-margin uk-first-column\" data-id=\"footer#0-0-1\">\n<div class=\"uk-child-width-expand uk-grid-row-small uk-grid\" uk-grid=\"\">\n<div class=\"uk-width-auto uk-first-column\">\n<div class=\"el-title uk-margin-remove\">Telefon: <a href=\"tel:+41448257880\u202c\">\u202d+41 44 825 78 80\u202c<\/a><\/div>\n<\/div>\n<\/div>\n<div class=\"uk-child-width-expand uk-grid-row-small uk-grid\" uk-grid=\"\">\n<div class=\"uk-width-auto uk-first-column\">\n<div class=\"el-title uk-margin-remove\">E-mail: <a href=\"mailto:info@alnewa.com\">info@alnewa.com<\/a><\/div>\n<\/div>\n<\/div>\n<\/div>\n<p>Inhalt und Struktur unserer Website unterliegen dem Schutz des Urheberrechts. Die Weitergabe und Ver\u00e4nderung des Inhalts dieser Seiten ist nicht gestattet.<\/p>\n<p>Die Alnewa AG schlie\u00dft jegliche Haftung oder Garantie hinsichtlich der Genauigkeit, Vollst\u00e4ndigkeit und Aktualit\u00e4t der auf dieser Website bereitgestellten Informationen aus. Dies gilt insbesondere auch f\u00fcr Websites, auf die mittels Hyperlink verwiesen wird.<\/p>\n<p>Die Alnewa AG schliesst jegliche Haftung und Gew\u00e4hrleistung f\u00fcr Informationen aus, die von einer Website stammen, die Sie \u00fcber einen Link von dieser Website aus erreichen.<\/p>\n<\/div>\n<p><!--more--><br \/>\n<!-- {\"type\":\"layout\",\"children\":[{\"type\":\"section\",\"props\":{\"image_position\":\"center-center\",\"style\":\"default\",\"title_breakpoint\":\"xl\",\"title_position\":\"top-left\",\"title_rotation\":\"left\",\"vertical_align\":\"middle\",\"width\":\"default\"},\"children\":[{\"type\":\"row\",\"props\":{\"layout\":\"1-2,1-2\"},\"children\":[{\"type\":\"column\",\"props\":{\"image_position\":\"center-center\",\"position_sticky_breakpoint\":\"m\",\"width_medium\":\"1-2\"},\"children\":[{\"type\":\"headline\",\"props\":{\"content\":\"Impressum\",\"title_element\":\"h1\"}},{\"type\":\"text\",\"props\":{\"column_breakpoint\":\"m\",\"content\":\"\n\n<div class=\\\"uk-width-1-3@m uk-first-column\\\" data-id=\\\"footer#0-0-0\\\">\\n\n\n<div class=\\\"uk-panel uk-margin\\\" data-id=\\\"footer#0-0-0-0\\\" data-element=\\\"\\\">\\n\n\n<p>Alnewa AG<br \\\/>Eschenstrasse 6<br \\\/>8603 Schwerzenbach<br \\\/>Schweiz<\\\/p>\\n<\\\/div>\\n<\\\/div>\\n\n\n<div class=\\\"uk-width-1-3@m uk-grid-margin uk-first-column\\\" data-id=\\\"footer#0-0-1\\\">\\n\n\n<div class=\\\"uk-child-width-expand uk-grid-row-small uk-grid\\\" uk-grid=\\\"\\\">\\n\n\n<div class=\\\"uk-width-auto uk-first-column\\\">\\n\n\n<div class=\\\"el-title uk-margin-remove\\\">Telefon: <a href=\\\"tel:+41448257880\\u202c\\\">\\u202d+41 44 825 78 80\\u202c<\\\/a><\\\/div>\\n<\\\/div>\\n<\\\/div>\\n\n\n<div class=\\\"uk-child-width-expand uk-grid-row-small uk-grid\\\" uk-grid=\\\"\\\">\\n\n\n<div class=\\\"uk-width-auto uk-first-column\\\">\\n\n\n<div class=\\\"el-title uk-margin-remove\\\">E-mail: <a href=\\\"mailto:info@alnewa.com\\\">info@alnewa.com<\\\/a><\\\/div>\\n<\\\/div>\\n<\\\/div>\\n<\\\/div>\\n\n\n<p><\\\/p>\\n\n\n<p>Inhalt und Struktur unserer Website unterliegen dem Schutz des Urheberrechts. Die Weitergabe und Ver\\u00e4nderung des Inhalts dieser Seiten ist nicht gestattet.<\\\/p>\\n\n\n<p>Die Alnewa AG schlie\\u00dft jegliche Haftung oder Garantie hinsichtlich der Genauigkeit, Vollst\\u00e4ndigkeit und Aktualit\\u00e4t der auf dieser Website bereitgestellten Informationen aus. Dies gilt insbesondere auch f\\u00fcr Websites, auf die mittels Hyperlink verwiesen wird.<\\\/p>\\n\n\n<p>Die Alnewa AG schliesst jegliche Haftung und Gew\\u00e4hrleistung f\\u00fcr Informationen aus, die von einer Website stammen, die Sie \\u00fcber einen Link von dieser Website aus erreichen.<\\\/p>\",\"margin\":\"default\"}}]},{\"type\":\"column\",\"props\":{\"image_position\":\"center-center\",\"position_sticky_breakpoint\":\"m\",\"width_medium\":\"1-2\"}}]}]}],\"version\":\"4.4.10\"} --><\/p>\n","protected":false},"excerpt":{"rendered":"<p>Impressum Alnewa AGEschenstrasse 68603 SchwerzenbachSchweiz Telefon: \u202d+41 44 825 78 80\u202c E-mail: info@alnewa.com Inhalt und Struktur unserer Website unterliegen dem Schutz des Urheberrechts. Die Weitergabe und Ver\u00e4nderung des Inhalts dieser Seiten ist nicht gestattet. Die Alnewa AG schlie\u00dft jegliche Haftung oder Garantie hinsichtlich der Genauigkeit, Vollst\u00e4ndigkeit und Aktualit\u00e4t der auf dieser Website bereitgestellten Informationen aus. [&hellip;]<\/p>\n","protected":false},"author":1,"featured_media":0,"parent":0,"menu_order":0,"comment_status":"closed","ping_status":"closed","template":"","meta":{"_acf_changed":false,"footnotes":""},"class_list":["post-35","page","type-page","status-publish","hentry"],"acf":[],"_links":{"self":[{"href":"https:\/\/streetsgallery.de\/de\/wp-json\/wp\/v2\/pages\/35","targetHints":{"allow":["GET"]}}],"collection":[{"href":"https:\/\/streetsgallery.de\/de\/wp-json\/wp\/v2\/pages"}],"about":[{"href":"https:\/\/streetsgallery.de\/de\/wp-json\/wp\/v2\/types\/page"}],"author":[{"embeddable":true,"href":"https:\/\/streetsgallery.de\/de\/wp-json\/wp\/v2\/users\/1"}],"replies":[{"embeddable":true,"href":"https:\/\/streetsgallery.de\/de\/wp-json\/wp\/v2\/comments?post=35"}],"version-history":[{"count":4,"href":"https:\/\/streetsgallery.de\/de\/wp-json\/wp\/v2\/pages\/35\/revisions"}],"predecessor-version":[{"id":1607,"href":"https:\/\/streetsgallery.de\/de\/wp-json\/wp\/v2\/pages\/35\/revisions\/1607"}],"wp:attachment":[{"href":"https:\/\/streetsgallery.de\/de\/wp-json\/wp\/v2\/media?parent=35"}],"curies":[{"name":"wp","href":"https:\/\/api.w.org\/{rel}","templated":true}]}}