{"id":31,"date":"2024-10-22T12:54:16","date_gmt":"2024-10-22T12:54:16","guid":{"rendered":"https:\/\/alnewa.com\/?page_id=31"},"modified":"2025-01-21T18:13:42","modified_gmt":"2025-01-21T18:13:42","slug":"ueber_alnewa","status":"publish","type":"page","link":"https:\/\/streetsgallery.de\/de\/ueber_alnewa\/","title":{"rendered":"\u00dcber Alnewa"},"content":{"rendered":"<h1>\u00dcber Alnewa<\/h1>\n<h2>Die Gr\u00fcnder und ihre Kompetenzen<\/h2>\n<div>\n<p>Alnewa wurde als Joint Venture von den beiden Unternehmen Elex und oxytec gegr\u00fcndet. Das bedeutet, dass sich zwei Kompetenzbereiche gegenseitig erg\u00e4nzen:<\/p>\n<p><a href=\"http:\/\/oxytec.com\">oxytec<\/a> ist der f\u00fchrende europ\u00e4ische Spezialist f\u00fcr Luftreinigungssysteme auf Basis von UV- und Plasmaverfahren. Bei industriellen Anwendungen kann mit diesen so genannten \u201eadvanced electrified exhaust air solutions\u201c die energieintensive thermische Nachverbrennung mit fossilem Gas vermieden werden. Die Einsparungen an Energie und CO\u2082 sind enorm: 9 kW fossile Energie werden durch 1 kW regenerative elektrische Energie ersetzt. Die CO\u2082-Emissionen werden um bis zu 98% reduziert.<\/p>\n<p>oxytec verf\u00fcgt \u00fcber langj\u00e4hrige Erfahrung mit der Umstellung auf fossilfreie L\u00f6sungen in zahlreichen Branchen und Prozessen &#8211; etwa bei Anwendungen aus der Lebensmittelproduktion, der Beschichtung und dem Batterierecycling. Das Unternehmen hat eine langfristige Partnerschaft mit der Schweizer Universit\u00e4t OST und arbeitet mit Professor Dr. Andre Heel an der Weiterentwicklung der Plasmatechnologie.<\/p>\n<p>Nach Anfragen aus der Zementindustrie entschied sich oxytec f\u00fcr eine Zusammenarbeit mit der Elex AG. Der Spezialist f\u00fcr die Reinigung von Abgasen aus der Zementindustrie kennt die spezifischen Anforderungen dieser Branche besonders gut.<\/p>\n<p><a href=\"http:\/\/elex.ch\">Elex<\/a> ist Spezialist f\u00fcr die Abgasreinigung, w\u00e4hrend oxytec sich auf die Abluftreinigung spezialisiert hat. Elex ist sehr gut in der Lage, Schwebstoffe aus Industrieabgasen zu entfernen und kann zum Teil auch gasf\u00f6rmige Bestandteile abscheiden. oxytec ist in der Lage, auch feinste Verunreinigungen wie Keime, Ger\u00fcche oder Haushaltgifte aus der Luft zu entfernen.<\/p>\n<\/div>\n<h2>Ihre Idee<\/h2>\n<div>\n<p>Die Plasma-Technik ist so effektiv, weil sie die eingesetze Energie extrem konzentriert. So arbeitet sie mit einem Bruchteil des Energieeinsatzes herk\u00f6mmlicher Luftreinigungsverfahren wie der thermischen Nachverbrennung.<\/p>\n<p>So lag es nahe, sie auf ein Kernproblem der Menschheit anzuwenden und auch CO\u2082 damit aufzuspalten. Versuche in unserer Testanlage haben gezeigt, dass es funktioniert.<\/p>\n<p>Deshalb will Alnewa die im Kohlendioxyd enthaltenen Rohstoffe recyceln und f\u00fcr industrielle Prozesse verwertbar machen.\u00a0<\/p>\n<p>Ein besonderer Vorteil dieser Technologie ist die Reinheit der erzeugten Reaktionsprodukte, die in verschiedenen Industrien eingesetzt werden k\u00f6nnen. So kann das Ziel der CO\u2082-Reduktion schneller erreicht und eine zumindest teilweise Refinanzierung der Anlagen erreicht werden.<\/p>\n<\/div>\n<h2>Von Anfang an stark<\/h2>\n<div>\n<p>Alnewa ist ein junges Unternehmen mit einer gro\u00dfartigen Idee. Die dahinter stehenden Unternehmen steuern dazu ihre Kompetenzen, langj\u00e4hrige Kundenbeziehungen und ihre Ressourcen bei. So ist sichergestellt, dass es nicht allein bei der Idee bleibt.<\/p>\n<p>Gerade die Erfahrungen mit der Zement-Produktion haben die Gr\u00fcnder dazu gebracht, die Pilotanlage in diesem Industriesektor zu planen. Denn dabei entsteht besonders viel CO\u2082 \u2013 nicht nur aus den Brenngasen, sondern auch aus dem Brenngut.<\/p>\n<\/div>\n<ul>\n<li>\n        <a href=\"https:\/\/elex.ch\">Elex<\/a>\n    <\/li>\n<li>\n        <a href=\"https:\/\/oxytec.com\/de\/\">oxytec<\/a>\n    <\/li>\n<\/ul>\n<div>\n<p>\n<\/div>\n<p><!--more--><br \/>\n<!-- {\"type\":\"layout\",\"children\":[{\"type\":\"section\",\"props\":{\"image_position\":\"center-center\",\"style\":\"default\",\"title_breakpoint\":\"xl\",\"title_position\":\"top-left\",\"title_rotation\":\"left\",\"vertical_align\":\"middle\",\"width\":\"default\"},\"children\":[{\"type\":\"row\",\"props\":{\"layout\":\"1-3,2-3\"},\"children\":[{\"type\":\"column\",\"props\":{\"image_position\":\"center-center\",\"position_sticky_breakpoint\":\"m\",\"width_medium\":\"1-3\"},\"children\":[{\"type\":\"headline\",\"props\":{\"content\":\"\\u00dcber Alnewa\",\"title_element\":\"h1\"}}]},{\"type\":\"column\",\"props\":{\"image_position\":\"center-center\",\"position_sticky_breakpoint\":\"m\",\"width_medium\":\"2-3\"}}]}]},{\"type\":\"section\",\"props\":{\"image_position\":\"center-center\",\"style\":\"default\",\"title_breakpoint\":\"xl\",\"title_position\":\"top-left\",\"title_rotation\":\"left\",\"vertical_align\":\"middle\",\"width\":\"default\"},\"children\":[{\"type\":\"row\",\"props\":{\"layout\":\"1-2,1-2\"},\"children\":[{\"type\":\"column\",\"props\":{\"image_position\":\"center-center\",\"position_sticky_breakpoint\":\"m\",\"width_medium\":\"1-2\"},\"children\":[{\"type\":\"headline\",\"props\":{\"content\":\"Die Gr\\u00fcnder und ihre Kompetenzen\",\"title_element\":\"h2\"}},{\"type\":\"text\",\"props\":{\"column_breakpoint\":\"m\",\"content\":\"\n\n<p>Alnewa wurde als Joint Venture von den beiden Unternehmen Elex und oxytec gegr\\u00fcndet. Das bedeutet, dass sich zwei Kompetenzbereiche gegenseitig erg\\u00e4nzen:<\\\/p>\\n\n\n<p><a href=\\\"http:\\\/\\\/oxytec.com\\\">oxytec<\\\/a> ist der f\\u00fchrende europ\\u00e4ische Spezialist f\\u00fcr Luftreinigungssysteme auf Basis von UV- und Plasmaverfahren. Bei industriellen Anwendungen kann mit diesen so genannten \\u201eadvanced electrified exhaust air solutions\\u201c die energieintensive thermische Nachverbrennung mit fossilem Gas vermieden werden. Die Einsparungen an Energie und CO\\u2082 sind enorm: 9 kW fossile Energie werden durch 1 kW regenerative elektrische Energie ersetzt. Die CO\\u2082-Emissionen werden um bis zu 98% reduziert.<\\\/p>\\n\n\n<p>oxytec verf\\u00fcgt \\u00fcber langj\\u00e4hrige Erfahrung mit der Umstellung auf fossilfreie L\\u00f6sungen in zahlreichen Branchen und Prozessen - etwa bei Anwendungen aus der Lebensmittelproduktion, der Beschichtung und dem Batterierecycling. Das Unternehmen hat eine langfristige Partnerschaft mit der Schweizer Universit\\u00e4t OST und arbeitet mit Professor Dr. Andre Heel an der Weiterentwicklung der Plasmatechnologie.<\\\/p>\\n\n\n<p>Nach Anfragen aus der Zementindustrie entschied sich oxytec f\\u00fcr eine Zusammenarbeit mit der Elex AG. Der Spezialist f\\u00fcr die Reinigung von Abgasen aus der Zementindustrie kennt die spezifischen Anforderungen dieser Branche besonders gut.<\\\/p>\\n\n\n<p><a href=\\\"http:\\\/\\\/elex.ch\\\">Elex<\\\/a> ist Spezialist f\\u00fcr die Abgasreinigung, w\\u00e4hrend oxytec sich auf die Abluftreinigung spezialisiert hat. Elex ist sehr gut in der Lage, Schwebstoffe aus Industrieabgasen zu entfernen und kann zum Teil auch gasf\\u00f6rmige Bestandteile abscheiden. oxytec ist in der Lage, auch feinste Verunreinigungen wie Keime, Ger\\u00fcche oder Haushaltgifte aus der Luft zu entfernen.<\\\/p>\",\"margin\":\"default\"}}]},{\"type\":\"column\",\"props\":{\"image_position\":\"center-center\",\"position_sticky_breakpoint\":\"m\",\"width_medium\":\"1-2\"}}]},{\"type\":\"row\",\"props\":{\"layout\":\"1-2,1-2\",\"margin\":\"large\"},\"children\":[{\"type\":\"column\",\"props\":{\"image_position\":\"center-center\",\"position_sticky_breakpoint\":\"m\",\"width_medium\":\"1-2\"},\"children\":[{\"type\":\"headline\",\"props\":{\"content\":\"Ihre Idee\",\"title_element\":\"h2\"}},{\"type\":\"text\",\"props\":{\"column_breakpoint\":\"m\",\"content\":\"\n\n<p>Die Plasma-Technik ist so effektiv, weil sie die eingesetze Energie extrem konzentriert. So arbeitet sie mit einem Bruchteil des Energieeinsatzes herk\\u00f6mmlicher Luftreinigungsverfahren wie der thermischen Nachverbrennung.<\\\/p>\\n\n\n<p>So lag es nahe, sie auf ein Kernproblem der Menschheit anzuwenden und auch CO\\u2082 damit aufzuspalten. Versuche in unserer Testanlage haben gezeigt, dass es funktioniert.<\\\/p>\\n\n\n<p>Deshalb will Alnewa die im Kohlendioxyd enthaltenen Rohstoffe recyceln und f\\u00fcr industrielle Prozesse verwertbar machen.\\u00a0<\\\/p>\\n\n\n<p>Ein besonderer Vorteil dieser Technologie ist die Reinheit der erzeugten Reaktionsprodukte, die in verschiedenen Industrien eingesetzt werden k\\u00f6nnen. So kann das Ziel der CO\\u2082-Reduktion schneller erreicht und eine zumindest teilweise Refinanzierung der Anlagen erreicht werden.<\\\/p>\",\"margin\":\"default\"}}]},{\"type\":\"column\",\"props\":{\"image_position\":\"center-center\",\"position_sticky_breakpoint\":\"m\",\"width_medium\":\"1-2\"}}]},{\"type\":\"row\",\"props\":{\"layout\":\"1-2,1-2\",\"margin\":\"large\"},\"children\":[{\"type\":\"column\",\"props\":{\"image_position\":\"center-center\",\"position_sticky_breakpoint\":\"m\",\"width_medium\":\"1-2\"},\"children\":[{\"type\":\"headline\",\"props\":{\"content\":\"Von Anfang an stark\",\"title_element\":\"h2\"}},{\"type\":\"text\",\"props\":{\"column_breakpoint\":\"m\",\"content\":\"\n\n<p>Alnewa ist ein junges Unternehmen mit einer gro\\u00dfartigen Idee. Die dahinter stehenden Unternehmen steuern dazu ihre Kompetenzen, langj\\u00e4hrige Kundenbeziehungen und ihre Ressourcen bei. So ist sichergestellt, dass es nicht allein bei der Idee bleibt.<\\\/p>\\n\n\n<p>Gerade die Erfahrungen mit der Zement-Produktion haben die Gr\\u00fcnder dazu gebracht, die Pilotanlage in diesem Industriesektor zu planen. Denn dabei entsteht besonders viel CO\\u2082 \\u2013 nicht nur aus den Brenngasen, sondern auch aus dem Brenngut.<\\\/p>\",\"margin\":\"default\"}},{\"type\":\"button\",\"props\":{\"grid_column_gap\":\"small\",\"grid_row_gap\":\"small\",\"margin\":\"large\"},\"children\":[{\"type\":\"button_item\",\"props\":{\"button_style\":\"default\",\"content\":\"Elex\",\"icon_align\":\"left\",\"link\":\"https:\\\/\\\/elex.ch\",\"link_title\":\"Elex\"}},{\"type\":\"button_item\",\"props\":{\"button_style\":\"default\",\"content\":\"oxytec\",\"icon_align\":\"left\",\"link\":\"https:\\\/\\\/oxytec.com\\\/de\\\/\",\"link_title\":\"oxytec\"}}]},{\"type\":\"html\",\"props\":{\"content\":\"\n\n<br \/>\"}}]},{\"type\":\"column\",\"props\":{\"image_position\":\"center-center\",\"position_sticky_breakpoint\":\"m\",\"width_medium\":\"1-2\"}}]}]}],\"version\":\"4.4.10\"} --><\/p>\n","protected":false},"excerpt":{"rendered":"<p>\u00dcber Alnewa Die Gr\u00fcnder und ihre Kompetenzen Alnewa wurde als Joint Venture von den beiden Unternehmen Elex und oxytec gegr\u00fcndet. Das bedeutet, dass sich zwei Kompetenzbereiche gegenseitig erg\u00e4nzen: oxytec ist der f\u00fchrende europ\u00e4ische Spezialist f\u00fcr Luftreinigungssysteme auf Basis von UV- und Plasmaverfahren. Bei industriellen Anwendungen kann mit diesen so genannten \u201eadvanced electrified exhaust air solutions\u201c [&hellip;]<\/p>\n","protected":false},"author":1,"featured_media":0,"parent":0,"menu_order":0,"comment_status":"closed","ping_status":"closed","template":"","meta":{"_acf_changed":false,"footnotes":""},"class_list":["post-31","page","type-page","status-publish","hentry"],"acf":[],"_links":{"self":[{"href":"https:\/\/streetsgallery.de\/de\/wp-json\/wp\/v2\/pages\/31","targetHints":{"allow":["GET"]}}],"collection":[{"href":"https:\/\/streetsgallery.de\/de\/wp-json\/wp\/v2\/pages"}],"about":[{"href":"https:\/\/streetsgallery.de\/de\/wp-json\/wp\/v2\/types\/page"}],"author":[{"embeddable":true,"href":"https:\/\/streetsgallery.de\/de\/wp-json\/wp\/v2\/users\/1"}],"replies":[{"embeddable":true,"href":"https:\/\/streetsgallery.de\/de\/wp-json\/wp\/v2\/comments?post=31"}],"version-history":[{"count":13,"href":"https:\/\/streetsgallery.de\/de\/wp-json\/wp\/v2\/pages\/31\/revisions"}],"predecessor-version":[{"id":1957,"href":"https:\/\/streetsgallery.de\/de\/wp-json\/wp\/v2\/pages\/31\/revisions\/1957"}],"wp:attachment":[{"href":"https:\/\/streetsgallery.de\/de\/wp-json\/wp\/v2\/media?parent=31"}],"curies":[{"name":"wp","href":"https:\/\/api.w.org\/{rel}","templated":true}]}}