{"id":29,"date":"2024-10-22T12:53:57","date_gmt":"2024-10-22T12:53:57","guid":{"rendered":"https:\/\/alnewa.com\/?page_id=29"},"modified":"2025-01-17T08:37:20","modified_gmt":"2025-01-17T08:37:20","slug":"relevanz","status":"publish","type":"page","link":"https:\/\/streetsgallery.de\/de\/relevanz\/","title":{"rendered":"Relevanz"},"content":{"rendered":"<div>\n<p>\n<\/div>\n<h1><strong>CO\u2082-Reduktion sp\u00e4testens jetzt<\/strong><\/h1>\n<div>\n<p>Die Atmosph\u00e4re der Erde erw\u00e4rmt sich in erschreckender Geschwindigkeit. Die w\u00e4rmeintensive Industrie hat daran einen entscheidenden Anteil. Diese Unternehmen haben daher eine hohe Verantwortung selbst etwas gegen ihre hohen CO\u2082-Emissionen zu tun.<\/p>\n<p>Auch der gesellschaftliche und politische Druck auf die Unternehmen wird gr\u00f6\u00dfer. Es liegt daher im \u00dcberlebensinteresse dieser Industrien, nach eigenen Wegen zu suchen, wie die Emissionen deutlich reduziert oder auch ganz vermieden werden k\u00f6nnen.<\/p>\n<\/div>\n<p><img decoding=\"async\" src=\"\/wp-content\/uploads\/2024\/11\/1_Fabrik.jpg\" alt=\"\"><\/p>\n<h2><strong>CO\u2082-Zertifikate belasten die Industrie. Zunehmend.<\/strong><\/h2>\n<div>\n<p>CO\u2082-Zertifikate dienen als Instrument zur Bepreisung von Kohlenstoffemissionen. Das Ziel ist klar: Unternehmen sollen ihre CO\u2082-Emissionen so weit wie m\u00f6glich reduzieren.<\/p>\n<p>Der Preis dieser Zertifikate steigt stetig und sp\u00fcrbar. Besonders in w\u00e4rmeintensiven Branchen, in denen enorme Energiemengen ben\u00f6tigt werden, schlagen diese Kosten erheblich zu Buche.<\/p>\n<p>Diese finanzielle Belastung wirkt sich auf die gesamte Produktion aus und kann die Konkurrenzf\u00e4higkeit bedrohen, gerade im internationalen Vergleich.<\/p>\n<p>Durch steigende Zertifikatspreise droht der Verlust von Marktanteilen an Unternehmen, die bereits klimafreundlicher produzieren, oder nicht an Klimagesetze gebunden sind.<\/p>\n<\/div>\n<h2><strong>Zeit f\u00fcr Ver\u00e4nderung.<\/strong><\/h2>\n<div>\n<div>Gro\u00dfindustrielle W\u00e4rmeprozesse werden fast vollst\u00e4ndig mit fossilen Brennstoffen befeuert, mit entsprechend hohen Emissionen von CO\u2082. Um diese Mengen zu verringern, muss die Industrie das CO\u2082 auffangen und entsorgen oder neue Wege finden, bei denen das CO\u2082 gar nicht erst entsteht.<\/div>\n<div>Wasserstoff ist als alternativer Brennstoff im Gespr\u00e4ch, doch wie die erforderlichen Mengen jemals erzeugt werden k\u00f6nnen, ist technologisch ungekl\u00e4rt.<\/div>\n<div>Innovative Technologien zielen zun\u00e4chst auf Carbon Capture, also, das CO\u2082 aufzufangen und zu entsorgen. Beides mit gewaltigem Aufwand.<\/div>\n<div>Die Plasmatechnologie von Alnewa bietet eine Alternative, weil sie bestehendes CO\u2082 recycelt und in einen Brennstoff verwandelt. So k\u00f6nnen die sonst ben\u00f6tigten fossilen Brennstoffe nach Bedarf und Verf\u00fcgbarkeit ersetzt werden.<\/div>\n<\/div>\n<h2>An der CO\u2082-Einsparung f\u00fchrt kein Weg mehr vorbei:<\/h2>\n<div>\n<ul>\n<li>Weniger CO\u2082 bedeutet weniger Zertifikate und damit geringere Kosten.<\/li>\n<li>Unternehmen, die nachhaltige Prozesse f\u00f6rdern, verbessern ihr Ansehen bei Kunden und Partnern.<\/li>\n<li>Der \u00dcbergang zu CO\u2082-armen Prozessen sichert langfristig die Marktposition, da die Anforderungen an klimafreundliche Produktion weiter steigen werden.<\/li>\n<li>CO\u2082-Reduktion ist m\u00f6glicherweise der einzige Weg, um eine Produktion in Europa aufrecht zu erhalten.<\/li>\n<\/ul>\n<\/div>\n<h2><strong>Verschaffen Sie sich einen Vorsprung.<\/strong><\/h2>\n<div>\n<p>F\u00fcr Unternehmen in der Zementindustrie und anderen w\u00e4rmeintensiven Branchen ist es \u00fcberlebenswichtig, den CO\u2082-Aussto\u00df signifikant zu senken. Jetzt ist die Zeit, aktiv zu werden und in innovative Technologien zu investieren, bevor die Kosten f\u00fcr Zertifikate noch h\u00f6her steigen und die Konkurrenz Ihnen einen Schritt voraus ist.<\/p>\n<p>Gehen Sie mit uns gemeinsam diesen Weg.<\/p>\n<\/div>\n<ul>\n<li>\n        <a href=\"tel:+41448257880\">Telefon<\/a>\n    <\/li>\n<li>\n        <a href=\"mailto:contact@alnewa.com\">E-mail<\/a>\n    <\/li>\n<\/ul>\n<div>\n<p>\n<\/div>\n<p><img decoding=\"async\" src=\"\/wp-content\/uploads\/2024\/11\/2_Schonsteine-scaled.jpg\" alt=\"\"><br \/>\n<img decoding=\"async\" src=\"\/wp-content\/uploads\/2024\/11\/3_Fabrik.png\" alt=\"\"><br \/>\n<img decoding=\"async\" src=\"\/wp-content\/uploads\/2024\/11\/4_Fabrik.png\" alt=\"\"><br \/>\n<img decoding=\"async\" src=\"\/wp-content\/uploads\/2024\/10\/circle-soft.svg\" alt=\"\"><br \/>\n<img decoding=\"async\" src=\"\/wp-content\/uploads\/2024\/10\/circle-soft.svg\" alt=\"\"><br \/>\n<img decoding=\"async\" src=\"\/wp-content\/uploads\/2024\/10\/circle-soft.svg\" alt=\"\"><br \/>\n<img decoding=\"async\" src=\"\/wp-content\/uploads\/2024\/10\/circle-soft.svg\" alt=\"\"><br \/>\n<img decoding=\"async\" src=\"\/wp-content\/uploads\/2024\/10\/circle-soft.svg\" alt=\"\"><\/p>\n<p><!--more--><br \/>\n<!-- {\"type\":\"layout\",\"children\":[{\"type\":\"section\",\"props\":{\"image_position\":\"center-center\",\"padding_remove_top\":true,\"style\":\"default\",\"title_breakpoint\":\"xl\",\"title_position\":\"top-left\",\"title_rotation\":\"left\",\"vertical_align\":\"middle\",\"width\":\"default\",\"width_expand\":\"right\"},\"children\":[{\"type\":\"row\",\"children\":[{\"type\":\"column\",\"props\":{\"image_position\":\"center-center\",\"position_sticky_breakpoint\":\"m\",\"width_medium\":\"1-3\"},\"children\":[{\"type\":\"html\",\"props\":{\"content\":\"<br \/>\"}},{\"type\":\"headline\",\"props\":{\"content\":\"<strong>CO\\u2082-Reduktion sp\\u00e4testens jetzt<\\\/strong>\",\"title_element\":\"h1\"}},{\"type\":\"text\",\"props\":{\"column_breakpoint\":\"m\",\"content\":\"\n\n<p>Die Atmosph\\u00e4re der Erde erw\\u00e4rmt sich in erschreckender Geschwindigkeit. Die w\\u00e4rmeintensive Industrie hat daran einen entscheidenden Anteil. Diese Unternehmen haben daher eine hohe Verantwortung selbst etwas gegen ihre hohen CO\\u2082-Emissionen zu tun.<\\\/p>\\n\n\n<p>Auch der gesellschaftliche und politische Druck auf die Unternehmen wird gr\\u00f6\\u00dfer. Es liegt daher im \\u00dcberlebensinteresse dieser Industrien, nach eigenen Wegen zu suchen, wie die Emissionen deutlich reduziert oder auch ganz vermieden werden k\\u00f6nnen.<\\\/p>\",\"margin\":\"default\",\"maxwidth\":\"xlarge\"}}]},{\"type\":\"column\",\"props\":{\"image_position\":\"center-center\",\"position_sticky_breakpoint\":\"m\",\"width_medium\":\"2-3\"},\"children\":[{\"type\":\"image\",\"props\":{\"animation\":\"parallax\",\"image\":\"wp-content\\\/uploads\\\/2024\\\/11\\\/1_Fabrik.jpg\",\"image_svg_color\":\"emphasis\",\"margin\":\"default\",\"parallax_x\":\"160\",\"position\":\"relative\",\"position_left\":\"80\"}}]}],\"props\":{\"layout\":\"1-3,2-3\"}}],\"name\":\"CO2 - Reduktion\"},{\"type\":\"section\",\"props\":{\"image_position\":\"center-center\",\"style\":\"default\",\"title_breakpoint\":\"xl\",\"title_position\":\"top-left\",\"title_rotation\":\"left\",\"vertical_align\":\"middle\",\"width\":\"default\"},\"children\":[{\"type\":\"row\",\"props\":{\"layout\":\"1-2,1-4,1-4|1-1,1-2,1-2\"},\"children\":[{\"type\":\"column\",\"props\":{\"image_position\":\"center-center\",\"position_sticky_breakpoint\":\"m\",\"width_medium\":\"1-2\",\"width_small\":\"1-1\"},\"children\":[{\"type\":\"headline\",\"props\":{\"content\":\"<strong>CO\\u2082-Zertifikate belasten die Industrie. Zunehmend.<\\\/strong>\",\"margin\":\"large\",\"title_element\":\"h2\"}},{\"type\":\"text\",\"props\":{\"column_breakpoint\":\"m\",\"content\":\"\n\n<p>CO\\u2082-Zertifikate dienen als Instrument zur Bepreisung von Kohlenstoffemissionen. Das Ziel ist klar: Unternehmen sollen ihre CO\\u2082-Emissionen so weit wie m\\u00f6glich reduzieren.<\\\/p>\\n\n\n<p>Der Preis dieser Zertifikate steigt stetig und sp\\u00fcrbar. Besonders in w\\u00e4rmeintensiven Branchen, in denen enorme Energiemengen ben\\u00f6tigt werden, schlagen diese Kosten erheblich zu Buche.<\\\/p>\\n\n\n<p>Diese finanzielle Belastung wirkt sich auf die gesamte Produktion aus und kann die Konkurrenzf\\u00e4higkeit bedrohen, gerade im internationalen Vergleich.<\\\/p>\\n\n\n<p>Durch steigende Zertifikatspreise droht der Verlust von Marktanteilen an Unternehmen, die bereits klimafreundlicher produzieren, oder nicht an Klimagesetze gebunden sind.<\\\/p>\",\"margin\":\"default\"}},{\"type\":\"headline\",\"props\":{\"content\":\"<strong>Zeit f\\u00fcr Ver\\u00e4nderung.<\\\/strong>\",\"margin\":\"large\",\"margin_remove_bottom\":true,\"title_element\":\"h2\"}},{\"type\":\"text\",\"props\":{\"column_breakpoint\":\"m\",\"content\":\"\n\n<div>Gro\\u00dfindustrielle W\\u00e4rmeprozesse werden fast vollst\\u00e4ndig mit fossilen Brennstoffen befeuert, mit entsprechend hohen Emissionen von CO\\u2082. Um diese Mengen zu verringern, muss die Industrie das CO\\u2082 auffangen und entsorgen oder neue Wege finden, bei denen das CO\\u2082 gar nicht erst entsteht.<\\\/div>\\n\n\n<div>Wasserstoff ist als alternativer Brennstoff im Gespr\\u00e4ch, doch wie die erforderlichen Mengen jemals erzeugt werden k\\u00f6nnen, ist technologisch ungekl\\u00e4rt.<\\\/div>\\n\n\n<div>Innovative Technologien zielen zun\\u00e4chst auf Carbon Capture, also, das CO\\u2082 aufzufangen und zu entsorgen. Beides mit gewaltigem Aufwand.<\\\/div>\\n\n\n<div>Die Plasmatechnologie von Alnewa bietet eine Alternative, weil sie bestehendes CO\\u2082 recycelt und in einen Brennstoff verwandelt. So k\\u00f6nnen die sonst ben\\u00f6tigten fossilen Brennstoffe nach Bedarf und Verf\\u00fcgbarkeit ersetzt werden.<\\\/div>\",\"margin\":\"default\"}},{\"type\":\"headline\",\"props\":{\"content\":\"An der CO\\u2082-Einsparung f\\u00fchrt kein Weg mehr vorbei:\",\"margin\":\"large\",\"margin_remove_bottom\":true,\"title_element\":\"h2\"}},{\"type\":\"text\",\"props\":{\"column_breakpoint\":\"m\",\"content\":\"\n\n<ul>\\n\n\n<li>Weniger CO\\u2082 bedeutet weniger Zertifikate und damit geringere Kosten.<\\\/li>\\n\n\n<li>Unternehmen, die nachhaltige Prozesse f\\u00f6rdern, verbessern ihr Ansehen bei Kunden und Partnern.<\\\/li>\\n\n\n<li>Der \\u00dcbergang zu CO\\u2082-armen Prozessen sichert langfristig die Marktposition, da die Anforderungen an klimafreundliche Produktion weiter steigen werden.<\\\/li>\\n\n\n<li>CO\\u2082-Reduktion ist m\\u00f6glicherweise der einzige Weg, um eine Produktion in Europa aufrecht zu erhalten.<\\\/li>\\n<\\\/ul>\",\"margin\":\"default\"}},{\"type\":\"headline\",\"props\":{\"content\":\"<strong>Verschaffen Sie sich einen Vorsprung.<\\\/strong>\",\"margin\":\"xlarge\",\"margin_remove_bottom\":true,\"title_element\":\"h2\"}},{\"type\":\"text\",\"props\":{\"column_breakpoint\":\"m\",\"content\":\"\n\n<p>F\\u00fcr Unternehmen in der Zementindustrie und anderen w\\u00e4rmeintensiven Branchen ist es \\u00fcberlebenswichtig, den CO\\u2082-Aussto\\u00df signifikant zu senken. Jetzt ist die Zeit, aktiv zu werden und in innovative Technologien zu investieren, bevor die Kosten f\\u00fcr Zertifikate noch h\\u00f6her steigen und die Konkurrenz Ihnen einen Schritt voraus ist.<\\\/p>\\n\n\n<p>Gehen Sie mit uns gemeinsam diesen Weg.<\\\/p>\",\"margin\":\"default\"}},{\"type\":\"button\",\"props\":{\"grid_column_gap\":\"small\",\"grid_row_gap\":\"small\",\"margin\":\"medium\"},\"children\":[{\"type\":\"button_item\",\"props\":{\"button_style\":\"default\",\"content\":\"Telefon\",\"icon_align\":\"left\",\"link\":\"tel:+41448257880\"}},{\"type\":\"button_item\",\"props\":{\"button_style\":\"default\",\"content\":\"E-mail\",\"icon_align\":\"left\",\"link\":\"mailto:contact@alnewa.com\"}}]},{\"type\":\"html\",\"props\":{\"content\":\"<br \/>\"}}]},{\"type\":\"column\",\"props\":{\"image_position\":\"center-center\",\"position_sticky_breakpoint\":\"m\",\"width_medium\":\"1-4\",\"width_small\":\"1-2\"},\"children\":[{\"type\":\"image\",\"props\":{\"animation\":\"parallax\",\"image\":\"wp-content\\\/uploads\\\/2024\\\/11\\\/2_Schonsteine-scaled.jpg\",\"image_svg_color\":\"emphasis\",\"image_width\":800,\"margin\":\"remove-vertical\",\"parallax_y\":\"-140\",\"position\":\"relative\",\"position_left\":\"70\",\"position_top\":\"230\",\"visibility\":\"s\"}},{\"type\":\"image\",\"props\":{\"animation\":\"parallax\",\"blend\":false,\"image\":\"wp-content\\\/uploads\\\/2024\\\/11\\\/3_Fabrik.png\",\"image_svg_color\":\"emphasis\",\"margin\":\"default\",\"parallax_y\":\"130 72%\",\"position\":\"relative\",\"position_left\":\"202\",\"position_top\":\"30\",\"position_z_index\":\"0\",\"visibility\":\"s\"}},{\"type\":\"image\",\"props\":{\"animation\":\"parallax\",\"image\":\"wp-content\\\/uploads\\\/2024\\\/11\\\/4_Fabrik.png\",\"image_svg_color\":\"emphasis\",\"margin\":\"default\",\"parallax_y\":\"260\",\"position\":\"relative\",\"position_left\":\"120\",\"position_top\":\"-90\",\"visibility\":\"s\"}}]},{\"type\":\"column\",\"props\":{\"image_position\":\"center-center\",\"position_sticky_breakpoint\":\"m\",\"width_medium\":\"1-4\",\"width_small\":\"1-2\"},\"children\":[{\"type\":\"image\",\"props\":{\"animation\":\"parallax\",\"image\":\"wp-content\\\/uploads\\\/2024\\\/10\\\/circle-soft.svg\",\"image_svg_color\":\"primary\",\"image_svg_inline\":false,\"image_width\":350,\"margin\":\"default\",\"parallax_y\":\"-290\",\"position_left\":\"-130\",\"text_align\":\"right\",\"visibility\":\"m\"}},{\"type\":\"image\",\"props\":{\"animation\":\"parallax\",\"image\":\"wp-content\\\/uploads\\\/2024\\\/10\\\/circle-soft.svg\",\"image_svg_color\":\"primary\",\"image_svg_inline\":false,\"image_width\":350,\"margin\":\"default\",\"parallax_y\":\"-290\",\"position_left\":\"-130\",\"text_align\":\"right\",\"visibility\":\"m\"}},{\"type\":\"image\",\"props\":{\"animation\":\"parallax\",\"image\":\"wp-content\\\/uploads\\\/2024\\\/10\\\/circle-soft.svg\",\"image_svg_color\":\"primary\",\"image_svg_inline\":false,\"image_width\":350,\"margin\":\"default\",\"parallax_y\":\"-290\",\"position_left\":\"-130\",\"text_align\":\"right\",\"visibility\":\"m\"}},{\"type\":\"image\",\"props\":{\"animation\":\"parallax\",\"image\":\"wp-content\\\/uploads\\\/2024\\\/10\\\/circle-soft.svg\",\"image_svg_color\":\"primary\",\"image_svg_inline\":false,\"image_width\":350,\"margin\":\"default\",\"parallax_y\":\"270\",\"position\":\"relative\",\"position_left\":\"0\",\"position_top\":\"-70\",\"text_align\":\"right\",\"visibility\":\"m\"}},{\"type\":\"image\",\"props\":{\"animation\":\"parallax\",\"image\":\"wp-content\\\/uploads\\\/2024\\\/10\\\/circle-soft.svg\",\"image_svg_color\":\"primary\",\"image_svg_inline\":false,\"image_width\":350,\"margin\":\"default\",\"parallax_y\":\"290\",\"position\":\"relative\",\"position_left\":\"0\",\"position_top\":\"170\",\"position_z_index\":\"0\",\"text_align\":\"right\",\"visibility\":\"m\"}}]}]}],\"name\":\"CO2 - Zertifikate\"}],\"version\":\"4.4.10\"} --><\/p>\n","protected":false},"excerpt":{"rendered":"<p>CO\u2082-Reduktion sp\u00e4testens jetzt Die Atmosph\u00e4re der Erde erw\u00e4rmt sich in erschreckender Geschwindigkeit. Die w\u00e4rmeintensive Industrie hat daran einen entscheidenden Anteil. Diese Unternehmen haben daher eine hohe Verantwortung selbst etwas gegen ihre hohen CO\u2082-Emissionen zu tun. Auch der gesellschaftliche und politische Druck auf die Unternehmen wird gr\u00f6\u00dfer. Es liegt daher im \u00dcberlebensinteresse dieser Industrien, nach eigenen [&hellip;]<\/p>\n","protected":false},"author":1,"featured_media":0,"parent":0,"menu_order":0,"comment_status":"closed","ping_status":"closed","template":"","meta":{"_acf_changed":false,"footnotes":""},"class_list":["post-29","page","type-page","status-publish","hentry"],"acf":[],"_links":{"self":[{"href":"https:\/\/streetsgallery.de\/de\/wp-json\/wp\/v2\/pages\/29","targetHints":{"allow":["GET"]}}],"collection":[{"href":"https:\/\/streetsgallery.de\/de\/wp-json\/wp\/v2\/pages"}],"about":[{"href":"https:\/\/streetsgallery.de\/de\/wp-json\/wp\/v2\/types\/page"}],"author":[{"embeddable":true,"href":"https:\/\/streetsgallery.de\/de\/wp-json\/wp\/v2\/users\/1"}],"replies":[{"embeddable":true,"href":"https:\/\/streetsgallery.de\/de\/wp-json\/wp\/v2\/comments?post=29"}],"version-history":[{"count":25,"href":"https:\/\/streetsgallery.de\/de\/wp-json\/wp\/v2\/pages\/29\/revisions"}],"predecessor-version":[{"id":1885,"href":"https:\/\/streetsgallery.de\/de\/wp-json\/wp\/v2\/pages\/29\/revisions\/1885"}],"wp:attachment":[{"href":"https:\/\/streetsgallery.de\/de\/wp-json\/wp\/v2\/media?parent=29"}],"curies":[{"name":"wp","href":"https:\/\/api.w.org\/{rel}","templated":true}]}}