{"id":27,"date":"2024-10-22T12:53:20","date_gmt":"2024-10-22T12:53:20","guid":{"rendered":"https:\/\/alnewa.com\/?page_id=27"},"modified":"2025-03-06T10:58:07","modified_gmt":"2025-03-06T10:58:07","slug":"brennstoff","status":"publish","type":"page","link":"https:\/\/streetsgallery.de\/de\/brennstoff\/","title":{"rendered":"Brennstoff"},"content":{"rendered":"<div>\n<p>\n<\/div>\n<h1>\n<p>Defossilisierung von Industrieprozessen via Plasma<\/p>\n<\/h1>\n<div>\n<p>Ein Plasmaprozess, der mithilfe von erneuerbarem Strom CO\u2082-Emissionen in ein Brenngas umwandelt, ohne H\u2082 einzusetzen, reduziert den Einsatz fossiler Brennstoffe erheblich. Ein Plasmaprozess bietet der Zement- &amp; Klinkerproduktion, aber auch anderen w\u00e4rmeintensiven Industrien entscheidende wirtschaftliche und \u00f6kologische Vorteile:<\/p>\n<\/div>\n<p><video src=\"\/wp-content\/uploads\/2024\/11\/Feuer.mov\" poster=\"\"><\/video><\/p>\n<h2>1. Reduktion fossiler CO\u2082-Emissionen &amp; Verbesserung der Klimabilanz<\/h2>\n<div>\n<div>Die Zementindustrie ist eine der gr\u00f6\u00dften CO\u2082-Emittenten weltweit. Rund 8 % der globalen CO\u2082-Emissionen stammen aus der Zement- und Klinkerproduktion. Dabei entstehen CO\u2082-Emissionen aus zwei Hauptquellen:<\/div>\n<ol>\n<li>Prozessbedingte Emissionen (~60 %): Freisetzung von CO\u2082 bei der Kalzinierung des Kalksteins (CaCO\u2083 \u2192 CaO + CO\u2082)<\/li>\n<li>Brennstoffbedingte Emissionen (~40 %): Nutzung fossiler Brennstoffe wie Gas, Erd\u00f6l oder Kohle und alternative Sekund\u00e4rbrennstoffe f\u00fcr die Brenn\u00f6fen (z.B. CH\u2084 \u2192 CO\u2082 + H\u2082O)<\/li>\n<\/ol>\n<\/div>\n<h2>\n<p>2. Einsparung von CO\u2082-Zertifikaten &amp; regulatorische Vorteile<\/p>\n<\/h2>\n<div>\n<ul>\n<li>Aktuell liegt der Preis f\u00fcr CO\u2082-Zertifikate bei 120 CHF\/t CO\u2082 in der Schweiz und 80 \u2013 100 \u20ac\/t CO2 im Europ\u00e4ischen Emissionshandelssystem (EU-ETS) und wird voraussichtlich weiter steigen.<\/li>\n<li>Die CH und EU verfolgen eine Netto-Null-Strategie bis 2050 und schrittweiser Reduzierung der kostenlosen Zertifikate f\u00fcr emissionsintensive Industrien.<\/li>\n<li>Unternehmen mit hohen CO\u2082-Emissionen m\u00fcssen zunehmend Carbon Capture-Strategien entwickeln oder alternative Brennstoffe einsetzen.<\/li>\n<li>Durch die Nutzung eines recyclingbasierten Brennstoffs aus CO\u2082 k\u00f6nnte die Zementindustrie ihre Kosten f\u00fcr CO\u2082-Zertifikate drastisch senken und langfristig CO\u2082-neutrale Prozesse in Bezug auf die Brennstoffe etablieren.<\/li>\n<\/ul>\n<\/div>\n<h2>\n<p>3. Wirtschaftlichkeit &amp; Energieeffizienz<\/p>\n<\/h2>\n<div>\n<ul>\n<li>Der direkte Einsatz eines plasmabasierten CO\/O\u2082-reichen Gemischs vermeidet Umr\u00fcstungen an bestehenden Klinkerbrenn\u00f6fen, was enorme Investitionen einspart.<\/li>\n<li>Bestehende Anlageninfrastrukturen bleiben nutzbar, da der Plasmabrennstoff direkt in konventionellen Brennern eingesetzt werden kann.<\/li>\n<li>H\u2082-basierte Prozesse sind teuer, kompliziert und aufwendig, dabei hat ein CO\/O\u2082 Gemisch mit -283 kJ\/mol in etwa den gleichen Brennwert wie Wasserstoff (H\u2082) mit -285 kJ\/mol<\/li>\n<\/ul>\n<\/div>\n<h2>4. Nachhaltigkeit &amp; Unabh\u00e4ngigkeit von fossilen Brennstoffen<\/h2>\n<div>\n<ul>\n<li>Geopolitische Unsicherheiten und steigende Importkosten f\u00fcr fossile Brennstoffe gef\u00e4hrden die Versorgungssicherheit.<\/li>\n<li>Plasma-basierter Brennstoff erm\u00f6glicht eine lokale, erneuerbare und CO\u2082-neutrale Energiequelle.<\/li>\n<\/ul>\n<\/div>\n<h2>5. Politische Rahmenbedingungen &amp; F\u00f6rderm\u00f6glichkeiten<\/h2>\n<div>\n<ul>\n<li>\u201eGreen Deal\u201c, Netto-Null-Strategie und EU-Taxonomie f\u00fcr nachhaltige Investitionen fordern eine drastische Reduktion von fossilen CO\u2082-Emissionen.<\/li>\n<li>Viele Regierungen unterst\u00fctzen und f\u00f6rdern daher Technologien zur CO\u2082-Vermeidung, dessen Reduktion als auch die Nutzung mittels Subventionen oder steuerlichen Anreizen.<\/li>\n<li>Plasmaverfahren k\u00f6nnten Teil der Carbon Contracts for Difference (CCfD) werden, bei denen Unternehmen f\u00fcr CO\u2082-Reduktionen staatlich kompensiert werden.<\/li>\n<\/ul>\n<\/div>\n<h2>Fazit: Ein Wettbewerbsvorteil durch Plasma<\/h2>\n<div>\n<ul>\n<li>Die Integration eines Plasmaprozesses zur CO\u2082-Umwandlung vermag die fossilen CO\u2082-Emissionen von CO\u2082-intensiven W\u00e4rmeprozessen, wie die der Klinkerproduktion signifikant zu senken.<\/li>\n<li>CO\u2082-Zertifikatskosten um 120 CHF\/t CO\u2082 werden eingespart.<\/li>\n<li>Bestehende Infrastruktur kann weitergenutzt und teure Umbauten vermieden werden (CAPEX).<\/li>\n<li>Unabh\u00e4ngigkeit von fossilen Brennstoffen wird erreicht.<\/li>\n<\/ul>\n<p>Wer fr\u00fchzeitig in diese Technologie investiert, sichert sich fr\u00fchzeitig Wettbewerbsvorteile und positioniert sich als Vorreiter in einer klimaneutralen Baustoffindustrie!<\/p>\n<\/div>\n<p><img decoding=\"async\" src=\"\/wp-content\/uploads\/2024\/10\/circle-soft.svg\" alt=\"\"><br \/>\n<img decoding=\"async\" src=\"\/wp-content\/uploads\/2024\/10\/circle-soft.svg\" alt=\"\"><br \/>\n<img decoding=\"async\" src=\"\/wp-content\/uploads\/2024\/10\/circle-soft.svg\" alt=\"\"><\/p>\n<h2><strong>Sprechen Sie mit uns.<\/strong><\/h2>\n<div>\n<p>Diese Technologie geht neue Wege. Nat\u00fcrlich m\u00f6chten wir die Leistungsf\u00e4higkeit unseres Brennstoffs in der Praxis beweisen und genauer beziffern. Interessieren Sie praktische Anwendungsm\u00f6glichkeiten? Dann lassen Sie uns das ausloten.<\/p>\n<\/div>\n<ul>\n<li>\n        <a href=\"tel:+41448257880\">Telefon<\/a>\n    <\/li>\n<li>\n        <a href=\"mailto:info@alnewa.com\">E-mail<\/a>\n    <\/li>\n<\/ul>\n<div>\n<\/div>\n<p><video src=\"\/wp-content\/uploads\/2024\/11\/Feuer.mov\" poster=\"\"><\/video><\/p>\n<p><!--more--><br \/>\n<!-- {\"type\":\"layout\",\"children\":[{\"type\":\"section\",\"props\":{\"image_position\":\"center-center\",\"padding_remove_top\":true,\"style\":\"default\",\"title_breakpoint\":\"xl\",\"title_position\":\"top-left\",\"title_rotation\":\"left\",\"vertical_align\":\"middle\",\"width\":\"default\",\"width_expand\":\"right\"},\"children\":[{\"type\":\"row\",\"children\":[{\"type\":\"column\",\"props\":{\"image_position\":\"center-center\",\"position_sticky_breakpoint\":\"m\",\"vertical_align\":\"bottom\",\"width_medium\":\"1-3\",\"width_small\":\"1-2\"},\"children\":[{\"type\":\"html\",\"props\":{\"content\":\"<br \/>\"}},{\"type\":\"headline\",\"props\":{\"content\":\"\n\n<p>Defossilisierung von Industrieprozessen via Plasma<\\\/p>\",\"position_left\":\"30\",\"title_element\":\"h1\"}},{\"type\":\"text\",\"props\":{\"column_breakpoint\":\"m\",\"content\":\"\n\n<p>Ein Plasmaprozess, der mithilfe von erneuerbarem Strom CO\\u2082-Emissionen in ein Brenngas umwandelt, ohne H\\u2082 einzusetzen, reduziert den Einsatz fossiler Brennstoffe erheblich. Ein Plasmaprozess bietet der Zement- &amp; Klinkerproduktion, aber auch anderen w\\u00e4rmeintensiven Industrien entscheidende wirtschaftliche und \\u00f6kologische Vorteile:<\\\/p>\",\"margin\":\"default\"}}]},{\"type\":\"column\",\"props\":{\"image_position\":\"center-center\",\"position_sticky_breakpoint\":\"m\",\"width_medium\":\"2-3\",\"width_small\":\"1-2\"},\"children\":[{\"type\":\"video\",\"props\":{\"animation\":\"none\",\"margin\":\"default\",\"parallax_x\":\"180\",\"position\":\"relative\",\"position_left\":\"60\",\"video\":\"wp-content\\\/uploads\\\/2024\\\/11\\\/Feuer.mov\",\"video_autoplay\":\"inview\",\"video_controls\":false,\"video_loop\":false,\"video_muted\":true}}]}],\"props\":{\"layout\":\"1-3,2-3\"}}]},{\"type\":\"section\",\"props\":{\"image_position\":\"center-center\",\"style\":\"default\",\"title_breakpoint\":\"xl\",\"title_position\":\"top-left\",\"title_rotation\":\"left\",\"vertical_align\":\"middle\",\"width\":\"default\"},\"children\":[{\"type\":\"row\",\"props\":{\"layout\":\"1-2,1-2\",\"margin\":\"large\"},\"children\":[{\"type\":\"column\",\"props\":{\"image_position\":\"center-center\",\"position_sticky_breakpoint\":\"m\",\"width_medium\":\"1-2\"},\"children\":[{\"type\":\"headline\",\"props\":{\"content\":\"1. Reduktion fossiler CO\\u2082-Emissionen &amp; Verbesserung der Klimabilanz\",\"margin\":\"large\",\"margin_remove_bottom\":true,\"title_element\":\"h2\"}},{\"type\":\"text\",\"props\":{\"column_breakpoint\":\"m\",\"content\":\"\n\n<div>Die Zementindustrie ist eine der gr\\u00f6\\u00dften CO\\u2082-Emittenten weltweit. Rund 8 % der globalen CO\\u2082-Emissionen stammen aus der Zement- und Klinkerproduktion. Dabei entstehen CO\\u2082-Emissionen aus zwei Hauptquellen:<\\\/div>\\n\n\n<ol>\\n\n\n<li>Prozessbedingte Emissionen (~60 %): Freisetzung von CO\\u2082 bei der Kalzinierung des Kalksteins (CaCO\\u2083 \\u2192 CaO + CO\\u2082)<\\\/li>\\n\n\n<li>Brennstoffbedingte Emissionen (~40 %): Nutzung fossiler Brennstoffe wie Gas, Erd\\u00f6l oder Kohle und alternative Sekund\\u00e4rbrennstoffe f\\u00fcr die Brenn\\u00f6fen (z.B. CH\\u2084 \\u2192 CO\\u2082 + H\\u2082O)<\\\/li>\\n<\\\/ol>\",\"margin\":\"default\"}},{\"type\":\"headline\",\"props\":{\"content\":\"\n\n<p>2. Einsparung von CO\\u2082-Zertifikaten &amp; regulatorische Vorteile<\\\/p>\",\"margin\":\"large\",\"margin_remove_bottom\":true,\"title_element\":\"h2\"}},{\"type\":\"text\",\"props\":{\"column_breakpoint\":\"m\",\"content\":\"\n\n<ul>\\n\n\n<li>Aktuell liegt der Preis f\\u00fcr CO\\u2082-Zertifikate bei 120 CHF\\\/t CO\\u2082 in der Schweiz und 80 \\u2013 100 \\u20ac\\\/t CO2 im Europ\\u00e4ischen Emissionshandelssystem (EU-ETS) und wird voraussichtlich weiter steigen.<\\\/li>\\n\n\n<li>Die CH und EU verfolgen eine Netto-Null-Strategie bis 2050 und schrittweiser Reduzierung der kostenlosen Zertifikate f\\u00fcr emissionsintensive Industrien.<\\\/li>\\n\n\n<li>Unternehmen mit hohen CO\\u2082-Emissionen m\\u00fcssen zunehmend Carbon Capture-Strategien entwickeln oder alternative Brennstoffe einsetzen.<\\\/li>\\n\n\n<li>Durch die Nutzung eines recyclingbasierten Brennstoffs aus CO\\u2082 k\\u00f6nnte die Zementindustrie ihre Kosten f\\u00fcr CO\\u2082-Zertifikate drastisch senken und langfristig CO\\u2082-neutrale Prozesse in Bezug auf die Brennstoffe etablieren.<\\\/li>\\n<\\\/ul>\",\"margin\":\"default\"}},{\"type\":\"headline\",\"props\":{\"content\":\"\n\n<p>3. Wirtschaftlichkeit &amp; Energieeffizienz<\\\/p>\",\"margin\":\"large\",\"margin_remove_bottom\":true,\"title_element\":\"h2\"}},{\"type\":\"text\",\"props\":{\"column_breakpoint\":\"m\",\"content\":\"\n\n<ul>\\n\n\n<li>Der direkte Einsatz eines plasmabasierten CO\\\/O\\u2082-reichen Gemischs vermeidet Umr\\u00fcstungen an bestehenden Klinkerbrenn\\u00f6fen, was enorme Investitionen einspart.<\\\/li>\\n\n\n<li>Bestehende Anlageninfrastrukturen bleiben nutzbar, da der Plasmabrennstoff direkt in konventionellen Brennern eingesetzt werden kann.<\\\/li>\\n\n\n<li>H\\u2082-basierte Prozesse sind teuer, kompliziert und aufwendig, dabei hat ein CO\\\/O\\u2082 Gemisch mit -283 kJ\\\/mol in etwa den gleichen Brennwert wie Wasserstoff (H\\u2082) mit -285 kJ\\\/mol<\\\/li>\\n<\\\/ul>\",\"margin\":\"default\"}},{\"type\":\"headline\",\"props\":{\"content\":\"4. Nachhaltigkeit &amp; Unabh\\u00e4ngigkeit von fossilen Brennstoffen\",\"title_element\":\"h2\"}},{\"type\":\"text\",\"props\":{\"column_breakpoint\":\"m\",\"content\":\"\n\n<ul>\\n\n\n<li>Geopolitische Unsicherheiten und steigende Importkosten f\\u00fcr fossile Brennstoffe gef\\u00e4hrden die Versorgungssicherheit.<\\\/li>\\n\n\n<li>Plasma-basierter Brennstoff erm\\u00f6glicht eine lokale, erneuerbare und CO\\u2082-neutrale Energiequelle.<\\\/li>\\n<\\\/ul>\",\"margin\":\"default\"}},{\"type\":\"headline\",\"props\":{\"content\":\"5. Politische Rahmenbedingungen &amp; F\\u00f6rderm\\u00f6glichkeiten\",\"title_element\":\"h2\"}},{\"type\":\"text\",\"props\":{\"column_breakpoint\":\"m\",\"content\":\"\n\n<ul>\\n\n\n<li>\\u201eGreen Deal\\u201c, Netto-Null-Strategie und EU-Taxonomie f\\u00fcr nachhaltige Investitionen fordern eine drastische Reduktion von fossilen CO\\u2082-Emissionen.<\\\/li>\\n\n\n<li>Viele Regierungen unterst\\u00fctzen und f\\u00f6rdern daher Technologien zur CO\\u2082-Vermeidung, dessen Reduktion als auch die Nutzung mittels Subventionen oder steuerlichen Anreizen.<\\\/li>\\n\n\n<li>Plasmaverfahren k\\u00f6nnten Teil der Carbon Contracts for Difference (CCfD) werden, bei denen Unternehmen f\\u00fcr CO\\u2082-Reduktionen staatlich kompensiert werden.<\\\/li>\\n<\\\/ul>\",\"margin\":\"default\"}},{\"type\":\"headline\",\"props\":{\"content\":\"Fazit: Ein Wettbewerbsvorteil durch Plasma\",\"title_element\":\"h2\"}},{\"type\":\"text\",\"props\":{\"column_breakpoint\":\"m\",\"content\":\"\n\n<ul>\\n\n\n<li>Die Integration eines Plasmaprozesses zur CO\\u2082-Umwandlung vermag die fossilen CO\\u2082-Emissionen von CO\\u2082-intensiven W\\u00e4rmeprozessen, wie die der Klinkerproduktion signifikant zu senken.<\\\/li>\\n\n\n<li>CO\\u2082-Zertifikatskosten um 120 CHF\\\/t CO\\u2082 werden eingespart.<\\\/li>\\n\n\n<li>Bestehende Infrastruktur kann weitergenutzt und teure Umbauten vermieden werden (CAPEX).<\\\/li>\\n\n\n<li>Unabh\\u00e4ngigkeit von fossilen Brennstoffen wird erreicht.<\\\/li>\\n<\\\/ul>\\n\n\n<p>Wer fr\\u00fchzeitig in diese Technologie investiert, sichert sich fr\\u00fchzeitig Wettbewerbsvorteile und positioniert sich als Vorreiter in einer klimaneutralen Baustoffindustrie!<\\\/p>\",\"margin\":\"default\"}}]},{\"type\":\"column\",\"props\":{\"image_position\":\"center-center\",\"position_sticky_breakpoint\":\"m\",\"width_medium\":\"1-2\"},\"children\":[{\"type\":\"image\",\"props\":{\"animation\":\"parallax\",\"image\":\"wp-content\\\/uploads\\\/2024\\\/10\\\/circle-soft.svg\",\"image_svg_color\":\"primary\",\"image_svg_inline\":false,\"image_width\":300,\"margin\":\"default\",\"parallax_y\":\"-290\",\"position_left\":\"-130\",\"text_align\":\"right\",\"visibility\":\"m\"}},{\"type\":\"image\",\"props\":{\"animation\":\"parallax\",\"image\":\"wp-content\\\/uploads\\\/2024\\\/10\\\/circle-soft.svg\",\"image_svg_color\":\"primary\",\"image_svg_inline\":false,\"image_width\":300,\"margin\":\"default\",\"parallax_y\":\"-290\",\"position_left\":\"-130\",\"text_align\":\"right\",\"visibility\":\"m\"}},{\"type\":\"image\",\"props\":{\"animation\":\"parallax\",\"image\":\"wp-content\\\/uploads\\\/2024\\\/10\\\/circle-soft.svg\",\"image_svg_color\":\"primary\",\"image_svg_inline\":false,\"image_width\":300,\"margin\":\"default\",\"parallax_y\":\"-290\",\"position_left\":\"-130\",\"text_align\":\"right\",\"visibility\":\"m\"}}]}]}]},{\"type\":\"section\",\"props\":{\"image_position\":\"center-center\",\"padding_remove_bottom\":true,\"style\":\"default\",\"title_breakpoint\":\"xl\",\"title_position\":\"top-left\",\"title_rotation\":\"left\",\"vertical_align\":\"middle\",\"width\":\"default\"},\"children\":[{\"type\":\"row\",\"children\":[{\"type\":\"column\",\"props\":{\"image_position\":\"center-center\",\"position_sticky_breakpoint\":\"m\",\"width_medium\":\"1-3\"},\"children\":[{\"type\":\"headline\",\"props\":{\"content\":\"<strong>Sprechen Sie mit uns.<\\\/strong>\",\"title_element\":\"h2\",\"title_style\":\"h1\"}},{\"type\":\"text\",\"props\":{\"column_breakpoint\":\"m\",\"content\":\"\n\n<p>Diese Technologie geht neue Wege. Nat\\u00fcrlich m\\u00f6chten wir die Leistungsf\\u00e4higkeit unseres Brennstoffs in der Praxis beweisen und genauer beziffern. Interessieren Sie praktische Anwendungsm\\u00f6glichkeiten? Dann lassen Sie uns das ausloten.<\\\/p>\",\"margin\":\"default\"}},{\"type\":\"button\",\"props\":{\"grid_column_gap\":\"small\",\"grid_row_gap\":\"small\",\"margin\":\"default\"},\"children\":[{\"type\":\"button_item\",\"props\":{\"button_style\":\"default\",\"content\":\"Telefon\",\"icon_align\":\"left\",\"link\":\"tel:+41448257880\"}},{\"type\":\"button_item\",\"props\":{\"button_style\":\"default\",\"content\":\"E-mail\",\"icon_align\":\"left\",\"link\":\"mailto:info@alnewa.com\"}}]},{\"type\":\"html\",\"props\":{\"content\":\"\n\n\"}}]},{\"type\":\"column\",\"props\":{\"image_position\":\"center-center\",\"position_sticky_breakpoint\":\"m\",\"vertical_align\":\"bottom\",\"width_medium\":\"2-3\"},\"children\":[{\"type\":\"video\",\"props\":{\"animation\":\"parallax\",\"margin\":\"default\",\"parallax_x\":\"180\",\"position\":\"relative\",\"position_left\":\"60\",\"video\":\"wp-content\\\/uploads\\\/2024\\\/11\\\/Feuer.mov\",\"video_autoplay\":\"inview\",\"video_controls\":false,\"video_loop\":false,\"video_muted\":true}}]}],\"props\":{\"layout\":\"1-3,2-3\"}}],\"name\":\"CTA\"}],\"version\":\"4.4.10\"} --><\/p>\n","protected":false},"excerpt":{"rendered":"<p>Defossilisierung von Industrieprozessen via Plasma Ein Plasmaprozess, der mithilfe von erneuerbarem Strom CO\u2082-Emissionen in ein Brenngas umwandelt, ohne H\u2082 einzusetzen, reduziert den Einsatz fossiler Brennstoffe erheblich. Ein Plasmaprozess bietet der Zement- &amp; Klinkerproduktion, aber auch anderen w\u00e4rmeintensiven Industrien entscheidende wirtschaftliche und \u00f6kologische Vorteile: 1. Reduktion fossiler CO\u2082-Emissionen &amp; Verbesserung der Klimabilanz Die Zementindustrie ist eine [&hellip;]<\/p>\n","protected":false},"author":1,"featured_media":0,"parent":0,"menu_order":0,"comment_status":"closed","ping_status":"closed","template":"","meta":{"_acf_changed":false,"footnotes":""},"class_list":["post-27","page","type-page","status-publish","hentry"],"acf":[],"_links":{"self":[{"href":"https:\/\/streetsgallery.de\/de\/wp-json\/wp\/v2\/pages\/27","targetHints":{"allow":["GET"]}}],"collection":[{"href":"https:\/\/streetsgallery.de\/de\/wp-json\/wp\/v2\/pages"}],"about":[{"href":"https:\/\/streetsgallery.de\/de\/wp-json\/wp\/v2\/types\/page"}],"author":[{"embeddable":true,"href":"https:\/\/streetsgallery.de\/de\/wp-json\/wp\/v2\/users\/1"}],"replies":[{"embeddable":true,"href":"https:\/\/streetsgallery.de\/de\/wp-json\/wp\/v2\/comments?post=27"}],"version-history":[{"count":10,"href":"https:\/\/streetsgallery.de\/de\/wp-json\/wp\/v2\/pages\/27\/revisions"}],"predecessor-version":[{"id":2137,"href":"https:\/\/streetsgallery.de\/de\/wp-json\/wp\/v2\/pages\/27\/revisions\/2137"}],"wp:attachment":[{"href":"https:\/\/streetsgallery.de\/de\/wp-json\/wp\/v2\/media?parent=27"}],"curies":[{"name":"wp","href":"https:\/\/api.w.org\/{rel}","templated":true}]}}