{"id":25,"date":"2024-10-22T12:53:05","date_gmt":"2024-10-22T12:53:05","guid":{"rendered":"https:\/\/alnewa.com\/?page_id=25"},"modified":"2025-01-21T17:57:57","modified_gmt":"2025-01-21T17:57:57","slug":"co2-upcycling","status":"publish","type":"page","link":"https:\/\/streetsgallery.de\/de\/co2-upcycling\/","title":{"rendered":"CO\u2082 Upcycling"},"content":{"rendered":"<div>\n<p>\n<\/div>\n<h1>\n<p><strong>Wie man mit Plasma<\/strong><br \/><strong>Brennstoff erzeugt<\/strong><\/p>\n<\/h1>\n<div>\n<p>Am Beispiel der Zementproduktion zeigen wir hier, wie mit dem Alnewa-Verfahren der fossile Brennstoff nahezu vollst\u00e4ndig eingespart werden kann. Die bestehenden Brenner k\u00f6nnen dabei weiterverwendet werden.<\/p>\n<\/div>\n<p><video src=\"\/wp-content\/uploads\/2024\/11\/Plasma.mp4\" poster=\"\"><\/video><\/p>\n<h1>\n<p>Die Reaktion bei der Zementproduktion heute<\/p>\n<\/h1>\n<div>\n<p>Der herk\u00f6mmliche Verbrennungsprozess mit fossilem Brennstoff erzeugt sehr viel Kohlendioxid. Das CO\u2082 stammt teilweise aus geogenen Quellen, teilweise aus dem Brennstoff selbst.<\/p>\n<\/div>\n<p><img decoding=\"async\" src=\"\/wp-content\/uploads\/2024\/11\/Klinkerproduktion.svg\" alt=\"\"><\/p>\n<h1>\n<p>Produktion mit C<span>O\u2082 -Upcycling<\/span><\/p>\n<\/h1>\n<div>\n<p>Alnewa setzt ein Plasmafeld in den Abluftstrom. Das Plasma wandelt das C<span>O\u2082<\/span> in ein stabiles, brennbares Gemisch aus CO\u2082 als Inertgas, sowie CO und O\u2082 als Brennstoff.<\/p>\n<\/div>\n<p><img decoding=\"async\" src=\"\/wp-content\/uploads\/2024\/11\/Plasma-Aufspaltung-1.svg\" alt=\"\"><\/p>\n<h1>Die Anlage befeuert sich selbst mit recycelten Abgasen:<\/h1>\n<div>\n<p>Der Prozess wird fortan mit dem recycelten, brennbaren Gemisch betrieben. Als Reaktionsprodukt aus dem Brennstoff entsteht fast nur noch C<span>O\u2082 \u2013 welches wieder zum Brennstoff recycelt wird.<\/span><\/p>\n<p><span>Weil ein gro\u00dfer Teil des CO\u2082 prozessimmanent aus der geogenen Quelle stammt, muss der Wirkungsgrad der Anlage gar nicht extrem hoch sein, um den fossilen Brennstoff zu ersetzen.<\/span><\/p>\n<p><span>Da das entstehende CO\u2082 laufend recycelt wird, m\u00fcssen auf das nicht emittierte CO\u2082 keine Zertifikate erworben werden.\u00a0<br \/><\/span><\/p>\n<\/div>\n<p><img decoding=\"async\" src=\"\/wp-content\/uploads\/2024\/11\/CO2-Recycling.svg\" alt=\"\"><\/p>\n<h1>\n<p>Fossiler Brennstoff wird weitgehend ersetzt.<\/p>\n<\/h1>\n<div>\n<p>In den Prozess muss f\u00fcr die Aufspaltung elektrische Energie investiert werden. Doch diese kommt zu fast 100% als W\u00e4rmeenergie zur\u00fcck.<\/p>\n<\/div>\n<p><img decoding=\"async\" src=\"\/wp-content\/uploads\/2024\/11\/Fazit.png\" alt=\"\"><\/p>\n<h2><strong>Sprechen Sie mit uns.<\/strong><\/h2>\n<div>\n<p>Unsere Technologie geht neue Wege. Der n\u00e4chste Schritt ist der Bau einer Pilotanlage. Vielleicht bei Ihnen?<\/p>\n<\/div>\n<ul>\n<li>\n        <a href=\"tel:+41448257880\">Telefon<\/a>\n    <\/li>\n<li>\n        <a href=\"mailto:info@alnewa.com\">E-mail<\/a>\n    <\/li>\n<\/ul>\n<div>\n<\/div>\n<p><!--more--><br \/>\n<!-- {\"type\":\"layout\",\"children\":[{\"type\":\"section\",\"props\":{\"height_viewport\":60,\"image_position\":\"center-center\",\"padding_remove_top\":true,\"style\":\"default\",\"title_breakpoint\":\"xl\",\"title_position\":\"top-left\",\"title_rotation\":\"left\",\"vertical_align\":\"middle\",\"width\":\"default\"},\"children\":[{\"type\":\"row\",\"children\":[{\"type\":\"column\",\"props\":{\"image_position\":\"center-center\",\"position_sticky_breakpoint\":\"m\",\"width_medium\":\"1-3\"},\"children\":[{\"type\":\"html\",\"props\":{\"content\":\"<br \/>\"}},{\"type\":\"headline\",\"props\":{\"content\":\"\n\n<p><strong>Wie man mit Plasma<\\\/strong><br \\\/><strong>Brennstoff erzeugt<\\\/strong><\\\/p>\",\"title_element\":\"h1\"}},{\"type\":\"text\",\"props\":{\"column_breakpoint\":\"m\",\"content\":\"\n\n<p>Am Beispiel der Zementproduktion zeigen wir hier, wie mit dem Alnewa-Verfahren der fossile Brennstoff nahezu vollst\\u00e4ndig eingespart werden kann. Die bestehenden Brenner k\\u00f6nnen dabei weiterverwendet werden.<\\\/p>\",\"margin\":\"default\"}}]},{\"type\":\"column\",\"props\":{\"image_position\":\"center-center\",\"position_sticky_breakpoint\":\"m\",\"width_medium\":\"2-3\"},\"children\":[{\"type\":\"video\",\"props\":{\"animation\":\"none\",\"margin\":\"default\",\"parallax_x\":\"200\",\"parallax_y\":\"0\",\"position\":\"relative\",\"position_left\":\"70\",\"video\":\"wp-content\\\/uploads\\\/2024\\\/11\\\/Plasma.mp4\",\"video_autoplay\":true,\"video_controls\":false,\"video_muted\":true}}]}],\"props\":{\"layout\":\"1-3,2-3\"}}]},{\"type\":\"section\",\"props\":{\"image_position\":\"center-center\",\"padding\":\"large\",\"style\":\"default\",\"title_breakpoint\":\"xl\",\"title_position\":\"top-left\",\"title_rotation\":\"left\",\"vertical_align\":\"middle\",\"width\":\"default\"},\"children\":[{\"type\":\"row\",\"props\":{\"layout\":\"1-3,2-3\",\"margin\":\"default\"},\"children\":[{\"type\":\"column\",\"props\":{\"image_position\":\"center-center\",\"position_sticky_breakpoint\":\"m\",\"vertical_align\":\"middle\",\"width_medium\":\"1-3\"},\"children\":[{\"type\":\"headline\",\"props\":{\"content\":\"\n\n<p>Die Reaktion bei der Zementproduktion heute<\\\/p>\",\"title_element\":\"h1\",\"title_style\":\"h3\"}},{\"type\":\"text\",\"props\":{\"column_breakpoint\":\"m\",\"content\":\"\n\n<p>Der herk\\u00f6mmliche Verbrennungsprozess mit fossilem Brennstoff erzeugt sehr viel Kohlendioxid. Das CO\\u2082 stammt teilweise aus geogenen Quellen, teilweise aus dem Brennstoff selbst.<\\\/p>\",\"margin\":\"default\"}}]},{\"type\":\"column\",\"props\":{\"image_position\":\"center-center\",\"position_sticky_breakpoint\":\"m\",\"vertical_align\":\"middle\",\"width_medium\":\"2-3\"},\"children\":[{\"type\":\"image\",\"props\":{\"image\":\"wp-content\\\/uploads\\\/2024\\\/11\\\/Klinkerproduktion.svg\",\"image_svg_color\":\"emphasis\",\"margin\":\"default\"}}]}]}]},{\"type\":\"section\",\"props\":{\"image_position\":\"center-center\",\"style\":\"default\",\"title_breakpoint\":\"xl\",\"title_position\":\"top-left\",\"title_rotation\":\"left\",\"vertical_align\":\"middle\",\"width\":\"default\"},\"children\":[{\"type\":\"row\",\"props\":{\"layout\":\"1-3,2-3\",\"margin\":\"large\",\"row_gap\":\"large\"},\"children\":[{\"type\":\"column\",\"props\":{\"image_position\":\"center-center\",\"position_sticky_breakpoint\":\"m\",\"vertical_align\":\"middle\",\"width_medium\":\"1-3\"},\"children\":[{\"type\":\"headline\",\"props\":{\"content\":\"\n\n<p>Produktion mit C<span>O\\u2082 -Upcycling<\\\/span><\\\/p>\",\"title_element\":\"h1\",\"title_style\":\"h3\"}},{\"type\":\"text\",\"props\":{\"column_breakpoint\":\"m\",\"content\":\"\n\n<p>Alnewa setzt ein Plasmafeld in den Abluftstrom. Das Plasma wandelt das C<span>O\\u2082<\\\/span> in ein stabiles, brennbares Gemisch aus CO\\u2082 als Inertgas, sowie CO und O\\u2082 als Brennstoff.<\\\/p>\",\"margin\":\"default\"}}]},{\"type\":\"column\",\"props\":{\"image_position\":\"center-center\",\"position_sticky_breakpoint\":\"m\",\"vertical_align\":\"middle\",\"width_medium\":\"2-3\"},\"children\":[{\"type\":\"image\",\"props\":{\"image\":\"wp-content\\\/uploads\\\/2024\\\/11\\\/Plasma-Aufspaltung-1.svg\",\"image_svg_color\":\"emphasis\",\"margin\":\"default\"}}]}]}]},{\"type\":\"section\",\"props\":{\"image_position\":\"center-center\",\"padding\":\"large\",\"style\":\"default\",\"title_breakpoint\":\"xl\",\"title_position\":\"top-left\",\"title_rotation\":\"left\",\"vertical_align\":\"middle\",\"width\":\"default\"},\"children\":[{\"type\":\"row\",\"props\":{\"layout\":\"1-3,2-3\",\"margin\":\"large\"},\"children\":[{\"type\":\"column\",\"props\":{\"image_position\":\"center-center\",\"position_sticky_breakpoint\":\"m\",\"vertical_align\":\"middle\",\"width_medium\":\"1-3\"},\"children\":[{\"type\":\"headline\",\"props\":{\"content\":\"Die Anlage befeuert sich selbst mit recycelten Abgasen:\",\"title_element\":\"h1\",\"title_style\":\"h3\"}},{\"type\":\"text\",\"props\":{\"column_breakpoint\":\"m\",\"content\":\"\n\n<p>Der Prozess wird fortan mit dem recycelten, brennbaren Gemisch betrieben. Als Reaktionsprodukt aus dem Brennstoff entsteht fast nur noch C<span>O\\u2082 \\u2013 welches wieder zum Brennstoff recycelt wird.<\\\/span><\\\/p>\\n\n\n<p><span>Weil ein gro\\u00dfer Teil des CO\\u2082 prozessimmanent aus der geogenen Quelle stammt, muss der Wirkungsgrad der Anlage gar nicht extrem hoch sein, um den fossilen Brennstoff zu ersetzen.<\\\/span><\\\/p>\\n\n\n<p><span>Da das entstehende CO\\u2082 laufend recycelt wird, m\\u00fcssen auf das nicht emittierte CO\\u2082 keine Zertifikate erworben werden.\\u00a0<br \\\/><\\\/span><\\\/p>\",\"margin\":\"default\"}}]},{\"type\":\"column\",\"props\":{\"image_position\":\"center-center\",\"position_sticky_breakpoint\":\"m\",\"vertical_align\":\"middle\",\"width_medium\":\"2-3\"},\"children\":[{\"type\":\"image\",\"props\":{\"image\":\"wp-content\\\/uploads\\\/2024\\\/11\\\/CO2-Recycling.svg\",\"image_svg_color\":\"emphasis\",\"margin\":\"default\",\"margin_remove_bottom\":false}}]}]}]},{\"type\":\"section\",\"props\":{\"image_position\":\"center-center\",\"style\":\"default\",\"title_breakpoint\":\"xl\",\"title_position\":\"top-left\",\"title_rotation\":\"left\",\"vertical_align\":\"middle\",\"width\":\"default\"},\"children\":[{\"type\":\"row\",\"props\":{\"layout\":\"1-3,2-3\",\"margin\":\"large\",\"row_gap\":\"large\"},\"children\":[{\"type\":\"column\",\"props\":{\"image_position\":\"center-center\",\"position_sticky_breakpoint\":\"m\",\"vertical_align\":\"middle\",\"width_medium\":\"1-3\"},\"children\":[{\"type\":\"headline\",\"props\":{\"content\":\"\n\n<p>Fossiler Brennstoff wird weitgehend ersetzt.<\\\/p>\",\"title_element\":\"h1\",\"title_style\":\"h3\"}},{\"type\":\"text\",\"props\":{\"column_breakpoint\":\"m\",\"content\":\"\n\n<p>In den Prozess muss f\\u00fcr die Aufspaltung elektrische Energie investiert werden. Doch diese kommt zu fast 100% als W\\u00e4rmeenergie zur\\u00fcck.<\\\/p>\",\"margin\":\"default\"}}]},{\"type\":\"column\",\"props\":{\"image_position\":\"center-center\",\"position_sticky_breakpoint\":\"m\",\"vertical_align\":\"middle\",\"width_medium\":\"2-3\"},\"children\":[{\"type\":\"image\",\"props\":{\"image\":\"wp-content\\\/uploads\\\/2024\\\/11\\\/Fazit.png\",\"image_svg_color\":\"emphasis\",\"margin\":\"default\"}}]}]}]},{\"type\":\"section\",\"props\":{\"image_position\":\"center-center\",\"style\":\"default\",\"title_breakpoint\":\"xl\",\"title_position\":\"top-left\",\"title_rotation\":\"left\",\"vertical_align\":\"middle\",\"width\":\"default\"},\"children\":[{\"type\":\"row\",\"children\":[{\"type\":\"column\",\"props\":{\"image_position\":\"center-center\",\"position_sticky_breakpoint\":\"m\",\"width_medium\":\"1-2\"},\"children\":[{\"type\":\"headline\",\"props\":{\"content\":\"<strong>Sprechen Sie mit uns.<\\\/strong>\",\"title_element\":\"h2\",\"title_style\":\"h1\"}},{\"type\":\"text\",\"props\":{\"column_breakpoint\":\"m\",\"content\":\"\n\n<p>Unsere Technologie geht neue Wege. Der n\\u00e4chste Schritt ist der Bau einer Pilotanlage. Vielleicht bei Ihnen?<\\\/p>\",\"margin\":\"default\"}},{\"type\":\"button\",\"props\":{\"grid_column_gap\":\"small\",\"grid_row_gap\":\"small\",\"margin\":\"default\"},\"children\":[{\"type\":\"button_item\",\"props\":{\"button_style\":\"default\",\"content\":\"Telefon\",\"icon_align\":\"left\",\"link\":\"tel:+41448257880\"}},{\"type\":\"button_item\",\"props\":{\"button_style\":\"default\",\"content\":\"E-mail\",\"icon_align\":\"left\",\"link\":\"mailto:info@alnewa.com\"}}]},{\"type\":\"html\",\"props\":{\"content\":\"\n\n\"}}]},{\"type\":\"column\",\"props\":{\"image_position\":\"center-center\",\"position_sticky_breakpoint\":\"m\",\"width_medium\":\"1-2\"}}],\"props\":{\"layout\":\"1-2,1-2\"}}],\"name\":\"CTA\"}],\"version\":\"4.4.10\"} --><\/p>\n","protected":false},"excerpt":{"rendered":"<p>Wie man mit PlasmaBrennstoff erzeugt Am Beispiel der Zementproduktion zeigen wir hier, wie mit dem Alnewa-Verfahren der fossile Brennstoff nahezu vollst\u00e4ndig eingespart werden kann. Die bestehenden Brenner k\u00f6nnen dabei weiterverwendet werden. Die Reaktion bei der Zementproduktion heute Der herk\u00f6mmliche Verbrennungsprozess mit fossilem Brennstoff erzeugt sehr viel Kohlendioxid. Das CO\u2082 stammt teilweise aus geogenen Quellen, teilweise [&hellip;]<\/p>\n","protected":false},"author":1,"featured_media":0,"parent":0,"menu_order":0,"comment_status":"closed","ping_status":"closed","template":"","meta":{"_acf_changed":false,"footnotes":""},"class_list":["post-25","page","type-page","status-publish","hentry"],"acf":[],"_links":{"self":[{"href":"https:\/\/streetsgallery.de\/de\/wp-json\/wp\/v2\/pages\/25","targetHints":{"allow":["GET"]}}],"collection":[{"href":"https:\/\/streetsgallery.de\/de\/wp-json\/wp\/v2\/pages"}],"about":[{"href":"https:\/\/streetsgallery.de\/de\/wp-json\/wp\/v2\/types\/page"}],"author":[{"embeddable":true,"href":"https:\/\/streetsgallery.de\/de\/wp-json\/wp\/v2\/users\/1"}],"replies":[{"embeddable":true,"href":"https:\/\/streetsgallery.de\/de\/wp-json\/wp\/v2\/comments?post=25"}],"version-history":[{"count":35,"href":"https:\/\/streetsgallery.de\/de\/wp-json\/wp\/v2\/pages\/25\/revisions"}],"predecessor-version":[{"id":1943,"href":"https:\/\/streetsgallery.de\/de\/wp-json\/wp\/v2\/pages\/25\/revisions\/1943"}],"wp:attachment":[{"href":"https:\/\/streetsgallery.de\/de\/wp-json\/wp\/v2\/media?parent=25"}],"curies":[{"name":"wp","href":"https:\/\/api.w.org\/{rel}","templated":true}]}}